{"id":479836,"date":"2024-04-10T13:24:43","date_gmt":"2024-04-10T11:24:43","guid":{"rendered":"https:\/\/schuhewiebarfuss.at\/shop\/produkt\/scout-velours\/"},"modified":"2026-04-25T20:44:43","modified_gmt":"2026-04-25T18:44:43","slug":"scout-velours","status":"publish","type":"product","link":"https:\/\/schuhewiebarfuss.at\/shop\/produkt\/scout-velours\/","title":{"rendered":"Scout Velours"},"content":{"rendered":"<p>Sole Runner Scout Velours<\/p>\n<p>Der Mokassin gilt als eines der \u00e4ltesten Schuhmodelle der Menschheit dessen Schaft unter dem Fu\u00df herum gef\u00fchrt und auf der Oberseite per Handnaht wieder zusammengen\u00e4ht wird.\u00a0<br \/>\nBei dem handschuhweichem Oberleder ist durch schonende Verarbeitungsprozesse\u00a0das nat\u00fcrliche Narbenbild des Oberleders erhalten geblieben.<br \/>\nDiese Variante in cognac ist innen nicht gef\u00fcttert, das Obermaterial ist Velours und dadurch ist das Leder noch weicher und anschmiegsamer.<\/p>\n<p>Das Leder, wasserabweisend und atmungsaktiv. Zur Pflege dieses feinen Leders empfehlen handels\u00fcbliches Impr\u00e4gnierspray.<\/p>\n<p>Da ein Fu\u00df im Schuh beim Gehen immer noch etwas nach vorn rutscht, bitte zu der gemessenen Fu\u00dfl\u00e4nge noch ca. 3-5 mm addieren.<\/p>\n<p>Obermaterial:\u00a0Velours Leder, Wasserabweisend<br \/>\nVerschluss:\u00a0Schn\u00fcrsenkel<br \/>\nForm: Normal geschnitten, Weite G<br \/>\nGr\u00f6\u00dfen:\u00a036\u00a0&#8211; 47<br \/>\nGewicht: 185\u00a0gr. Gr\u00f6sse 41<br \/>\nPflege:\u00a0handels\u00fcbliches Impr\u00e4gnierspray, ggf. Cr\u00e9pe B\u00fcrste<br \/>\nLaufsohle:\u00a0ca. 3,5 mm Gummi, Non Marking (nicht abf\u00e4rbend).<br \/>\nErlaubt einen m\u00f6glichst direkten Kontakt zum Boden. Fast wie Gehen auf der eigenen Fu\u00dfsohle.<\/p>\n<p><b>Audio-Beschreibung<\/b><br \/><audio controls src=\"https:\/\/schuhewiebarfuss.at\/shop\/wp-content\/uploads\/lk\/6138_audio.wav\"><br \/>\n                                            Ihr Browser unterst\u00fctzt diese Audio-Ausgabe leider nicht.<br \/>\n                                            <\/ audio ><\/p>\n","protected":false},"excerpt":{"rendered":"<p>Barfu\u00dfschuh Scout Velours Unisex<\/p>\n<p>Der Mokassin gilt als eines der \u00e4ltesten Schuhmodelle der Menschheit. Der Hand gen\u00e4hte Mokassin aus feinem, sehr weichen Veloursleder ist super leicht und sitzt am Fu\u00df wie eine zweite Haut.<\/p>\n<p>Weite: G<br \/>\nModell: Scout Velours<br \/>\nHersteller: Sole Runner<br \/>\nInhalt: 1 Paar<\/p>\n","protected":false},"featured_media":479835,"comment_status":"open","ping_status":"closed","template":"","meta":[],"product_brand":[],"product_cat":[3121],"product_tag":[1371,1798,1362,1368,1373,1374,1375,1376,1377,1378,1379,1380,1381,1449,2449,1450],"class_list":{"0":"post-479836","1":"product","2":"type-product","3":"status-publish","4":"has-post-thumbnail","6":"product_cat-sale","7":"product_tag-farbe-grau","8":"product_tag-farbe-hellbraun","9":"product_tag-groesse-36","10":"product_tag-groesse-37","11":"product_tag-groesse-38","12":"product_tag-groesse-39","13":"product_tag-groesse-40","14":"product_tag-groesse-41","15":"product_tag-groesse-42","16":"product_tag-groesse-43","17":"product_tag-groesse-44","18":"product_tag-groesse-45","19":"product_tag-groesse-46","20":"product_tag-groesse-47","21":"product_tag-marke-sole-runner","22":"product_tag-sale","24":"first","25":"instock","26":"taxable","27":"shipping-taxable","28":"purchasable","29":"product-type-variable"},"_links":{"self":[{"href":"https:\/\/schuhewiebarfuss.at\/shop\/wp-json\/wp\/v2\/product\/479836","targetHints":{"allow":["GET"]}}],"collection":[{"href":"https:\/\/schuhewiebarfuss.at\/shop\/wp-json\/wp\/v2\/product"}],"about":[{"href":"https:\/\/schuhewiebarfuss.at\/shop\/wp-json\/wp\/v2\/types\/product"}],"replies":[{"embeddable":true,"href":"https:\/\/schuhewiebarfuss.at\/shop\/wp-json\/wp\/v2\/comments?post=479836"}],"wp:featuredmedia":[{"embeddable":true,"href":"https:\/\/schuhewiebarfuss.at\/shop\/wp-json\/wp\/v2\/media\/479835"}],"wp:attachment":[{"href":"https:\/\/schuhewiebarfuss.at\/shop\/wp-json\/wp\/v2\/media?parent=479836"}],"wp:term":[{"taxonomy":"product_brand","embeddable":true,"href":"https:\/\/schuhewiebarfuss.at\/shop\/wp-json\/wp\/v2\/product_brand?post=479836"},{"taxonomy":"product_cat","embeddable":true,"href":"https:\/\/schuhewiebarfuss.at\/shop\/wp-json\/wp\/v2\/product_cat?post=479836"},{"taxonomy":"product_tag","embeddable":true,"href":"https:\/\/schuhewiebarfuss.at\/shop\/wp-json\/wp\/v2\/product_tag?post=479836"}],"curies":[{"name":"wp","href":"https:\/\/api.w.org\/{rel}","templated":true}]}}