{"id":479776,"date":"2024-04-10T13:20:44","date_gmt":"2024-04-10T11:20:44","guid":{"rendered":"https:\/\/schuhewiebarfuss.at\/shop\/produkt\/denver-herren\/"},"modified":"2026-02-28T19:32:53","modified_gmt":"2026-02-28T18:32:53","slug":"denver-herren","status":"publish","type":"product","link":"https:\/\/schuhewiebarfuss.at\/shop\/produkt\/denver-herren\/","title":{"rendered":"Denver Herren"},"content":{"rendered":"<p>Denver \u2013 der stylische Highcut f\u00fcr kalte Tage\u00a0<\/p>\n<p>Der Denver Boot ist dein leichter w\u00e4rmender Begleiter an kalten Tagen! Die Innenseite des Schuhs ist aus kuschelweichem, warmen Flanell und die Innensohle ist durch eine Alulage w\u00e4rmereflektierend. Au\u00dfen besteht der Schuh aus vorbehandeltem, wasserabweisenden Canvas. Der Schuh ist \u00fcberraschend leicht; eine Men\u00b4s 9 wiegt nur 340g \u2013 man wird kaum sp\u00fcren, dass man einen Winterschuh tr\u00e4gt. Die f\u00fcr alle Xeros typische Huarache-Strap sichert den Schuh individuell \u00fcber Ferse und Vorfu\u00df und sorgt daf\u00fcr dass du deine Zehen entspannt abrollen kannst.<\/p>\n<p>Weitere Gr\u00fcnde warum du den Denver lieben wirst:<\/p>\n<p><b>Audio-Beschreibung<\/b><br \/><audio controls src=\"https:\/\/schuhewiebarfuss.at\/shop\/wp-content\/uploads\/lk\/5972_audio.wav\"><br \/>\n                                            Ihr Browser unterst\u00fctzt diese Audio-Ausgabe leider nicht.<br \/>\n                                            <\/ audio ><\/p>\n","protected":false},"excerpt":{"rendered":"<p>Obermaterial: Wasserabweisende Leinwand<br \/>\nInnenmaterial: Flanellfutter<br \/>\nInnensohle: Herausnehmbar, Thermo<br \/>\nSohle: FeelTrue\u00ae-Gummisohle mit hoher Traktion und doppeltem Chevron-Profil f\u00fcr Traktion<br \/>\nVerschlussart: Schn\u00fcrschuh <\/p>\n","protected":false},"featured_media":479775,"comment_status":"open","ping_status":"closed","template":"","meta":[],"product_brand":[],"product_cat":[3121],"product_tag":[1544,1408,1375,1376,1377,1378,1379,1380,1381,1449,1452,2446,1450],"class_list":{"0":"post-479776","1":"product","2":"type-product","3":"status-publish","4":"has-post-thumbnail","6":"product_cat-sale","7":"product_tag-farbe-braun","8":"product_tag-farbe-schwarz","9":"product_tag-groesse-40","10":"product_tag-groesse-41","11":"product_tag-groesse-42","12":"product_tag-groesse-43","13":"product_tag-groesse-44","14":"product_tag-groesse-45","15":"product_tag-groesse-46","16":"product_tag-groesse-47","17":"product_tag-groesse-48","18":"product_tag-marke-xero","19":"product_tag-sale","21":"first","22":"instock","23":"sale","24":"taxable","25":"shipping-taxable","26":"purchasable","27":"product-type-variable"},"_links":{"self":[{"href":"https:\/\/schuhewiebarfuss.at\/shop\/wp-json\/wp\/v2\/product\/479776","targetHints":{"allow":["GET"]}}],"collection":[{"href":"https:\/\/schuhewiebarfuss.at\/shop\/wp-json\/wp\/v2\/product"}],"about":[{"href":"https:\/\/schuhewiebarfuss.at\/shop\/wp-json\/wp\/v2\/types\/product"}],"replies":[{"embeddable":true,"href":"https:\/\/schuhewiebarfuss.at\/shop\/wp-json\/wp\/v2\/comments?post=479776"}],"wp:featuredmedia":[{"embeddable":true,"href":"https:\/\/schuhewiebarfuss.at\/shop\/wp-json\/wp\/v2\/media\/479775"}],"wp:attachment":[{"href":"https:\/\/schuhewiebarfuss.at\/shop\/wp-json\/wp\/v2\/media?parent=479776"}],"wp:term":[{"taxonomy":"product_brand","embeddable":true,"href":"https:\/\/schuhewiebarfuss.at\/shop\/wp-json\/wp\/v2\/product_brand?post=479776"},{"taxonomy":"product_cat","embeddable":true,"href":"https:\/\/schuhewiebarfuss.at\/shop\/wp-json\/wp\/v2\/product_cat?post=479776"},{"taxonomy":"product_tag","embeddable":true,"href":"https:\/\/schuhewiebarfuss.at\/shop\/wp-json\/wp\/v2\/product_tag?post=479776"}],"curies":[{"name":"wp","href":"https:\/\/api.w.org\/{rel}","templated":true}]}}