{"id":479581,"date":"2024-04-10T13:03:12","date_gmt":"2024-04-10T11:03:12","guid":{"rendered":"https:\/\/schuhewiebarfuss.at\/shop\/produkt\/forza-runner-damen\/"},"modified":"2026-03-10T19:36:37","modified_gmt":"2026-03-10T18:36:37","slug":"forza-runner-damen","status":"publish","type":"product","link":"https:\/\/schuhewiebarfuss.at\/shop\/produkt\/forza-runner-damen\/","title":{"rendered":"Forza Runner Damen"},"content":{"rendered":"<p>Der Stra\u00dfenlauf ist jetzt noch leichter. Wir haben unseren meistverkauften Stra\u00dfenlaufschuh, den HFS hergenommen, das Gewicht reduziert und ein socken\u00e4hnliches, atmungsaktives Mesh-Obermaterial hinzugef\u00fcgt, das sich wie eine Einheit mit deinem Fu\u00df anf\u00fchlt. Nat\u00fcrlich wissen wir, dass Sie Ihren eleganten Stil auch gerne zur Schau stellen, wenn Sie nicht gerade laufen.<\/p>\n<p>Der Forza Runner mag sich schmal anf\u00fchlen, aber er wird sich einlaufen und ausdehnen. Wenn Sie also denken, dass Sie einen WIRKLICH breiten Fu\u00df haben, k\u00f6nnte der Forza Runner nicht f\u00fcr Sie geeignet sein.<\/p>\n<p>Schutz? Oder Barfu\u00dfgef\u00fchl? Mit der herausnehmbaren 3,5-mm-Einlegesohle k\u00f6nnen Sie w\u00e4hlen, was Sie wollen. Lassen Sie sie f\u00fcr zus\u00e4tzlichen Schutz drin oder nehmen Sie sie heraus f\u00fcr ein optimales Bodengef\u00fchl. Genie\u00dfen Sie mit dem von Reifen inspirierten Profildesign eine hervorragende Traktion auf der Stra\u00dfe. Wie bei allen anderen Schuhen, die wir herstellen, gilt auch f\u00fcr unsere FeelTrue\u00ae-Gummisohlen unsere 5.000-Meilen-Sohlengarantie. <\/p>\n<p>Wenn sich Ihre F\u00fc\u00dfe am Ende des Tages nicht mehr so gut anf\u00fchlen wie am Anfang, haben Sie die Forza Runner noch nicht ausprobiert.<\/p>\n<p>Lebensver\u00e4ndernder Komfort und \u00fcberragende Leistung entstehen, wenn Sie Ihren F\u00fc\u00dfen erlauben, das zu tun, was nat\u00fcrlich ist &#8211; sich beugen, bewegen, biegen und sp\u00fcren.<\/p>\n<p>Alle Xero Shoes verf\u00fcgen \u00fcber eine breitere, fu\u00dff\u00f6rmige Zehenbox, in der sich die Zehen spreizen und entspannen k\u00f6nnen, einen nicht erh\u00f6hten &#8222;Zero-Drop&#8220;-Absatz f\u00fcr eine korrekte K\u00f6rperhaltung, ein bodennahes Design f\u00fcr bessere Balance und Beweglichkeit und eine flexible Sohle, die Ihnen die Kombination aus Grip, Schutz und Bodengef\u00fchl bietet, die Ihr Gehirn ben\u00f6tigt, um Sie zu unterst\u00fctzen. Live Life Feet First.<\/p>\n<p><b>Audio-Beschreibung<\/b><br \/><audio controls src=\"https:\/\/schuhewiebarfuss.at\/shop\/wp-content\/uploads\/lk\/5974_audio.wav\"><br \/>\n                                            Ihr Browser unterst\u00fctzt diese Audio-Ausgabe leider nicht.<br \/>\n                                            <\/ audio ><\/p>\n","protected":false},"excerpt":{"rendered":"<p>Barfu\u00df Laufschuhe und Freizeitschuhe f\u00fcr Herren. Lesen Sie hier, was Barfu\u00dfschuhe sind<br \/>\nDas Futter des Schuhs ist luftig und leitet Feuchtigkeit vom Fu\u00df weg<br \/>\nLuftiges Mesh-Textil, nahtloses Design, leichte und flexible Sohle<br \/>\nHerausnehmbare 3,5 mm Einlegesohle<br \/>\nVegan-freundlich<br \/>\nGeeignet f\u00fcr schmale bis mittelbreite, kurze und auch gr\u00f6\u00dfere F\u00fc\u00dfe<br \/>\nIn China hergestellt<\/p>\n","protected":false},"featured_media":479580,"comment_status":"open","ping_status":"closed","template":"","meta":[],"product_brand":[],"product_cat":[3121],"product_tag":[1479,2629,1408,1651,1362,1368,1373,1374,1375,1376,1377,2446,1450],"class_list":{"0":"post-479581","1":"product","2":"type-product","3":"status-publish","4":"has-post-thumbnail","6":"product_cat-sale","7":"product_tag-farbe-blau","8":"product_tag-farbe-lila","9":"product_tag-farbe-schwarz","10":"product_tag-farbe-weiss","11":"product_tag-groesse-36","12":"product_tag-groesse-37","13":"product_tag-groesse-38","14":"product_tag-groesse-39","15":"product_tag-groesse-40","16":"product_tag-groesse-41","17":"product_tag-groesse-42","18":"product_tag-marke-xero","19":"product_tag-sale","21":"first","22":"instock","23":"taxable","24":"shipping-taxable","25":"purchasable","26":"product-type-variable"},"_links":{"self":[{"href":"https:\/\/schuhewiebarfuss.at\/shop\/wp-json\/wp\/v2\/product\/479581","targetHints":{"allow":["GET"]}}],"collection":[{"href":"https:\/\/schuhewiebarfuss.at\/shop\/wp-json\/wp\/v2\/product"}],"about":[{"href":"https:\/\/schuhewiebarfuss.at\/shop\/wp-json\/wp\/v2\/types\/product"}],"replies":[{"embeddable":true,"href":"https:\/\/schuhewiebarfuss.at\/shop\/wp-json\/wp\/v2\/comments?post=479581"}],"wp:featuredmedia":[{"embeddable":true,"href":"https:\/\/schuhewiebarfuss.at\/shop\/wp-json\/wp\/v2\/media\/479580"}],"wp:attachment":[{"href":"https:\/\/schuhewiebarfuss.at\/shop\/wp-json\/wp\/v2\/media?parent=479581"}],"wp:term":[{"taxonomy":"product_brand","embeddable":true,"href":"https:\/\/schuhewiebarfuss.at\/shop\/wp-json\/wp\/v2\/product_brand?post=479581"},{"taxonomy":"product_cat","embeddable":true,"href":"https:\/\/schuhewiebarfuss.at\/shop\/wp-json\/wp\/v2\/product_cat?post=479581"},{"taxonomy":"product_tag","embeddable":true,"href":"https:\/\/schuhewiebarfuss.at\/shop\/wp-json\/wp\/v2\/product_tag?post=479581"}],"curies":[{"name":"wp","href":"https:\/\/api.w.org\/{rel}","templated":true}]}}