{"id":479400,"date":"2024-04-10T11:10:51","date_gmt":"2024-04-10T09:10:51","guid":{"rendered":"https:\/\/schuhewiebarfuss.at\/shop\/produkt\/fulham-kinder-leder-schwarz\/"},"modified":"2026-02-28T18:02:53","modified_gmt":"2026-02-28T17:02:53","slug":"fulham-kinder-leder-schwarz","status":"publish","type":"product","link":"https:\/\/schuhewiebarfuss.at\/shop\/produkt\/fulham-kinder-leder-schwarz\/","title":{"rendered":"Fulham Kinder Leder Schwarz"},"content":{"rendered":"<p>Ein klassischer Chelsea Boot f\u00fcr kleine Barfu\u00dffreunde! Der Fulham Kids besteht aus hochwertigem Pittards Wild Hide Leder mit elastischem Gummizug an den Seiten. So k\u00f6nnen auch die Kleinen den Fulham einfach an- und wieder ausziehen. Der Fulham Kids ist perfekt f\u00fcr den Herbst- und Winteralltag in der Stadt &#8211; ob in der Schule, beim Spaziergang oder auf dem Spielplatz. So bleiben die F\u00fc\u00dfe warm: Barfu\u00dfschuhe bieten Bewegungsfreiheit und guten Bodenkontakt: Dadurch kann die Fu\u00dfmuskulatur ideal arbeiten, die Durchblutung wird angeregt und die F\u00fc\u00dfe f\u00fchlen sich warm an. Der Fulham Kids ist zus\u00e4tzlich mit einer herausnehmbaren Einlegesohle mit thermoregulierender Outlast-Technologie ausgestattet.<\/p>\n<p>WICHTIGER HINWEIS ZUM LEDER!!!<br \/>\nDas hochwertige Leder des britischen Traditionsunternehmens Pittards hat eine besondere Struktur und stammt aus Afrika. Das Leder wird mit pflanzlichen Mitteln gegerbt und m\u00f6glichst in seiner nat\u00fcrlichen Form und Textur erhalten. Au\u00dferdem zeichnet es sich durch seine robuste Struktur aus. Da es sich hierbei um nat\u00fcrliches Leder von wilden Tieren handelt, ist jedes Paar ein Unikat. Somit kann es sein, das einzelne Schuhe Narben, Kratzer oder kleine Flecken aufweisen.<\/p>\n<p><b>Audio-Beschreibung<\/b><br \/><audio controls src=\"https:\/\/schuhewiebarfuss.at\/shop\/wp-content\/uploads\/lk\/5086_audio.wav\"><br \/>\n                                            Ihr Browser unterst\u00fctzt diese Audio-Ausgabe leider nicht.<br \/>\n                                            <\/ audio ><\/p>\n","protected":false},"excerpt":{"rendered":"<p>Obermaterial: Pittards Wild Hide Leder<br \/>\nWinterfest und wasserabweisend<br \/>\nFutter: Fell-Imitat<br \/>\nPatentierte 4mm Kinder-Barfu\u00dfau\u00dfensohle mit Profil<br \/>\nPro 5: durchstichfeste Sohlentechnologie<br \/>\nHerausnehmbare 3,5mm-Thermo-Einlegesohle mit Outlast-Technologie<\/p>\n","protected":false},"featured_media":479399,"comment_status":"open","ping_status":"closed","template":"","meta":[],"product_brand":[],"product_cat":[3121],"product_tag":[1385,1390,1391,1392,1393,1394,1395,1396,1397,1398,1399,1400,1401,1402,1403,2451,1450],"class_list":{"0":"post-479400","1":"product","2":"type-product","3":"status-publish","4":"has-post-thumbnail","6":"product_cat-sale","7":"product_tag-groesse-20","8":"product_tag-groesse-21","9":"product_tag-groesse-22","10":"product_tag-groesse-23","11":"product_tag-groesse-24","12":"product_tag-groesse-25","13":"product_tag-groesse-26","14":"product_tag-groesse-27","15":"product_tag-groesse-28","16":"product_tag-groesse-29","17":"product_tag-groesse-30","18":"product_tag-groesse-31","19":"product_tag-groesse-32","20":"product_tag-groesse-33","21":"product_tag-groesse-34","22":"product_tag-marke-vivobarefoot","23":"product_tag-sale","25":"first","26":"instock","27":"sale","28":"taxable","29":"shipping-taxable","30":"purchasable","31":"product-type-variable"},"_links":{"self":[{"href":"https:\/\/schuhewiebarfuss.at\/shop\/wp-json\/wp\/v2\/product\/479400","targetHints":{"allow":["GET"]}}],"collection":[{"href":"https:\/\/schuhewiebarfuss.at\/shop\/wp-json\/wp\/v2\/product"}],"about":[{"href":"https:\/\/schuhewiebarfuss.at\/shop\/wp-json\/wp\/v2\/types\/product"}],"replies":[{"embeddable":true,"href":"https:\/\/schuhewiebarfuss.at\/shop\/wp-json\/wp\/v2\/comments?post=479400"}],"wp:featuredmedia":[{"embeddable":true,"href":"https:\/\/schuhewiebarfuss.at\/shop\/wp-json\/wp\/v2\/media\/479399"}],"wp:attachment":[{"href":"https:\/\/schuhewiebarfuss.at\/shop\/wp-json\/wp\/v2\/media?parent=479400"}],"wp:term":[{"taxonomy":"product_brand","embeddable":true,"href":"https:\/\/schuhewiebarfuss.at\/shop\/wp-json\/wp\/v2\/product_brand?post=479400"},{"taxonomy":"product_cat","embeddable":true,"href":"https:\/\/schuhewiebarfuss.at\/shop\/wp-json\/wp\/v2\/product_cat?post=479400"},{"taxonomy":"product_tag","embeddable":true,"href":"https:\/\/schuhewiebarfuss.at\/shop\/wp-json\/wp\/v2\/product_tag?post=479400"}],"curies":[{"name":"wp","href":"https:\/\/api.w.org\/{rel}","templated":true}]}}