{"id":478980,"date":"2024-04-10T10:41:46","date_gmt":"2024-04-10T08:41:46","guid":{"rendered":"https:\/\/schuhewiebarfuss.at\/shop\/produkt\/denim-grau-schwarz\/"},"modified":"2026-02-28T18:29:59","modified_gmt":"2026-02-28T17:29:59","slug":"denim-grau-schwarz","status":"publish","type":"product","link":"https:\/\/schuhewiebarfuss.at\/shop\/produkt\/denim-grau-schwarz\/","title":{"rendered":"Denim Grau\/Schwarz"},"content":{"rendered":"<p>\u201eleguano denim graphit\u201c &#8211; der Schn\u00fcrschuh eleganter-Optik<\/p>\n<p>Er bietet viel Fu\u00dffreiheit, ist ultrabequem und praktisch das ganze Jahr \u00fcber tragbar. Obenrum sorgt Das Textilgewebe f\u00fcr angenehmen Tragekomfort, die leguano-typische Sohle erm\u00f6glicht ein federleichtes GEHf\u00fchl auf jedem Terrain. Der leguano denim ist f\u00fcr Freizeit- und Outdooraktivit\u00e4ten genauso geeignet wie f\u00fcr verschiedene Hallensportarten.<\/p>\n<p><b>Audio-Beschreibung<\/b><br \/><audio controls src=\"https:\/\/schuhewiebarfuss.at\/shop\/wp-content\/uploads\/lk\/5247_audio.wav\"><br \/>\n                                            Ihr Browser unterst\u00fctzt diese Audio-Ausgabe leider nicht.<br \/>\n                                            <\/ audio ><\/p>\n","protected":false},"excerpt":{"rendered":"<p>Au\u00dfenmaterial: 62 % Baumwolle, 38 % Polyester<br \/>\nInnenmaterial: 90 % Polyester 10 % Elasthan<br \/>\nInnensohle: 65% Polyamid, 35 % Polyester<br \/>\nTr\u00e4germaterial der Innensohle: 100% Baumwolle<br \/>\nSohle: 100% LIFOLIT\u00ae<\/p>\n","protected":false},"featured_media":478979,"comment_status":"open","ping_status":"closed","template":"","meta":[],"product_brand":[],"product_cat":[3121],"product_tag":[1362,1368,1373,1374,1375,1376,1377,1378,1379,1380,1381,1449,2465,1450],"class_list":{"0":"post-478980","1":"product","2":"type-product","3":"status-publish","4":"has-post-thumbnail","6":"product_cat-sale","7":"product_tag-groesse-36","8":"product_tag-groesse-37","9":"product_tag-groesse-38","10":"product_tag-groesse-39","11":"product_tag-groesse-40","12":"product_tag-groesse-41","13":"product_tag-groesse-42","14":"product_tag-groesse-43","15":"product_tag-groesse-44","16":"product_tag-groesse-45","17":"product_tag-groesse-46","18":"product_tag-groesse-47","19":"product_tag-marke-leguano","20":"product_tag-sale","22":"first","23":"instock","24":"taxable","25":"shipping-taxable","26":"purchasable","27":"product-type-variable"},"_links":{"self":[{"href":"https:\/\/schuhewiebarfuss.at\/shop\/wp-json\/wp\/v2\/product\/478980","targetHints":{"allow":["GET"]}}],"collection":[{"href":"https:\/\/schuhewiebarfuss.at\/shop\/wp-json\/wp\/v2\/product"}],"about":[{"href":"https:\/\/schuhewiebarfuss.at\/shop\/wp-json\/wp\/v2\/types\/product"}],"replies":[{"embeddable":true,"href":"https:\/\/schuhewiebarfuss.at\/shop\/wp-json\/wp\/v2\/comments?post=478980"}],"wp:featuredmedia":[{"embeddable":true,"href":"https:\/\/schuhewiebarfuss.at\/shop\/wp-json\/wp\/v2\/media\/478979"}],"wp:attachment":[{"href":"https:\/\/schuhewiebarfuss.at\/shop\/wp-json\/wp\/v2\/media?parent=478980"}],"wp:term":[{"taxonomy":"product_brand","embeddable":true,"href":"https:\/\/schuhewiebarfuss.at\/shop\/wp-json\/wp\/v2\/product_brand?post=478980"},{"taxonomy":"product_cat","embeddable":true,"href":"https:\/\/schuhewiebarfuss.at\/shop\/wp-json\/wp\/v2\/product_cat?post=478980"},{"taxonomy":"product_tag","embeddable":true,"href":"https:\/\/schuhewiebarfuss.at\/shop\/wp-json\/wp\/v2\/product_tag?post=478980"}],"curies":[{"name":"wp","href":"https:\/\/api.w.org\/{rel}","templated":true}]}}