{"id":478968,"date":"2024-04-10T10:40:42","date_gmt":"2024-04-10T08:40:42","guid":{"rendered":"https:\/\/schuhewiebarfuss.at\/shop\/produkt\/mito-2-schwarz\/"},"modified":"2026-02-28T18:15:14","modified_gmt":"2026-02-28T17:15:14","slug":"mito-2-schwarz","status":"publish","type":"product","link":"https:\/\/schuhewiebarfuss.at\/shop\/produkt\/mito-2-schwarz\/","title":{"rendered":"Mito 2 Schwarz"},"content":{"rendered":"<p>Handschuhweiches Oberleder ist auf nat\u00fcrlichem Wege softig weich gearbeitet.<br \/>\nDas Leder des &#8222;etwas feineren&#8220; Sole Runner Schuhs ist wasserabweisend und atmungsaktive vorbehandelt.<br \/>\nDie breite des Schuhs entspricht der Weite der Sport Line. Das softig weiche Leder gibt angenehm nach.<br \/>\nDer Schuh ist vorn breit geschnitten, so dass die Zehen optimale Bewegungsfreiheit haben.<br \/>\nDie Laufsohle ist ca. 2,5 mm d\u00fcnn, erlaubt somit fast direkten Kontakt zum Boden und erm\u00f6glicht so ein gesch\u00fctztes barfu\u00df laufen fast wie auf der eigenen Fu\u00dfsohle.<\/p>\n<p><b>Audio-Beschreibung<\/b><br \/><audio controls src=\"https:\/\/schuhewiebarfuss.at\/shop\/wp-content\/uploads\/lk\/5124_audio.wav\"><br \/>\n                                            Ihr Browser unterst\u00fctzt diese Audio-Ausgabe leider nicht.<br \/>\n                                            <\/ audio ><\/p>\n","protected":false},"excerpt":{"rendered":"<p>Obermaterial: Leder<br \/>\nInnen: Stoff<br \/>\nGr\u00f6\u00dfen: 36 \u2013 47<br \/>\nForm: weit<br \/>\nGewicht: ca. 155gr.<br \/>\nLaufsohle: Gummi, Non Marking (nicht abf\u00e4rbend)<\/p>\n","protected":false},"featured_media":478967,"comment_status":"open","ping_status":"closed","template":"","meta":[],"product_brand":[],"product_cat":[3121],"product_tag":[1362,1368,1373,1374,1375,1376,1377,1378,1379,1380,1381,1449,2449,1450],"class_list":{"0":"post-478968","1":"product","2":"type-product","3":"status-publish","4":"has-post-thumbnail","6":"product_cat-sale","7":"product_tag-groesse-36","8":"product_tag-groesse-37","9":"product_tag-groesse-38","10":"product_tag-groesse-39","11":"product_tag-groesse-40","12":"product_tag-groesse-41","13":"product_tag-groesse-42","14":"product_tag-groesse-43","15":"product_tag-groesse-44","16":"product_tag-groesse-45","17":"product_tag-groesse-46","18":"product_tag-groesse-47","19":"product_tag-marke-sole-runner","20":"product_tag-sale","22":"first","23":"instock","24":"taxable","25":"shipping-taxable","26":"purchasable","27":"product-type-variable"},"_links":{"self":[{"href":"https:\/\/schuhewiebarfuss.at\/shop\/wp-json\/wp\/v2\/product\/478968","targetHints":{"allow":["GET"]}}],"collection":[{"href":"https:\/\/schuhewiebarfuss.at\/shop\/wp-json\/wp\/v2\/product"}],"about":[{"href":"https:\/\/schuhewiebarfuss.at\/shop\/wp-json\/wp\/v2\/types\/product"}],"replies":[{"embeddable":true,"href":"https:\/\/schuhewiebarfuss.at\/shop\/wp-json\/wp\/v2\/comments?post=478968"}],"wp:featuredmedia":[{"embeddable":true,"href":"https:\/\/schuhewiebarfuss.at\/shop\/wp-json\/wp\/v2\/media\/478967"}],"wp:attachment":[{"href":"https:\/\/schuhewiebarfuss.at\/shop\/wp-json\/wp\/v2\/media?parent=478968"}],"wp:term":[{"taxonomy":"product_brand","embeddable":true,"href":"https:\/\/schuhewiebarfuss.at\/shop\/wp-json\/wp\/v2\/product_brand?post=478968"},{"taxonomy":"product_cat","embeddable":true,"href":"https:\/\/schuhewiebarfuss.at\/shop\/wp-json\/wp\/v2\/product_cat?post=478968"},{"taxonomy":"product_tag","embeddable":true,"href":"https:\/\/schuhewiebarfuss.at\/shop\/wp-json\/wp\/v2\/product_tag?post=478968"}],"curies":[{"name":"wp","href":"https:\/\/api.w.org\/{rel}","templated":true}]}}