{"id":478910,"date":"2024-04-10T10:34:43","date_gmt":"2024-04-10T08:34:43","guid":{"rendered":"https:\/\/schuhewiebarfuss.at\/shop\/produkt\/trail-glove-5-herren-schwarz\/"},"modified":"2026-02-28T18:53:01","modified_gmt":"2026-02-28T17:53:01","slug":"trail-glove-5-herren-schwarz","status":"publish","type":"product","link":"https:\/\/schuhewiebarfuss.at\/shop\/produkt\/trail-glove-5-herren-schwarz\/","title":{"rendered":"Trail Glove 5 Herren Schwarz"},"content":{"rendered":"<p>Dieser Trainingsschuh ist auf die Bewegung abgestimmt, um die nat\u00fcrliche Funktion des Fu\u00dfes zur Stabilisierung des K\u00f6rpers bei abrupten Bewegungen zu verbessern.<br \/>\nDie Merrell Barefoot 2-Konstruktion verbessert die Eigenempfindung und Stabilit\u00e4t bei wechselhaften Bewegungen. <\/p>\n<p><b>Audio-Beschreibung<\/b><br \/><audio controls src=\"https:\/\/schuhewiebarfuss.at\/shop\/wp-content\/uploads\/lk\/5681_audio.wav\"><br \/>\n                                            Ihr Browser unterst\u00fctzt diese Audio-Ausgabe leider nicht.<br \/>\n                                            <\/ audio ><\/p>\n","protected":false},"excerpt":{"rendered":"<p>\u2022 Obermaterial aus Mesh und TPU<br \/>\n\u2022 Traditionelles Schn\u00fcrsystem<br \/>\n\u2022 Hyperlock\u2122 TPU-Fersenkappe f\u00fcr mehr Sicherheit<br \/>\n\u2022 Antimikrobielle M Select\u2122 FRESH-Behandlung zur Geruchsreduzierung<br \/>\n\u2022 Atmungsaktives Meshfutter<br \/>\n\u2022 Integrierte Innensohle<br \/>\n\u2022 TrailProtect\u2122 Rock-Plate sch\u00fctzt davor, dass Schmutz unter die Fu\u00dfsohle gelangt<br \/>\n\u2022 Vibram\u00ae TC5+<br \/>\n\u2022F\u00fcr Veganer geeignet <\/p>\n","protected":false},"featured_media":478909,"comment_status":"open","ping_status":"closed","template":"","meta":[],"product_brand":[],"product_cat":[3121],"product_tag":[1375,1376,1377,1378,1379,1380,1381,1448,1449,2468,1450],"class_list":{"0":"post-478910","1":"product","2":"type-product","3":"status-publish","4":"has-post-thumbnail","6":"product_cat-sale","7":"product_tag-groesse-40","8":"product_tag-groesse-41","9":"product_tag-groesse-42","10":"product_tag-groesse-43","11":"product_tag-groesse-44","12":"product_tag-groesse-45","13":"product_tag-groesse-46","14":"product_tag-groesse-46-5","15":"product_tag-groesse-47","16":"product_tag-marke-merrell","17":"product_tag-sale","19":"first","20":"instock","21":"taxable","22":"shipping-taxable","23":"purchasable","24":"product-type-variable"},"_links":{"self":[{"href":"https:\/\/schuhewiebarfuss.at\/shop\/wp-json\/wp\/v2\/product\/478910","targetHints":{"allow":["GET"]}}],"collection":[{"href":"https:\/\/schuhewiebarfuss.at\/shop\/wp-json\/wp\/v2\/product"}],"about":[{"href":"https:\/\/schuhewiebarfuss.at\/shop\/wp-json\/wp\/v2\/types\/product"}],"replies":[{"embeddable":true,"href":"https:\/\/schuhewiebarfuss.at\/shop\/wp-json\/wp\/v2\/comments?post=478910"}],"wp:featuredmedia":[{"embeddable":true,"href":"https:\/\/schuhewiebarfuss.at\/shop\/wp-json\/wp\/v2\/media\/478909"}],"wp:attachment":[{"href":"https:\/\/schuhewiebarfuss.at\/shop\/wp-json\/wp\/v2\/media?parent=478910"}],"wp:term":[{"taxonomy":"product_brand","embeddable":true,"href":"https:\/\/schuhewiebarfuss.at\/shop\/wp-json\/wp\/v2\/product_brand?post=478910"},{"taxonomy":"product_cat","embeddable":true,"href":"https:\/\/schuhewiebarfuss.at\/shop\/wp-json\/wp\/v2\/product_cat?post=478910"},{"taxonomy":"product_tag","embeddable":true,"href":"https:\/\/schuhewiebarfuss.at\/shop\/wp-json\/wp\/v2\/product_tag?post=478910"}],"curies":[{"name":"wp","href":"https:\/\/api.w.org\/{rel}","templated":true}]}}