{"id":478889,"date":"2024-04-10T10:33:45","date_gmt":"2024-04-10T08:33:45","guid":{"rendered":"https:\/\/schuhewiebarfuss.at\/shop\/produkt\/primus-lite-ii-r-herren\/"},"modified":"2026-03-01T07:12:34","modified_gmt":"2026-03-01T06:12:34","slug":"primus-lite-ii-r-herren","status":"publish","type":"product","link":"https:\/\/schuhewiebarfuss.at\/shop\/produkt\/primus-lite-ii-r-herren\/","title":{"rendered":"Primus Lite II R Herren"},"content":{"rendered":"<p>Weniger Schuh und weniger Gewicht bedeutet mehr Freiheit, beides vereint in unserem PRIMUS LITE.<\/p>\n<p>Der Primus LITE besticht durch sein d\u00fcnnes, veganes, atmungsaktives Obermaterial aus recycelten PET Flaschen und schmiegt sich perfekt dem Fu\u00df an. Unsere patentierte, durchsto\u00dffeste 3mm Sohle gibt maximales Barfu\u00dfgef\u00fchl bei gleichzeitigem Schutz der F\u00fc\u00dfe. Somit ist dieser Minimal-Schuh so nah am echten Barfu\u00dflaufen, wie es noch keiner unserer Schuhe vermitteln konnte.<\/p>\n<p>Sp\u00fcre die Stra\u00dfe und verbessere deine Lauftechnik oder genie\u00dfe das Barfu\u00dfgef\u00fchl beim Workout oder einfach beim Spazieren.<\/p>\n<p><b>Audio-Beschreibung<\/b><br \/><audio controls src=\"https:\/\/schuhewiebarfuss.at\/shop\/wp-content\/uploads\/lk\/6180_audio.wav\"><br \/>\n                                            Ihr Browser unterst\u00fctzt diese Audio-Ausgabe leider nicht.<br \/>\n                                            <\/ audio ><\/p>\n","protected":false},"excerpt":{"rendered":"<p>Obermaterial: Atmungsaktives- Mesh Gewebe aus recycelten PET Flaschen, ECO Rubber Einsatz an der Innenseite<br \/>\nPatentierte PRO5, 3mm dick, durchsto\u00dffest<br \/>\nInnenmaterial: Robustes, Temperatur regulierendes Mesh<br \/>\nEntfernbare 3mm Performance Insole<br \/>\nSchn\u00fcrschuh<br \/>\n100%\u00a0Vegan<\/p>\n","protected":false},"featured_media":478888,"comment_status":"open","ping_status":"closed","template":"","meta":[],"product_brand":[],"product_cat":[3121],"product_tag":[1408,1651,1375,1376,1377,1378,1379,1380,1381,1449,2451,1450],"class_list":{"0":"post-478889","1":"product","2":"type-product","3":"status-publish","4":"has-post-thumbnail","6":"product_cat-sale","7":"product_tag-farbe-schwarz","8":"product_tag-farbe-weiss","9":"product_tag-groesse-40","10":"product_tag-groesse-41","11":"product_tag-groesse-42","12":"product_tag-groesse-43","13":"product_tag-groesse-44","14":"product_tag-groesse-45","15":"product_tag-groesse-46","16":"product_tag-groesse-47","17":"product_tag-marke-vivobarefoot","18":"product_tag-sale","20":"first","21":"instock","22":"taxable","23":"shipping-taxable","24":"purchasable","25":"product-type-variable"},"_links":{"self":[{"href":"https:\/\/schuhewiebarfuss.at\/shop\/wp-json\/wp\/v2\/product\/478889","targetHints":{"allow":["GET"]}}],"collection":[{"href":"https:\/\/schuhewiebarfuss.at\/shop\/wp-json\/wp\/v2\/product"}],"about":[{"href":"https:\/\/schuhewiebarfuss.at\/shop\/wp-json\/wp\/v2\/types\/product"}],"replies":[{"embeddable":true,"href":"https:\/\/schuhewiebarfuss.at\/shop\/wp-json\/wp\/v2\/comments?post=478889"}],"wp:featuredmedia":[{"embeddable":true,"href":"https:\/\/schuhewiebarfuss.at\/shop\/wp-json\/wp\/v2\/media\/478888"}],"wp:attachment":[{"href":"https:\/\/schuhewiebarfuss.at\/shop\/wp-json\/wp\/v2\/media?parent=478889"}],"wp:term":[{"taxonomy":"product_brand","embeddable":true,"href":"https:\/\/schuhewiebarfuss.at\/shop\/wp-json\/wp\/v2\/product_brand?post=478889"},{"taxonomy":"product_cat","embeddable":true,"href":"https:\/\/schuhewiebarfuss.at\/shop\/wp-json\/wp\/v2\/product_cat?post=478889"},{"taxonomy":"product_tag","embeddable":true,"href":"https:\/\/schuhewiebarfuss.at\/shop\/wp-json\/wp\/v2\/product_tag?post=478889"}],"curies":[{"name":"wp","href":"https:\/\/api.w.org\/{rel}","templated":true}]}}