{"id":478809,"date":"2024-04-10T10:28:12","date_gmt":"2024-04-10T08:28:12","guid":{"rendered":"https:\/\/schuhewiebarfuss.at\/shop\/produkt\/primus-lux-herren\/"},"modified":"2026-03-01T17:32:27","modified_gmt":"2026-03-01T16:32:27","slug":"primus-lux-herren","status":"publish","type":"product","link":"https:\/\/schuhewiebarfuss.at\/shop\/produkt\/primus-lux-herren\/","title":{"rendered":"Primus Lux Herren"},"content":{"rendered":"<p>Hier kommt der Primus Lux, ein luxuri\u00f6ser Leder-Barfu\u00dfschuh &#8211; von der Ferse bis zu den Zehen! Der Primus Lux macht alle Bewegungen mit &#8211; das kann nur ein Schuh aus nat\u00fcrlichen Materialien: Der Lux ist aus ungef\u00fcttertem, perforiertem Leder. Dieses l\u00e4sst deine F\u00fc\u00dfe bei jedem Schritt atmen. Das Modell ist als edler Alltagsschuh ein echtes Multitalent: Er sieht klasse aus, bietet deinen F\u00fc\u00dfen den bestm\u00f6glichen Komfort und optimale Atmungsaktivit\u00e4t. Die 3mm d\u00fcnne Casual-Au\u00dfensohle l\u00e4sst deine F\u00fc\u00dfe den Boden sp\u00fcren w\u00e4hrend die durchstichfeste TPU-Schicht f\u00fcr den notwendigen Schutz sorgt.<\/p>\n<p>WICHTIGER HINWEIS ZUM LEDER!!!<br \/>\nDas hochwertige Leder des britischen Traditionsunternehmens Pittards hat eine besondere Struktur und stammt aus Afrika. Das Leder wird mit pflanzlichen Mitteln gegerbt und m\u00f6glichst in seiner nat\u00fcrlichen Form und Textur erhalten. Au\u00dferdem zeichnet es sich durch seine robuste Struktur aus. Da es sich hierbei um nat\u00fcrliches Leder von wilden Tieren handelt, ist jedes Paar ein Unikat. Somit kann es sein, das einzelne Schuhe Narben, Kratzer oder kleine Flecken aufweisen.<\/p>\n<p><b>Audio-Beschreibung<\/b><br \/><audio controls src=\"https:\/\/schuhewiebarfuss.at\/shop\/wp-content\/uploads\/lk\/6187_audio.wav\"><br \/>\n                                            Ihr Browser unterst\u00fctzt diese Audio-Ausgabe leider nicht.<br \/>\n                                            <\/ audio ><\/p>\n","protected":false},"excerpt":{"rendered":"<p>\u2022Obermaterial: 100% perforiertes Pittards Leder<br \/>\n\u2022Leder-Innensohle<br \/>\n\u2022Pro 5: abrieb- und durchstichfeste Sohlentechnologie<br \/>\n\u2022Patentierte, 3mm d\u00fcnne Casual-Au\u00dfensohle<br \/>\n\u2022Gewicht pro Schuh: 300g (Gr\u00f6\u00dfe 42)<\/p>\n","protected":false},"featured_media":478808,"comment_status":"open","ping_status":"closed","template":"","meta":[],"product_brand":[],"product_cat":[3121],"product_tag":[1426,2233,1371,1429,1375,1376,1377,1378,1379,1380,1381,1449,2451,1450],"class_list":{"0":"post-478809","1":"product","2":"type-product","3":"status-publish","4":"has-post-thumbnail","6":"product_cat-sale","7":"product_tag-farbe-dunkelblau","8":"product_tag-farbe-dunkelrot","9":"product_tag-farbe-grau","10":"product_tag-farbe-hellgrau","11":"product_tag-groesse-40","12":"product_tag-groesse-41","13":"product_tag-groesse-42","14":"product_tag-groesse-43","15":"product_tag-groesse-44","16":"product_tag-groesse-45","17":"product_tag-groesse-46","18":"product_tag-groesse-47","19":"product_tag-marke-vivobarefoot","20":"product_tag-sale","22":"first","23":"instock","24":"taxable","25":"shipping-taxable","26":"purchasable","27":"product-type-variable"},"_links":{"self":[{"href":"https:\/\/schuhewiebarfuss.at\/shop\/wp-json\/wp\/v2\/product\/478809","targetHints":{"allow":["GET"]}}],"collection":[{"href":"https:\/\/schuhewiebarfuss.at\/shop\/wp-json\/wp\/v2\/product"}],"about":[{"href":"https:\/\/schuhewiebarfuss.at\/shop\/wp-json\/wp\/v2\/types\/product"}],"replies":[{"embeddable":true,"href":"https:\/\/schuhewiebarfuss.at\/shop\/wp-json\/wp\/v2\/comments?post=478809"}],"wp:featuredmedia":[{"embeddable":true,"href":"https:\/\/schuhewiebarfuss.at\/shop\/wp-json\/wp\/v2\/media\/478808"}],"wp:attachment":[{"href":"https:\/\/schuhewiebarfuss.at\/shop\/wp-json\/wp\/v2\/media?parent=478809"}],"wp:term":[{"taxonomy":"product_brand","embeddable":true,"href":"https:\/\/schuhewiebarfuss.at\/shop\/wp-json\/wp\/v2\/product_brand?post=478809"},{"taxonomy":"product_cat","embeddable":true,"href":"https:\/\/schuhewiebarfuss.at\/shop\/wp-json\/wp\/v2\/product_cat?post=478809"},{"taxonomy":"product_tag","embeddable":true,"href":"https:\/\/schuhewiebarfuss.at\/shop\/wp-json\/wp\/v2\/product_tag?post=478809"}],"curies":[{"name":"wp","href":"https:\/\/api.w.org\/{rel}","templated":true}]}}