{"id":478783,"date":"2024-04-10T10:26:44","date_gmt":"2024-04-10T08:26:44","guid":{"rendered":"https:\/\/schuhewiebarfuss.at\/shop\/produkt\/kelso-herren\/"},"modified":"2026-03-10T21:29:43","modified_gmt":"2026-03-10T20:29:43","slug":"kelso-herren","status":"publish","type":"product","link":"https:\/\/schuhewiebarfuss.at\/shop\/produkt\/kelso-herren\/","title":{"rendered":"Kelso Herren"},"content":{"rendered":"<p>Der Xero Kelso ist der Alltagsschuh mit unverwechselbarem Design! Mit dem eleganten Obermaterial aus Vollnarbenleder und den gen\u00e4hten Akzenten aus weichem Wildlder ist er ein echter Hingucker. Die breite Zehenbox l\u00e4sst den F\u00fc\u00dfen genug Platz und dank den gemusterten Bel\u00fcftungs\u00f6ffnungen und dem feuchtigkeitsregulierendem Innenmaterial aus Mesh kommt man nicht ins Schwitzen. <\/p>\n<p>Ob im B\u00fcro, in der Freizeit oder am Sportplatz, mit dem Kelso muss man nie auf den gewohnten Ganztagskomfort, den man von Xero Shoes kennt, verzichten. <\/p>\n<p><b>Audio-Beschreibung<\/b><br \/><audio controls src=\"https:\/\/schuhewiebarfuss.at\/shop\/wp-content\/uploads\/lk\/5976_audio.wav\"><br \/>\n                                            Ihr Browser unterst\u00fctzt diese Audio-Ausgabe leider nicht.<br \/>\n                                            <\/ audio ><\/p>\n","protected":false},"excerpt":{"rendered":"<p>Obermaterial: Wildleder<br \/>\nInnematerial: Mesh\/Textil<br \/>\nInnensohle: Herausnehmbar<br \/>\nSohle: 6 mm FeelTrue\u00ae-Gummisohle mit Fischgr\u00e4tprofil<br \/>\nVerschlussart: Schn\u00fcrschuh ero Shoes kennt, verzichten. <\/p>\n","protected":false},"featured_media":478782,"comment_status":"open","ping_status":"closed","template":"","meta":[],"product_brand":[],"product_cat":[836],"product_tag":[1570,1408,1651,1375,1376,1377,2412,1378,1379,1380,1381,1449,2446],"class_list":{"0":"post-478783","1":"product","2":"type-product","3":"status-publish","4":"has-post-thumbnail","6":"product_cat-lifestyle-2","7":"product_tag-farbe-gruen","8":"product_tag-farbe-schwarz","9":"product_tag-farbe-weiss","10":"product_tag-groesse-40","11":"product_tag-groesse-41","12":"product_tag-groesse-42","13":"product_tag-groesse-42-5","14":"product_tag-groesse-43","15":"product_tag-groesse-44","16":"product_tag-groesse-45","17":"product_tag-groesse-46","18":"product_tag-groesse-47","19":"product_tag-marke-xero","21":"first","22":"instock","23":"taxable","24":"shipping-taxable","25":"purchasable","26":"product-type-variable"},"_links":{"self":[{"href":"https:\/\/schuhewiebarfuss.at\/shop\/wp-json\/wp\/v2\/product\/478783","targetHints":{"allow":["GET"]}}],"collection":[{"href":"https:\/\/schuhewiebarfuss.at\/shop\/wp-json\/wp\/v2\/product"}],"about":[{"href":"https:\/\/schuhewiebarfuss.at\/shop\/wp-json\/wp\/v2\/types\/product"}],"replies":[{"embeddable":true,"href":"https:\/\/schuhewiebarfuss.at\/shop\/wp-json\/wp\/v2\/comments?post=478783"}],"wp:featuredmedia":[{"embeddable":true,"href":"https:\/\/schuhewiebarfuss.at\/shop\/wp-json\/wp\/v2\/media\/478782"}],"wp:attachment":[{"href":"https:\/\/schuhewiebarfuss.at\/shop\/wp-json\/wp\/v2\/media?parent=478783"}],"wp:term":[{"taxonomy":"product_brand","embeddable":true,"href":"https:\/\/schuhewiebarfuss.at\/shop\/wp-json\/wp\/v2\/product_brand?post=478783"},{"taxonomy":"product_cat","embeddable":true,"href":"https:\/\/schuhewiebarfuss.at\/shop\/wp-json\/wp\/v2\/product_cat?post=478783"},{"taxonomy":"product_tag","embeddable":true,"href":"https:\/\/schuhewiebarfuss.at\/shop\/wp-json\/wp\/v2\/product_tag?post=478783"}],"curies":[{"name":"wp","href":"https:\/\/api.w.org\/{rel}","templated":true}]}}