{"id":478771,"date":"2024-04-10T10:25:44","date_gmt":"2024-04-10T08:25:44","guid":{"rendered":"https:\/\/schuhewiebarfuss.at\/shop\/produkt\/naboso-trail-herren-schwarz\/"},"modified":"2026-02-28T19:29:42","modified_gmt":"2026-02-28T18:29:42","slug":"naboso-trail-herren-schwarz","status":"publish","type":"product","link":"https:\/\/schuhewiebarfuss.at\/shop\/produkt\/naboso-trail-herren-schwarz\/","title":{"rendered":"Naboso Trail Herren Schwarz"},"content":{"rendered":"<p>Dr. Emily Splichal hat Naboso\u2122-Technologie (was \u00fcbrigens \u201eBarfu\u00df\u201c auf tschechisch hei\u00dft) erfunden. Es ist das erste Nerven propriozeptive Material, das eingesetzt wurde, um in Schuhen f\u00fcr eine Verbesserung der K\u00f6rperhaltung und Bewegung zu sorgen.<\/p>\n<p>Wir sind stolz, dass wir diese speziellen Naboso\u2122 Innensohlen anbieten k\u00f6nnen und ihr euch \u00fcber  die Vorteile der Stimulation der Fu\u00dfsohle in einem Schuhs freuen k\u00f6nnt.<\/p>\n<p>Die Sandale hat eine 3 lagige Sohle, \u00e4hnlich wie die Z-Trail-Sandalen nur kommt hier die Nabosotrail Sohle als Fu\u00dfbett zum Einsatz.<\/p>\n<p><b>Audio-Beschreibung<\/b><br \/><audio controls src=\"https:\/\/schuhewiebarfuss.at\/shop\/wp-content\/uploads\/lk\/5516_audio.wav\"><br \/>\n                                            Ihr Browser unterst\u00fctzt diese Audio-Ausgabe leider nicht.<br \/>\n                                            <\/ audio ><\/p>\n","protected":false},"excerpt":{"rendered":"<p>Durch eine spezielle Webtechnik gibt es keine harten Ecken<br \/>\nDurch die Z-f\u00f6rmigen Riemen hast du immer den perfekten Halt im Schuh ohne dich beengt zu f\u00fchlen<br \/>\nSuper leicht \u2014 eine Sandale in M9 hat nur rund 150g<br \/>\nZero-Drop\u201d \u2014 die Ferse steht nicht h\u00f6her im Schuh als die Zehen \u2013 sowie es anatomisch korrekt ist<br \/>\n100% Vegan<br \/>\nReady to wear \u2014 kein Binden oder kn\u00fcpfen mehr notwendig \u2013 einfach reinschl\u00fcpfen is den Schuh und loslaufen<br \/>\n5,000-Meilen Sohlen Garantie!<\/p>\n","protected":false},"featured_media":478770,"comment_status":"open","ping_status":"closed","template":"","meta":[],"product_brand":[],"product_cat":[3121],"product_tag":[1376,1377,1378,1379,1380,1381,1449,2446,1450],"class_list":{"0":"post-478771","1":"product","2":"type-product","3":"status-publish","4":"has-post-thumbnail","6":"product_cat-sale","7":"product_tag-groesse-41","8":"product_tag-groesse-42","9":"product_tag-groesse-43","10":"product_tag-groesse-44","11":"product_tag-groesse-45","12":"product_tag-groesse-46","13":"product_tag-groesse-47","14":"product_tag-marke-xero","15":"product_tag-sale","17":"first","18":"instock","19":"taxable","20":"shipping-taxable","21":"purchasable","22":"product-type-variable"},"_links":{"self":[{"href":"https:\/\/schuhewiebarfuss.at\/shop\/wp-json\/wp\/v2\/product\/478771","targetHints":{"allow":["GET"]}}],"collection":[{"href":"https:\/\/schuhewiebarfuss.at\/shop\/wp-json\/wp\/v2\/product"}],"about":[{"href":"https:\/\/schuhewiebarfuss.at\/shop\/wp-json\/wp\/v2\/types\/product"}],"replies":[{"embeddable":true,"href":"https:\/\/schuhewiebarfuss.at\/shop\/wp-json\/wp\/v2\/comments?post=478771"}],"wp:featuredmedia":[{"embeddable":true,"href":"https:\/\/schuhewiebarfuss.at\/shop\/wp-json\/wp\/v2\/media\/478770"}],"wp:attachment":[{"href":"https:\/\/schuhewiebarfuss.at\/shop\/wp-json\/wp\/v2\/media?parent=478771"}],"wp:term":[{"taxonomy":"product_brand","embeddable":true,"href":"https:\/\/schuhewiebarfuss.at\/shop\/wp-json\/wp\/v2\/product_brand?post=478771"},{"taxonomy":"product_cat","embeddable":true,"href":"https:\/\/schuhewiebarfuss.at\/shop\/wp-json\/wp\/v2\/product_cat?post=478771"},{"taxonomy":"product_tag","embeddable":true,"href":"https:\/\/schuhewiebarfuss.at\/shop\/wp-json\/wp\/v2\/product_tag?post=478771"}],"curies":[{"name":"wp","href":"https:\/\/api.w.org\/{rel}","templated":true}]}}