{"id":478695,"date":"2024-04-10T10:21:44","date_gmt":"2024-04-10T08:21:44","guid":{"rendered":"https:\/\/schuhewiebarfuss.at\/shop\/produkt\/tracker-fg-damen\/"},"modified":"2026-03-01T17:33:55","modified_gmt":"2026-03-01T16:33:55","slug":"tracker-fg-damen","status":"publish","type":"product","link":"https:\/\/schuhewiebarfuss.at\/shop\/produkt\/tracker-fg-damen\/","title":{"rendered":"Tracker FG Damen"},"content":{"rendered":"<p>Der TRACKER FG (Firm Ground) besitzt eine neue robuste All-Round Sohle, die auch auf steinigem oder hartem Untergrund wie Asphalt problemlos getragen werden kann. Die neue 2,5mm dicke V-Treck Sohle mit 4,5mm hohen, f\u00fcr Langlebigkeit geformten Noppen, bietet auf rutschigem Terrain sowie auf harten B\u00f6den festen Halt. Zusammen mit dem weichen Leder Obermaterial schmiegt sich der Tracker bequem an den Fu\u00df und bietet durch die Flexibilit\u00e4t des Schuhes unser gewohntes Barfu\u00dfgef\u00fchl.<\/p>\n<p>Mit einem Innenmaterial aus winter- und wasserabweisenden HydoGuard-Futter kann der Schuh zu allen Jahreszeiten getragen werden. Leichtes Ein- und Aussteigen wird durch die Anordnung der oberen \u00d6sen gew\u00e4hrleistet und durch die Kreuzschn\u00fcrung mit einem rei\u00dffesten Schuhband wird ein fester Halt im Schuh erreicht. Eine entfernbare Thermo-Einlagesohle bietet im Winter Schutz vor kaltem Untergrund.<\/p>\n<p>HINWEIS: Pflegen und Impr\u00e4gnieren sie den Wanderschuh regelm\u00e4\u00dfig damit es l\u00e4nger Wasserfest bleibt!<\/p>\n<p>WICHTIGER HINWEIS ZUM LEDER!!!<br \/>\nDas hochwertige Leder des britischen Traditionsunternehmens Pittards hat eine besondere Struktur und stammt aus Afrika. Das Leder wird mit pflanzlichen Mitteln gegerbt und m\u00f6glichst in seiner nat\u00fcrlichen Form und Textur erhalten. Au\u00dferdem zeichnet es sich durch seine robuste Struktur aus. Da es sich hierbei um nat\u00fcrliches Leder von wilden Tieren handelt, ist jedes Paar ein Unikat. Somit kann es sein, das einzelne Schuhe Narben, Kratzer oder kleine Flecken aufweisen.<\/p>\n<p>ACHTUNG: Wie bei einem Wanderschuh \u00fcblich, empfehlen wir eine Schuhgr\u00f6\u00dfen- Nummer gr\u00f6\u00dfer zu w\u00e4hlen!<\/p>\n<p><b>Audio-Beschreibung<\/b><br \/><audio controls src=\"https:\/\/schuhewiebarfuss.at\/shop\/wp-content\/uploads\/lk\/6211_audio.wav\"><br \/>\n                                            Ihr Browser unterst\u00fctzt diese Audio-Ausgabe leider nicht.<br \/>\n                                            <\/ audio ><\/p>\n","protected":false},"excerpt":{"rendered":"<p>Dieser strapazierf\u00e4hige Wanderschuh ist robust genug, um jedes Gel\u00e4nde zu bew\u00e4ltigen \u2013 vom Toubkal bis zum Tabletop Mountain w\u00e4hrend es immer noch leicht genug ist, um es in Ihren Rucksack zu werfen.<\/p>\n<p>Premium Action Leather wasserabweisende Behandlung<br \/>\nWasserdichte Konstruktion mit versiegelter Innenmembran<br \/>\nFirm Ground Sole 3 mm Stollen f\u00fcr Traktion in jedem Gel\u00e4nde<br \/>\nBergspitze f\u00fcr rutschfesten Halt<br \/>\nDie herausnehmbare Thermo-Einlegesohle bietet bis zu 300 % mehr W\u00e4rmeschutz<br \/>\nGewicht: 1100 g<\/p>\n","protected":false},"featured_media":478694,"comment_status":"open","ping_status":"closed","template":"","meta":[],"product_brand":[],"product_cat":[3121],"product_tag":[2232,1570,1429,1408,1404,1362,1368,1373,1374,1375,1376,1377,2451,1450],"class_list":{"0":"post-478695","1":"product","2":"type-product","3":"status-publish","4":"has-post-thumbnail","6":"product_cat-sale","7":"product_tag-farbe-dunkelbraun","8":"product_tag-farbe-gruen","9":"product_tag-farbe-hellgrau","10":"product_tag-farbe-schwarz","11":"product_tag-groesse-35","12":"product_tag-groesse-36","13":"product_tag-groesse-37","14":"product_tag-groesse-38","15":"product_tag-groesse-39","16":"product_tag-groesse-40","17":"product_tag-groesse-41","18":"product_tag-groesse-42","19":"product_tag-marke-vivobarefoot","20":"product_tag-sale","22":"first","23":"instock","24":"taxable","25":"shipping-taxable","26":"purchasable","27":"product-type-variable"},"_links":{"self":[{"href":"https:\/\/schuhewiebarfuss.at\/shop\/wp-json\/wp\/v2\/product\/478695","targetHints":{"allow":["GET"]}}],"collection":[{"href":"https:\/\/schuhewiebarfuss.at\/shop\/wp-json\/wp\/v2\/product"}],"about":[{"href":"https:\/\/schuhewiebarfuss.at\/shop\/wp-json\/wp\/v2\/types\/product"}],"replies":[{"embeddable":true,"href":"https:\/\/schuhewiebarfuss.at\/shop\/wp-json\/wp\/v2\/comments?post=478695"}],"wp:featuredmedia":[{"embeddable":true,"href":"https:\/\/schuhewiebarfuss.at\/shop\/wp-json\/wp\/v2\/media\/478694"}],"wp:attachment":[{"href":"https:\/\/schuhewiebarfuss.at\/shop\/wp-json\/wp\/v2\/media?parent=478695"}],"wp:term":[{"taxonomy":"product_brand","embeddable":true,"href":"https:\/\/schuhewiebarfuss.at\/shop\/wp-json\/wp\/v2\/product_brand?post=478695"},{"taxonomy":"product_cat","embeddable":true,"href":"https:\/\/schuhewiebarfuss.at\/shop\/wp-json\/wp\/v2\/product_cat?post=478695"},{"taxonomy":"product_tag","embeddable":true,"href":"https:\/\/schuhewiebarfuss.at\/shop\/wp-json\/wp\/v2\/product_tag?post=478695"}],"curies":[{"name":"wp","href":"https:\/\/api.w.org\/{rel}","templated":true}]}}