{"id":478599,"date":"2024-04-10T03:58:13","date_gmt":"2024-04-10T01:58:13","guid":{"rendered":"https:\/\/schuhewiebarfuss.at\/shop\/produkt\/einlegesohle-sole-runner\/"},"modified":"2026-03-31T19:07:24","modified_gmt":"2026-03-31T17:07:24","slug":"einlegesohle-sole-runner","status":"publish","type":"product","link":"https:\/\/schuhewiebarfuss.at\/shop\/produkt\/einlegesohle-sole-runner\/","title":{"rendered":"Einlegesohle Sole Runner"},"content":{"rendered":"<p>2 mm Einlegesohle<\/p>\n<p>Diese Sole Runner Einlegesohle eignet zur Isolierung oder zur Weitenregulierung f\u00fcr alle Sole Runner Schuhe Form weit oder extraweit und passt demnach in alle sportlichen Sole Runner Modelle.<br \/>\nF\u00fcr die in Form &#8222;normal&#8220; geschnittenen Mokassins eignet sich diese Einlegesohle nur bedingt. Evtl. muss man sie im Zehenbereich dann etwas zuschneiden.<\/p>\n<p>Sie isoliert etwas in der k\u00e4lteren Jahreszeit und eignet sich bestens zur Weitenregulierung.Der d\u00fcnne blaue Schaumstoff an der Ferse ist kein Absatz, hat keine Sprengung, ist aber f\u00fcr manche ganz angenehm. Besonders, wenn man den Mittelfu\u00df- oder Vorfu\u00dfgang noch nicht in Vollst\u00e4ndig beherrscht. Der Mittelfu\u00df- oder Vorfu\u00dfg\u00e4nger ber\u00fchrt diesen Teil der Innensohle kaum.<\/p>\n<p>F\u00fcr Veganer geeignet<\/p>\n<p>Material: Viskose, Polyester<br \/>\nSohlenst\u00e4rke: ca. 2 mm<br \/>\nBesonderheit: passt in alle weit geschnittenen Sole Runner Schuhe<br \/>\nForm: weit, extraweit<\/p>\n<p>Original kann vom Bild abweichen.<\/p>\n<p><b>Audio-Beschreibung<\/b><br \/><audio controls src=\"https:\/\/schuhewiebarfuss.at\/shop\/wp-content\/uploads\/lk\/6285_audio.wav\"><br \/>\n                                            Ihr Browser unterst\u00fctzt diese Audio-Ausgabe leider nicht.<br \/>\n                                            <\/ audio ><\/p>\n","protected":false},"excerpt":{"rendered":"<p>Sole Runner 2 mm Einlegesohle Grau Vegan<\/p>\n<p>Die original Einlegesohle f\u00fcr alle Sole Runner Modelle oder auch zum Einlegen auch in andere Schuhe. Geeignet f\u00fcr alle sportlichen Sole Runner Schuhen<br \/>\nF\u00fcr Veganer geeignet<\/p>\n<p>Modell: Einlegesohle Grey Vegan<br \/>\nHersteller: Sole Runner<br \/>\nInhalt: 1 Paar<\/p>\n<p>Modell: Einlegesohle warm black vegan<br \/>\nHersteller: Sole Runner<br \/>\nInhalt: 1 Paar<\/p>\n","protected":false},"featured_media":478598,"comment_status":"open","ping_status":"closed","template":"","meta":[],"product_brand":[],"product_cat":[823],"product_tag":[1394,1395,1396,1397,1398,1399,1400,1401,1402,1403,1404,1362,1368,1373,1374,1375,1376,1377,1378,1379,1380,1381,1449,2449],"class_list":{"0":"post-478599","1":"product","2":"type-product","3":"status-publish","4":"has-post-thumbnail","6":"product_cat-einlegesohlen","7":"product_tag-groesse-25","8":"product_tag-groesse-26","9":"product_tag-groesse-27","10":"product_tag-groesse-28","11":"product_tag-groesse-29","12":"product_tag-groesse-30","13":"product_tag-groesse-31","14":"product_tag-groesse-32","15":"product_tag-groesse-33","16":"product_tag-groesse-34","17":"product_tag-groesse-35","18":"product_tag-groesse-36","19":"product_tag-groesse-37","20":"product_tag-groesse-38","21":"product_tag-groesse-39","22":"product_tag-groesse-40","23":"product_tag-groesse-41","24":"product_tag-groesse-42","25":"product_tag-groesse-43","26":"product_tag-groesse-44","27":"product_tag-groesse-45","28":"product_tag-groesse-46","29":"product_tag-groesse-47","30":"product_tag-marke-sole-runner","32":"first","33":"instock","34":"taxable","35":"shipping-taxable","36":"purchasable","37":"product-type-variable"},"_links":{"self":[{"href":"https:\/\/schuhewiebarfuss.at\/shop\/wp-json\/wp\/v2\/product\/478599","targetHints":{"allow":["GET"]}}],"collection":[{"href":"https:\/\/schuhewiebarfuss.at\/shop\/wp-json\/wp\/v2\/product"}],"about":[{"href":"https:\/\/schuhewiebarfuss.at\/shop\/wp-json\/wp\/v2\/types\/product"}],"replies":[{"embeddable":true,"href":"https:\/\/schuhewiebarfuss.at\/shop\/wp-json\/wp\/v2\/comments?post=478599"}],"wp:featuredmedia":[{"embeddable":true,"href":"https:\/\/schuhewiebarfuss.at\/shop\/wp-json\/wp\/v2\/media\/478598"}],"wp:attachment":[{"href":"https:\/\/schuhewiebarfuss.at\/shop\/wp-json\/wp\/v2\/media?parent=478599"}],"wp:term":[{"taxonomy":"product_brand","embeddable":true,"href":"https:\/\/schuhewiebarfuss.at\/shop\/wp-json\/wp\/v2\/product_brand?post=478599"},{"taxonomy":"product_cat","embeddable":true,"href":"https:\/\/schuhewiebarfuss.at\/shop\/wp-json\/wp\/v2\/product_cat?post=478599"},{"taxonomy":"product_tag","embeddable":true,"href":"https:\/\/schuhewiebarfuss.at\/shop\/wp-json\/wp\/v2\/product_tag?post=478599"}],"curies":[{"name":"wp","href":"https:\/\/api.w.org\/{rel}","templated":true}]}}