{"id":478504,"date":"2024-04-10T03:49:46","date_gmt":"2024-04-10T01:49:46","guid":{"rendered":"https:\/\/schuhewiebarfuss.at\/shop\/produkt\/dexshell-waterproof-running-socks\/"},"modified":"2026-03-16T19:00:08","modified_gmt":"2026-03-16T18:00:08","slug":"dexshell-waterproof-running-socks","status":"publish","type":"product","link":"https:\/\/schuhewiebarfuss.at\/shop\/produkt\/dexshell-waterproof-running-socks\/","title":{"rendered":"DexShell Waterproof Running Socks"},"content":{"rendered":"<p>Die DexShell-Laufsocken sind wasserdichte Socken, die f\u00fcr nasse und schlammige Trail- und Bergl\u00e4ufe entwickelt wurden. Sie haben eine Porelle-Membran f\u00fcr wasserdichte, atmungsaktive Leistung und eine Drirelease-Innenseite f\u00fcr hervorragendes Feuchtigkeitsmanagement. Sie haben auch eine enge Passform mit elastischer Fu\u00dfgew\u00f6lbest\u00fctze, um sicherzustellen, dass sie auch bei N\u00e4sse gut sitzen.<\/p>\n<p>Diese sind etwas k\u00fcrzer, dicker und w\u00e4rmer als die Running Lite Socken.<\/p>\n<p>DexShell verwendet fortschrittliche Technologien, um wasserdichte Socken, M\u00fctzen und Handschuhe herzustellen, die bemerkenswert flexibel, atmungsaktiv und angenehm zu tragen sind. Alle DexShell-Produkte sind so konstruiert, dass sie so langlebig wie m\u00f6glich sind.<\/p>\n<p>Material<\/p>\n<p>Hersteller: DexShell<br \/>\nMaterial: Oberstoff 80% Nylon, 11% Polyester, 6% Baumwolle 3% Elasthan<br \/>\nFutter: 76% drirelease Wollmischung, 24% Nylon<br \/>\nMaterial (Textil): Synthetik, Wollmischung<br \/>\nmit Kompression: nein<br \/>\nEigenschaften: N\u00e4sseschutz, Wasserdicht, Membran, Atmungsaktiv<br \/>\nSockenl\u00e4nge: medium<br \/>\nSocken Ausf\u00fchrung:  Leichte D\u00e4mpfung<\/p>\n<p><b>Audio-Beschreibung<\/b><br \/><audio controls src=\"https:\/\/schuhewiebarfuss.at\/shop\/wp-content\/uploads\/lk\/6109_audio.wav\"><br \/>\n                                            Ihr Browser unterst\u00fctzt diese Audio-Ausgabe leider nicht.<br \/>\n                                            <\/ audio ><\/p>\n","protected":false},"excerpt":{"rendered":"<p>Wasserdichte Laufsocken f\u00fcr optimalen Sitz und Schutz bei allen Bedingungen.<\/p>\n<p>&#8211; Oberstoff: 80% Nylon, 11% Polyester, 6% Baumwolle 3% Elasthan<br \/>\n&#8211; Futter: 76% drirelease Wollmischung, 24% Nylon<br \/>\n&#8211; atmungsaktive und wasserdichte Porelle Membran<br \/>\n&#8211; drirelease Wollmischung<br \/>\n&#8211; Wasserdicht<br \/>\n&#8211; Atmungsaktiv<br \/>\n&#8211; COOLMAX\u00aeFX-Innenschuhe f\u00fcr trockene und bequeme F\u00fc\u00dfe<br \/>\n&#8211; Leichte D\u00e4mpfung<\/p>\n","protected":false},"featured_media":478503,"comment_status":"open","ping_status":"closed","template":"","meta":[],"product_brand":[],"product_cat":[861],"product_tag":[1479,1480,1408,1603,1644,1645,1584,2741],"class_list":{"0":"post-478504","1":"product","2":"type-product","3":"status-publish","4":"has-post-thumbnail","6":"product_cat-unisex-2","7":"product_tag-farbe-blau","8":"product_tag-farbe-orange","9":"product_tag-farbe-schwarz","10":"product_tag-groesse-36-38","11":"product_tag-groesse-39-42","12":"product_tag-groesse-43-46","13":"product_tag-groesse-47-49","14":"product_tag-marke-dexshell","16":"first","17":"instock","18":"taxable","19":"shipping-taxable","20":"purchasable","21":"product-type-variable"},"_links":{"self":[{"href":"https:\/\/schuhewiebarfuss.at\/shop\/wp-json\/wp\/v2\/product\/478504","targetHints":{"allow":["GET"]}}],"collection":[{"href":"https:\/\/schuhewiebarfuss.at\/shop\/wp-json\/wp\/v2\/product"}],"about":[{"href":"https:\/\/schuhewiebarfuss.at\/shop\/wp-json\/wp\/v2\/types\/product"}],"replies":[{"embeddable":true,"href":"https:\/\/schuhewiebarfuss.at\/shop\/wp-json\/wp\/v2\/comments?post=478504"}],"wp:featuredmedia":[{"embeddable":true,"href":"https:\/\/schuhewiebarfuss.at\/shop\/wp-json\/wp\/v2\/media\/478503"}],"wp:attachment":[{"href":"https:\/\/schuhewiebarfuss.at\/shop\/wp-json\/wp\/v2\/media?parent=478504"}],"wp:term":[{"taxonomy":"product_brand","embeddable":true,"href":"https:\/\/schuhewiebarfuss.at\/shop\/wp-json\/wp\/v2\/product_brand?post=478504"},{"taxonomy":"product_cat","embeddable":true,"href":"https:\/\/schuhewiebarfuss.at\/shop\/wp-json\/wp\/v2\/product_cat?post=478504"},{"taxonomy":"product_tag","embeddable":true,"href":"https:\/\/schuhewiebarfuss.at\/shop\/wp-json\/wp\/v2\/product_tag?post=478504"}],"curies":[{"name":"wp","href":"https:\/\/api.w.org\/{rel}","templated":true}]}}