{"id":478389,"date":"2024-04-10T03:25:44","date_gmt":"2024-04-10T01:25:44","guid":{"rendered":"https:\/\/schuhewiebarfuss.at\/shop\/produkt\/peu-cami-fw\/"},"modified":"2026-04-18T18:31:48","modified_gmt":"2026-04-18T16:31:48","slug":"peu-cami-fw","status":"publish","type":"product","link":"https:\/\/schuhewiebarfuss.at\/shop\/produkt\/peu-cami-fw\/","title":{"rendered":"Peu Cami FW"},"content":{"rendered":"<p>Kinder-Lauflernschuhe aus Leder oder Textil mit elastischen Schn\u00fcrsenkeln oder Klettverschluss, EVA-Fu\u00dfbett und Gummilaufsohle.<\/p>\n<p>Schn\u00fcrschuh:<\/p>\n<p>Kinderschuhe aus chromfreiem Leder mit elastische Schn\u00fcrsenkel und Gummilaufsohle (20% Recyclinganteil).<\/p>\n<p>Die First Walkers Linie besticht durch flexible und zugleich robuste Styles \u2013 einfach perfekt f\u00fcr kleine Racker bei ihren ersten Schritten. Entdecken Sie die Camper-Kollektion an bequemen Schuhen, die speziell auf die Bed\u00fcrfnisse von Kleinkindern zugeschnitten sind, die sich auf eigenen F\u00fc\u00dfen in die gro\u00dfe weite Welt wagen wollen.<\/p>\n<p>Peu ist ein Camper-Kultobjekt, das sich in jeder Saison in einem neuen Gewand pr\u00e4sentiert. Die Strobel-Machart mit Rundumnaht garantiert unerreichte Biegsamkeit und Langlebigkeit in jeder Situation.<\/p>\n<p>Materialdetails:<\/p>\n<p>Obermaterial: Rindsleder (Zertifikat der Leather Working Group), chromfrei<br \/>\nFutter: 42% recycelter Polyester, 34% Leder, 14% Leder Velourslederfinish, 10% Leder mit Velourslederfinish<br \/>\nInnensohle: EVA<br \/>\nLaufsohle: Gummi (20% recyceltes Material)<br \/>\nVerschluss: elastischen Schn\u00fcrsenkeln mit Klettverschlussriemen<br \/>\nNachhaltigkeit: Verwendung von recycelten Materialien<br \/>\nEigenschaften: Leder ist ein Naturmaterial tierischen Ursprungs, das seine typischen Merkmale wie Narben, Pigmentflecken, Absch\u00fcrfungen oder Falten aufweist.<\/p>\n<p>Klettschuh:<\/p>\n<p>Kinderschuh aus Leder mit Klettverschluss und Gummilaufsohle (20% Recyclinganteil).<\/p>\n<p>Unsere First Walkers bieten flexible und zugleich robuste Schuhe f\u00fcr die ersten Schritte. Entdecken Sie unsere Kollektion an bequemen Schuhen, die speziell auf die Bed\u00fcrfnisse von Kleinkindern zugeschnitten sind, die sich auf eigenen F\u00fc\u00dfen in die gro\u00dfe weite Welt wagen wollen.<\/p>\n<p>Der Peu ist ein Camper-Kultobjekt, das sich in jeder Saison in einem neuen Gewand pr\u00e4sentiert. Die Strobel-Machart mit Rundumnaht garantiert unerreichte Biegsamkeit und Langlebigkeit in jeder Situation.<\/p>\n<p>Materialdetails:<\/p>\n<p>Obermaterial: Rindsleder (Zertifikat der Leather Working Group), chromfrei<br \/>\nFutter: 42% Schweinsleder, 33% Recycling-Polyester, 25% Nubukleder<br \/>\nInnensohle: EVA<br \/>\nLaufsohle: Gummi (20% recyceltes Material)<br \/>\nVerschluss: Klettverschluss<br \/>\nNachhaltigkeit: Verwendung von recycelten Materialien<br \/>\nEigenschaften: Leder ist ein Naturmaterial tierischen Ursprungs, das seine typischen Merkmale wie Narben, Pigmentflecken, Absch\u00fcrfungen oder Falten aufweist.<\/p>\n<p>Textilschuh:<\/p>\n<p>Kinder-Sneaker aus Textil\/Leder mit elastischen Schn\u00fcrsenkeln, EVA-Einlegesohlen Gummilaufsohle (20% Recyclinganteil).<\/p>\n<p>Die First Walkers-Linie umfasst flexible und widerstandsf\u00e4hige Modelle, die f\u00fcr die Kleinen konzipiert sind, die gerade ihre ersten Schritte machen. Entdecken Sie unsere Kollektion bequemer Schuhe f\u00fcr Babys, die sie bei ihren ersten Abenteuern unterst\u00fctzen sollen.<\/p>\n<p>Als Camper-Ikone, die sich jede Saison weiterentwickelt, steht der Peu f\u00fcr funktionale Schlichtheit, die vom Barfu\u00dfgehen inspiriert ist. Sie verf\u00fcgen \u00fcber 360\u00b0-N\u00e4hte und werden mit der Strobel-Konstruktionstechnik hergestellt, die unter allen Bedingungen beispiellose Flexibilit\u00e4t und Haltbarkeit gew\u00e4hrleistet.<\/p>\n<p>Materialdetails:<\/p>\n<p>Obermaterial: Recyceltes Polyester, Klett aus Rindsleder<br \/>\nFutter: 100 % recyceltes Polyester<br \/>\nInnensohle: EVA<br \/>\nLaufsohle: Gummi (20% recyceltes Material)<br \/>\nVerschluss: elastischen Schn\u00fcrsenkeln mit Klettverschlussriemen<br \/>\nNachhaltigkeit: Verwendung von recycelten Materialien<br \/>\nEigenschaften: Leder ist ein Naturmaterial tierischen Ursprungs, das seine typischen Merkmale wie Narben, Pigmentflecken, Absch\u00fcrfungen oder Falten aufweist.<\/p>\n<p>Pflegehinweis:<\/p>\n<p>Diese Schuhe sind aus sorgf\u00e4ltig ausgew\u00e4hlten, hochwertigen Materialien gefertigt. Die Verwendung der richtigen Schuhpflegeprodukte sorgt f\u00fcr hohen Schutz und Langlebigkeit dieser Produkte.<\/p>\n<p>1. Schmutz und Staub zun\u00e4chst mit einem weichen Tuch entfernen.<br \/>\n2. Leder mit einer Lotion reinigen und pflegen.<br \/>\n3. Leder mit einer Schuhcreme pflegen. D\u00fcnn auftragen und einige Minuten trocknen lassen.<br \/>\n4. Leder mit einem Tuch polieren.<br \/>\n5. Impr\u00e4gnieren Sie das Leder mit Impr\u00e4gnierspray gegen Schmutz und Feuchtigkeit.<\/p>\n<p><b>Audio-Beschreibung<\/b><br \/><audio controls src=\"https:\/\/schuhewiebarfuss.at\/shop\/wp-content\/uploads\/lk\/6055_audio.wav\"><br \/>\n                                            Ihr Browser unterst\u00fctzt diese Audio-Ausgabe leider nicht.<br \/>\n                                            <\/ audio ><\/p>\n","protected":false},"excerpt":{"rendered":"<p>Camper PEU CAMI FW Lauflernschuh<\/p>\n<p>Kinder-Lauflernschuhe aus Leder oder Textil mit elastischen Schn\u00fcrsenkeln oder Klettverschluss. Jeder dieser Schuhe besitzt ein EVA-Fu\u00dfbett und eine flexible Gummilaufsohle.<\/p>\n<p>In verschiedenen Varianten und Farben erh\u00e4ltlich!<\/p>\n<p>Weiter Details in der Beschreibung<\/p>\n","protected":false},"featured_media":670973,"comment_status":"open","ping_status":"closed","template":"","meta":[],"product_brand":[],"product_cat":[845],"product_tag":[2026,1479,1544,1427,1371,1570,3154,1480,1600,1651,1385,1390,1391,1392,1393,1394,1395,2721],"class_list":{"0":"post-478389","1":"product","2":"type-product","3":"status-publish","4":"has-post-thumbnail","6":"product_cat-lifestyle-1","7":"product_tag-farbe-beige","8":"product_tag-farbe-blau","9":"product_tag-farbe-braun","10":"product_tag-farbe-gelb","11":"product_tag-farbe-grau","12":"product_tag-farbe-gruen","13":"product_tag-farbe-multicolor","14":"product_tag-farbe-orange","15":"product_tag-farbe-rot","16":"product_tag-farbe-weiss","17":"product_tag-groesse-20","18":"product_tag-groesse-21","19":"product_tag-groesse-22","20":"product_tag-groesse-23","21":"product_tag-groesse-24","22":"product_tag-groesse-25","23":"product_tag-groesse-26","24":"product_tag-marke-camper","26":"first","27":"instock","28":"taxable","29":"shipping-taxable","30":"purchasable","31":"product-type-variable"},"_links":{"self":[{"href":"https:\/\/schuhewiebarfuss.at\/shop\/wp-json\/wp\/v2\/product\/478389","targetHints":{"allow":["GET"]}}],"collection":[{"href":"https:\/\/schuhewiebarfuss.at\/shop\/wp-json\/wp\/v2\/product"}],"about":[{"href":"https:\/\/schuhewiebarfuss.at\/shop\/wp-json\/wp\/v2\/types\/product"}],"replies":[{"embeddable":true,"href":"https:\/\/schuhewiebarfuss.at\/shop\/wp-json\/wp\/v2\/comments?post=478389"}],"wp:featuredmedia":[{"embeddable":true,"href":"https:\/\/schuhewiebarfuss.at\/shop\/wp-json\/wp\/v2\/media\/670973"}],"wp:attachment":[{"href":"https:\/\/schuhewiebarfuss.at\/shop\/wp-json\/wp\/v2\/media?parent=478389"}],"wp:term":[{"taxonomy":"product_brand","embeddable":true,"href":"https:\/\/schuhewiebarfuss.at\/shop\/wp-json\/wp\/v2\/product_brand?post=478389"},{"taxonomy":"product_cat","embeddable":true,"href":"https:\/\/schuhewiebarfuss.at\/shop\/wp-json\/wp\/v2\/product_cat?post=478389"},{"taxonomy":"product_tag","embeddable":true,"href":"https:\/\/schuhewiebarfuss.at\/shop\/wp-json\/wp\/v2\/product_tag?post=478389"}],"curies":[{"name":"wp","href":"https:\/\/api.w.org\/{rel}","templated":true}]}}