{"id":478370,"date":"2024-04-10T03:23:12","date_gmt":"2024-04-10T01:23:12","guid":{"rendered":"https:\/\/schuhewiebarfuss.at\/shop\/produkt\/softwalk-braun\/"},"modified":"2026-03-07T18:19:03","modified_gmt":"2026-03-07T17:19:03","slug":"softwalk-braun","status":"publish","type":"product","link":"https:\/\/schuhewiebarfuss.at\/shop\/produkt\/softwalk-braun\/","title":{"rendered":"SoftWalk Braun"},"content":{"rendered":"<p>Die BIO-SOFTLINE KOLLEKTION besteht aus 100% pflanzlich gegerbtem Natur-Leder (Oberleder &amp; Innenfutter Made in EU). Als Gerbstoffe kommen Eichenextrakte zum Einsatz.<br \/>\nDas Naturleder ist sehr atmungsaktiv und ein idealer Lieblingsschuh f\u00fcrs ganze Jahr.<br \/>\nDadurch kann dieses Naturmaterial etwas schneller ausbleichen und wir empfehlen immer die Schuhe mit der passenden Pflege zu behandeln.<br \/>\nUnsere Innensohle ist stets herausnehmbar und erm\u00f6glicht somit leicht die Kontrolle bei Wachstumssch\u00fcben.<br \/>\nBitte reinigen und impr\u00e4gnieren Sie den Schuh immer mit einem geeigneten Mittel. Bei Glattleder ist es ratsam zus\u00e4tzlich ein Wachs zu benutzen, dieses fettet und pflegt den Schuh optimal.<br \/>\nWir weisen freundlich darauf hin, dass jeder Schuh ein Unikat ist, dessen Materialstruktur und F\u00e4rbung leichte Unreglm\u00e4\u00dfigkeiten aufweisen kann. Bitte haben Sie daf\u00fcr Verst\u00e4ndnis, dass wir bei Filii Reklamationen von Abnutzungen durch den t\u00e4glichen gebrauch und Besch\u00e4digungen durch unsachgem\u00e4\u00dfe Pflege und extremer Beanspruchung (Bobbycar\/Laufrad) nicht akzeptieren k\u00f6nnen.<\/p>\n<p><b>Audio-Beschreibung<\/b><br \/><audio controls src=\"https:\/\/schuhewiebarfuss.at\/shop\/wp-content\/uploads\/lk\/5200_audio.wav\"><br \/>\n                                            Ihr Browser unterst\u00fctzt diese Audio-Ausgabe leider nicht.<br \/>\n                                            <\/ audio ><\/p>\n","protected":false},"excerpt":{"rendered":"<p>Modell: softWALK<br \/>\nMaterial: Bio-Glattleder<br \/>\nInnenfutter: Bio Leder (pflanzlich gegerbt\/chromfrei)<br \/>\nGeschlecht: Unisex<br \/>\nVerschluss: Klett<br \/>\nWMS-Schuhweite: Weit<br \/>\nHerkunft\/Produktion: Portugal<\/p>\n","protected":false},"featured_media":478369,"comment_status":"open","ping_status":"closed","template":"","meta":[],"product_brand":[],"product_cat":[3121],"product_tag":[1385,1390,1391,1392,1393,1394,1395,1396,1397,1398,1399,1400,1401,1402,1403,1404,2463,1450],"class_list":{"0":"post-478370","1":"product","2":"type-product","3":"status-publish","4":"has-post-thumbnail","6":"product_cat-sale","7":"product_tag-groesse-20","8":"product_tag-groesse-21","9":"product_tag-groesse-22","10":"product_tag-groesse-23","11":"product_tag-groesse-24","12":"product_tag-groesse-25","13":"product_tag-groesse-26","14":"product_tag-groesse-27","15":"product_tag-groesse-28","16":"product_tag-groesse-29","17":"product_tag-groesse-30","18":"product_tag-groesse-31","19":"product_tag-groesse-32","20":"product_tag-groesse-33","21":"product_tag-groesse-34","22":"product_tag-groesse-35","23":"product_tag-marke-filii","24":"product_tag-sale","26":"first","27":"instock","28":"taxable","29":"shipping-taxable","30":"purchasable","31":"product-type-variable"},"_links":{"self":[{"href":"https:\/\/schuhewiebarfuss.at\/shop\/wp-json\/wp\/v2\/product\/478370","targetHints":{"allow":["GET"]}}],"collection":[{"href":"https:\/\/schuhewiebarfuss.at\/shop\/wp-json\/wp\/v2\/product"}],"about":[{"href":"https:\/\/schuhewiebarfuss.at\/shop\/wp-json\/wp\/v2\/types\/product"}],"replies":[{"embeddable":true,"href":"https:\/\/schuhewiebarfuss.at\/shop\/wp-json\/wp\/v2\/comments?post=478370"}],"wp:featuredmedia":[{"embeddable":true,"href":"https:\/\/schuhewiebarfuss.at\/shop\/wp-json\/wp\/v2\/media\/478369"}],"wp:attachment":[{"href":"https:\/\/schuhewiebarfuss.at\/shop\/wp-json\/wp\/v2\/media?parent=478370"}],"wp:term":[{"taxonomy":"product_brand","embeddable":true,"href":"https:\/\/schuhewiebarfuss.at\/shop\/wp-json\/wp\/v2\/product_brand?post=478370"},{"taxonomy":"product_cat","embeddable":true,"href":"https:\/\/schuhewiebarfuss.at\/shop\/wp-json\/wp\/v2\/product_cat?post=478370"},{"taxonomy":"product_tag","embeddable":true,"href":"https:\/\/schuhewiebarfuss.at\/shop\/wp-json\/wp\/v2\/product_tag?post=478370"}],"curies":[{"name":"wp","href":"https:\/\/api.w.org\/{rel}","templated":true}]}}