{"id":478207,"date":"2024-04-10T03:04:38","date_gmt":"2024-04-10T01:04:38","guid":{"rendered":"https:\/\/schuhewiebarfuss.at\/shop\/produkt\/waran-velcro\/"},"modified":"2026-03-12T19:07:42","modified_gmt":"2026-03-12T18:07:42","slug":"waran-velcro","status":"publish","type":"product","link":"https:\/\/schuhewiebarfuss.at\/shop\/produkt\/waran-velcro\/","title":{"rendered":"Waran Velcro"},"content":{"rendered":"<p>Gerade an hei\u00dfen Sommertagen m\u00f6chten wir einen Schuh, in dem wir optimalen Tragekomfort und einen schwerelosen Gang haben. F\u00fcr diese Tage gibt es das Modell Waran, eine Sandale in der auch die kleinsten F\u00fc\u00dfe durch leichte Materialien wie Microfasern au\u00dfen und innen ein atmungsaktives, nachhaltiges Lining auf Basis von  Maisfasern haben. Durch die geschlossene Zehenpartie werden die Zehen auch beim klettern, rennen und sogar Bobby-Car fahren optimal gesch\u00fctzt! <\/p>\n<p><b>Audio-Beschreibung<\/b><br \/><audio controls src=\"https:\/\/schuhewiebarfuss.at\/shop\/wp-content\/uploads\/lk\/6029_audio.wav\"><br \/>\n                                            Ihr Browser unterst\u00fctzt diese Audio-Ausgabe leider nicht.<br \/>\n                                            <\/ audio ><\/p>\n","protected":false},"excerpt":{"rendered":"<p>Funktion: atmungsaktiv, pflegeleicht<br \/>\nFutter: Maisfasern bioeco (Lederoptik\/vegan)<br \/>\nInnensohle: Maisfasern bioeco (Lederoptik\/vegan)<br \/>\nLaufsohle: Gummi (100% synth.)<br \/>\nObermaterial: Mikrofaser<br \/>\nPassform: Mittel<br \/>\nProduktionsland: Portugal<br \/>\nWeitere Eigenschaften: Vegan<\/p>\n","protected":false},"featured_media":478206,"comment_status":"open","ping_status":"closed","template":"","meta":[],"product_brand":[],"product_cat":[846],"product_tag":[1371,1570,3155,1600,1413,1385,1390,1391,1392,1393,1394,1395,1396,1397,1398,1399,1400,1401,1402,1403,1404,1362,2447],"class_list":{"0":"post-478207","1":"product","2":"type-product","3":"status-publish","4":"has-post-thumbnail","6":"product_cat-sandalen-4","7":"product_tag-farbe-grau","8":"product_tag-farbe-gruen","9":"product_tag-farbe-moosgruen","10":"product_tag-farbe-rot","11":"product_tag-farbe-tuerkis","12":"product_tag-groesse-20","13":"product_tag-groesse-21","14":"product_tag-groesse-22","15":"product_tag-groesse-23","16":"product_tag-groesse-24","17":"product_tag-groesse-25","18":"product_tag-groesse-26","19":"product_tag-groesse-27","20":"product_tag-groesse-28","21":"product_tag-groesse-29","22":"product_tag-groesse-30","23":"product_tag-groesse-31","24":"product_tag-groesse-32","25":"product_tag-groesse-33","26":"product_tag-groesse-34","27":"product_tag-groesse-35","28":"product_tag-groesse-36","29":"product_tag-marke-blifestyle","31":"first","32":"instock","33":"taxable","34":"shipping-taxable","35":"purchasable","36":"product-type-variable"},"_links":{"self":[{"href":"https:\/\/schuhewiebarfuss.at\/shop\/wp-json\/wp\/v2\/product\/478207","targetHints":{"allow":["GET"]}}],"collection":[{"href":"https:\/\/schuhewiebarfuss.at\/shop\/wp-json\/wp\/v2\/product"}],"about":[{"href":"https:\/\/schuhewiebarfuss.at\/shop\/wp-json\/wp\/v2\/types\/product"}],"replies":[{"embeddable":true,"href":"https:\/\/schuhewiebarfuss.at\/shop\/wp-json\/wp\/v2\/comments?post=478207"}],"wp:featuredmedia":[{"embeddable":true,"href":"https:\/\/schuhewiebarfuss.at\/shop\/wp-json\/wp\/v2\/media\/478206"}],"wp:attachment":[{"href":"https:\/\/schuhewiebarfuss.at\/shop\/wp-json\/wp\/v2\/media?parent=478207"}],"wp:term":[{"taxonomy":"product_brand","embeddable":true,"href":"https:\/\/schuhewiebarfuss.at\/shop\/wp-json\/wp\/v2\/product_brand?post=478207"},{"taxonomy":"product_cat","embeddable":true,"href":"https:\/\/schuhewiebarfuss.at\/shop\/wp-json\/wp\/v2\/product_cat?post=478207"},{"taxonomy":"product_tag","embeddable":true,"href":"https:\/\/schuhewiebarfuss.at\/shop\/wp-json\/wp\/v2\/product_tag?post=478207"}],"curies":[{"name":"wp","href":"https:\/\/api.w.org\/{rel}","templated":true}]}}