{"id":477911,"date":"2024-04-10T00:03:35","date_gmt":"2024-04-09T22:03:35","guid":{"rendered":"https:\/\/schuhewiebarfuss.at\/shop\/produkt\/arrow-schwarz\/"},"modified":"2026-02-28T18:16:41","modified_gmt":"2026-02-28T17:16:41","slug":"arrow-schwarz","status":"publish","type":"product","link":"https:\/\/schuhewiebarfuss.at\/shop\/produkt\/arrow-schwarz\/","title":{"rendered":"Arrow Schwarz"},"content":{"rendered":"<p>Die V2 Modelle von Ballop zeichnen sich durch die etwas robuster gestaltete Sohle aus. Sie ist an mehreren Stellen hochgezogen, um auch im Gel\u00e4nde ausreichend Schutz und Stabilit\u00e4t zu bieten, ohne den Fu\u00df seiner nat\u00fcrlichen St\u00e4rken zu berauben. Im Fitnesstraining, beim Wassersport, auf einer Tour \u00fcber Stock und Stein &#8211; Der Ballop V2 wird Ihr Lieblingsschuh sein.<\/p>\n<p><b>Audio-Beschreibung<\/b><br \/><audio controls src=\"https:\/\/schuhewiebarfuss.at\/shop\/wp-content\/uploads\/lk\/5170_audio.wav\"><br \/>\n                                            Ihr Browser unterst\u00fctzt diese Audio-Ausgabe leider nicht.<br \/>\n                                            <\/ audio ><\/p>\n","protected":false},"excerpt":{"rendered":"<p>Zusammensetzung: DR KNIT LT 4-Spantextile: 84 % Polyester , 16 % Elastan. Sohle: 100 % Rubber, Insole: EVA Foaming Material + Polyester Mesh<br \/>\nVerschlussart: Schl\u00fcpfer<br \/>\nWasserschuh, Sportschuh, Alltag<\/p>\n","protected":false},"featured_media":477910,"comment_status":"open","ping_status":"closed","template":"","meta":[],"product_brand":[],"product_cat":[3121],"product_tag":[1468,1473,1474,1471,1475,1476,1477,1478,2461,1450],"class_list":{"0":"post-477911","1":"product","2":"type-product","3":"status-publish","4":"has-post-thumbnail","6":"product_cat-sale","7":"product_tag-groesse-36-37","8":"product_tag-groesse-37-5-38","9":"product_tag-groesse-38-5-39","10":"product_tag-groesse-40-41","11":"product_tag-groesse-41-5-42-5","12":"product_tag-groesse-43-44","13":"product_tag-groesse-45-5-46","14":"product_tag-groesse-46-5-47","15":"product_tag-marke-ballop","16":"product_tag-sale","18":"first","19":"instock","20":"taxable","21":"shipping-taxable","22":"purchasable","23":"product-type-variable"},"_links":{"self":[{"href":"https:\/\/schuhewiebarfuss.at\/shop\/wp-json\/wp\/v2\/product\/477911","targetHints":{"allow":["GET"]}}],"collection":[{"href":"https:\/\/schuhewiebarfuss.at\/shop\/wp-json\/wp\/v2\/product"}],"about":[{"href":"https:\/\/schuhewiebarfuss.at\/shop\/wp-json\/wp\/v2\/types\/product"}],"replies":[{"embeddable":true,"href":"https:\/\/schuhewiebarfuss.at\/shop\/wp-json\/wp\/v2\/comments?post=477911"}],"wp:featuredmedia":[{"embeddable":true,"href":"https:\/\/schuhewiebarfuss.at\/shop\/wp-json\/wp\/v2\/media\/477910"}],"wp:attachment":[{"href":"https:\/\/schuhewiebarfuss.at\/shop\/wp-json\/wp\/v2\/media?parent=477911"}],"wp:term":[{"taxonomy":"product_brand","embeddable":true,"href":"https:\/\/schuhewiebarfuss.at\/shop\/wp-json\/wp\/v2\/product_brand?post=477911"},{"taxonomy":"product_cat","embeddable":true,"href":"https:\/\/schuhewiebarfuss.at\/shop\/wp-json\/wp\/v2\/product_cat?post=477911"},{"taxonomy":"product_tag","embeddable":true,"href":"https:\/\/schuhewiebarfuss.at\/shop\/wp-json\/wp\/v2\/product_tag?post=477911"}],"curies":[{"name":"wp","href":"https:\/\/api.w.org\/{rel}","templated":true}]}}