{"id":477857,"date":"2024-04-09T23:58:52","date_gmt":"2024-04-09T21:58:52","guid":{"rendered":"https:\/\/schuhewiebarfuss.at\/shop\/produkt\/patrol\/"},"modified":"2026-03-11T22:43:59","modified_gmt":"2026-03-11T21:43:59","slug":"patrol","status":"publish","type":"product","link":"https:\/\/schuhewiebarfuss.at\/shop\/produkt\/patrol\/","title":{"rendered":"Patrol"},"content":{"rendered":"<p>EINZIGARTIGES BARFU\u00dfGEF\u00dcHL AUCH BEIM SPORT<\/p>\n<p>Die Fu\u00dfmuskulatur nat\u00fcrlich st\u00e4rken und beim Sport ganz nah in Kontakt mit dem Boden sein &#8211; der Patrol Barfu\u00dfschuh von Ballop ist f\u00fcr sportliche Aktivit\u00e4ten Indoor und Outdoor konzipiert!<\/p>\n<p>Der enganliegende Sportschuh ist ultraleicht und f\u00fcr Sport aller Art geeignet, da er schnelltrocknend ist kann er sogar als Wasserschuh genutzt werden. Mit dem querverlaufenden Klettverschlu\u00df kann der Schuh f\u00fcr optimalen Halt an die individuelle Fu\u00dfbreite angepasst werden.<\/p>\n<p>FUNKTIONALER ALLROUNDER MIT BODENHAFTUNG<\/p>\n<p>Die stabile Antirutsch-Sohle hat eine verst\u00e4rkte Fu\u00dfspitze f\u00fcr guten Grip auf allen Untergr\u00fcnden. Das Mesh-Gewebe sorgt f\u00fcr ideale Atmungsaktivit\u00e4t und transportiert Schwei\u00df nach au\u00dfen ab. Das ergonomische EVA-Fu\u00dfbett sch\u00fctzt und st\u00e4rkt den Fu\u00df gleichzeitig und sorgt f\u00fcr optimale Koordination bei Fitness, Laufen und Wandern. Der Patrol Sneaker von Ballop ist ein starker Schuh f\u00fcr Sportsfreunde und kommt mit dem einzigartigen Barfu\u00dfgef\u00fchl!<\/p>\n<p><b>Audio-Beschreibung<\/b><br \/><audio controls src=\"https:\/\/schuhewiebarfuss.at\/shop\/wp-content\/uploads\/lk\/6043_audio.wav\"><br \/>\n                                            Ihr Browser unterst\u00fctzt diese Audio-Ausgabe leider nicht.<br \/>\n                                            <\/ audio ><\/p>\n","protected":false},"excerpt":{"rendered":"<p>schnelltrocknend und f\u00fcr Wasser geeignet<br \/>\nflexibel und dehnbar<br \/>\nKlettverschluss<br \/>\nAnti-Rutsch-Sohle aus 100% Gummi<br \/>\nOberschuh: DR KNIT LT 4-Spantextile: 84% Polyester , 16% Elastan<br \/>\nInnensohle: EVA Foaming Material + Polyester Mesh<br \/>\nvegan<\/p>\n","protected":false},"featured_media":477856,"comment_status":"open","ping_status":"closed","template":"","meta":[],"product_brand":[],"product_cat":[3121],"product_tag":[1479,1371,3080,1408,1454,1458,1468,1473,1474,1471,1475,1476,1477,1478,2461,1450],"class_list":{"0":"post-477857","1":"product","2":"type-product","3":"status-publish","4":"has-post-thumbnail","6":"product_cat-sale","7":"product_tag-farbe-blau","8":"product_tag-farbe-grau","9":"product_tag-farbe-red","10":"product_tag-farbe-schwarz","11":"product_tag-groesse-30-31","12":"product_tag-groesse-35-5-36","13":"product_tag-groesse-36-37","14":"product_tag-groesse-37-5-38","15":"product_tag-groesse-38-5-39","16":"product_tag-groesse-40-41","17":"product_tag-groesse-41-5-42-5","18":"product_tag-groesse-43-44","19":"product_tag-groesse-45-5-46","20":"product_tag-groesse-46-5-47","21":"product_tag-marke-ballop","22":"product_tag-sale","24":"first","25":"instock","26":"taxable","27":"shipping-taxable","28":"purchasable","29":"product-type-variable"},"_links":{"self":[{"href":"https:\/\/schuhewiebarfuss.at\/shop\/wp-json\/wp\/v2\/product\/477857","targetHints":{"allow":["GET"]}}],"collection":[{"href":"https:\/\/schuhewiebarfuss.at\/shop\/wp-json\/wp\/v2\/product"}],"about":[{"href":"https:\/\/schuhewiebarfuss.at\/shop\/wp-json\/wp\/v2\/types\/product"}],"replies":[{"embeddable":true,"href":"https:\/\/schuhewiebarfuss.at\/shop\/wp-json\/wp\/v2\/comments?post=477857"}],"wp:featuredmedia":[{"embeddable":true,"href":"https:\/\/schuhewiebarfuss.at\/shop\/wp-json\/wp\/v2\/media\/477856"}],"wp:attachment":[{"href":"https:\/\/schuhewiebarfuss.at\/shop\/wp-json\/wp\/v2\/media?parent=477857"}],"wp:term":[{"taxonomy":"product_brand","embeddable":true,"href":"https:\/\/schuhewiebarfuss.at\/shop\/wp-json\/wp\/v2\/product_brand?post=477857"},{"taxonomy":"product_cat","embeddable":true,"href":"https:\/\/schuhewiebarfuss.at\/shop\/wp-json\/wp\/v2\/product_cat?post=477857"},{"taxonomy":"product_tag","embeddable":true,"href":"https:\/\/schuhewiebarfuss.at\/shop\/wp-json\/wp\/v2\/product_tag?post=477857"}],"curies":[{"name":"wp","href":"https:\/\/api.w.org\/{rel}","templated":true}]}}