{"id":477732,"date":"2024-04-09T23:34:59","date_gmt":"2024-04-09T21:34:59","guid":{"rendered":"https:\/\/schuhewiebarfuss.at\/shop\/produkt\/serengeti\/"},"modified":"2026-03-10T21:40:20","modified_gmt":"2026-03-10T20:40:20","slug":"serengeti","status":"publish","type":"product","link":"https:\/\/schuhewiebarfuss.at\/shop\/produkt\/serengeti\/","title":{"rendered":"Serengeti"},"content":{"rendered":"<p>Die flache, flexible Sohle und die ger\u00e4umige Zehenbox machen den Serengeti zu einem klassischen Barfu\u00dfschuh. Das Obermaterial aus Spandex und Kunstleder ist ebenfalls sehr flexibel, atmungsaktiv und schnelltrocknend. Der Serengeti ist besonders als Sportschuh geeignet. Sowohl zum Spazieren und Joggen, aber auch beim Fitnesstraining kann er getragen werden. Au\u00dferdem passen die schlichten Farben nat\u00fcrlich zu jedem Alltagsoutfit. Wie alle unsere Barfu\u00dfschuhe wird auch der Serengeti mit zwei verschiedenen Einlegesohlen geliefert. Je nachdem, wie viel Erfahrung du bereits mit dem Barfu\u00dflaufen hast und wie du dich wohlf\u00fchlst, kannst du dich f\u00fcr eine der beiden entscheiden, oder den Schuh ganz ohne Einlegesohle tragen.<\/p>\n<p><b>Audio-Beschreibung<\/b><br \/><audio controls src=\"https:\/\/schuhewiebarfuss.at\/shop\/wp-content\/uploads\/lk\/6045_audio.wav\"><br \/>\n                                            Ihr Browser unterst\u00fctzt diese Audio-Ausgabe leider nicht.<br \/>\n                                            <\/ audio ><\/p>\n","protected":false},"excerpt":{"rendered":"<p>Obermaterial: Spandex (90 % Polyester, 10 % Polyurethan) + PU,  Au\u00dfensohle: Rubber<br \/>\nInnensohle: 1) EVA Foam, Mesh (Polyester), 2) EVA Foam, Mesh (Polyester), Zellstoff, Kalzium<br \/>\ndruckreduzierend, muskelst\u00e4rkend und durchblutungsf\u00f6rdernd<br \/>\ngeringes Packma\u00df<br \/>\nbreite Zehenbox<\/p>\n","protected":false},"featured_media":477731,"comment_status":"open","ping_status":"closed","template":"","meta":[],"product_brand":[],"product_cat":[3121],"product_tag":[1479,1371,1570,1429,1408,1362,1368,1373,1374,1375,1376,1377,1378,1379,1380,1381,1449,1452,2461,1450],"class_list":{"0":"post-477732","1":"product","2":"type-product","3":"status-publish","4":"has-post-thumbnail","6":"product_cat-sale","7":"product_tag-farbe-blau","8":"product_tag-farbe-grau","9":"product_tag-farbe-gruen","10":"product_tag-farbe-hellgrau","11":"product_tag-farbe-schwarz","12":"product_tag-groesse-36","13":"product_tag-groesse-37","14":"product_tag-groesse-38","15":"product_tag-groesse-39","16":"product_tag-groesse-40","17":"product_tag-groesse-41","18":"product_tag-groesse-42","19":"product_tag-groesse-43","20":"product_tag-groesse-44","21":"product_tag-groesse-45","22":"product_tag-groesse-46","23":"product_tag-groesse-47","24":"product_tag-groesse-48","25":"product_tag-marke-ballop","26":"product_tag-sale","28":"first","29":"instock","30":"sale","31":"taxable","32":"shipping-taxable","33":"purchasable","34":"product-type-variable"},"_links":{"self":[{"href":"https:\/\/schuhewiebarfuss.at\/shop\/wp-json\/wp\/v2\/product\/477732","targetHints":{"allow":["GET"]}}],"collection":[{"href":"https:\/\/schuhewiebarfuss.at\/shop\/wp-json\/wp\/v2\/product"}],"about":[{"href":"https:\/\/schuhewiebarfuss.at\/shop\/wp-json\/wp\/v2\/types\/product"}],"replies":[{"embeddable":true,"href":"https:\/\/schuhewiebarfuss.at\/shop\/wp-json\/wp\/v2\/comments?post=477732"}],"wp:featuredmedia":[{"embeddable":true,"href":"https:\/\/schuhewiebarfuss.at\/shop\/wp-json\/wp\/v2\/media\/477731"}],"wp:attachment":[{"href":"https:\/\/schuhewiebarfuss.at\/shop\/wp-json\/wp\/v2\/media?parent=477732"}],"wp:term":[{"taxonomy":"product_brand","embeddable":true,"href":"https:\/\/schuhewiebarfuss.at\/shop\/wp-json\/wp\/v2\/product_brand?post=477732"},{"taxonomy":"product_cat","embeddable":true,"href":"https:\/\/schuhewiebarfuss.at\/shop\/wp-json\/wp\/v2\/product_cat?post=477732"},{"taxonomy":"product_tag","embeddable":true,"href":"https:\/\/schuhewiebarfuss.at\/shop\/wp-json\/wp\/v2\/product_tag?post=477732"}],"curies":[{"name":"wp","href":"https:\/\/api.w.org\/{rel}","templated":true}]}}