{"id":477629,"date":"2024-04-09T23:14:56","date_gmt":"2024-04-09T21:14:56","guid":{"rendered":"https:\/\/schuhewiebarfuss.at\/shop\/produkt\/corso\/"},"modified":"2026-03-25T18:46:13","modified_gmt":"2026-03-25T17:46:13","slug":"corso","status":"publish","type":"product","link":"https:\/\/schuhewiebarfuss.at\/shop\/produkt\/corso\/","title":{"rendered":"Corso"},"content":{"rendered":"<p>Der Barfu\u00dfschuh Corso gibt dir mit seiner ger\u00e4umigen Zehenbox viel Platz, um ein gesundes Barfu\u00dfgef\u00fchl zu erm\u00f6glichen. Die flache Sohle ist besonders flexibel und gibt deinem K\u00f6rper schrittweise einen nat\u00fcrlichen Gang zur\u00fcck. Du sp\u00fcrst den Untergrund, auf dem du gehst, wodurch deine Muskeln angeregt werden, Unebenheiten auszugleichen.<\/p>\n<p>Mit seinem schlichten Design ist der Corso besonders gut als Alltagsschuh geeignet. Die gedeckten Farben passen sich an jedes Outfit an, egal ob im B\u00fcro oder in der Freizeit.<\/p>\n<p>Das Obermaterial aus Wolle und Polyester ist atmungsaktiv und macht den Corso zu unserem w\u00e4rmsten Barfu\u00dfschuh, der besonders f\u00fcr k\u00fchlere Temperaturen geeignet ist. <\/p>\n<p>Wie alle unsere Barfu\u00dfschuhe wird auch der Corso mit zwei verschiedenen Einlegesohlen geliefert. Je nachdem, wie viel Erfahrung du bereits mit dem Barfu\u00dflaufen hast und wie du dich wohlf\u00fchlst, kannst du dich f\u00fcr eine der beiden entscheiden, oder den Schuh ganz ohne Einlegesohle tragen.<\/p>\n<p><b>Audio-Beschreibung<\/b><br \/><audio controls src=\"https:\/\/schuhewiebarfuss.at\/shop\/wp-content\/uploads\/lk\/6040_audio.wav\"><br \/>\n                                            Ihr Browser unterst\u00fctzt diese Audio-Ausgabe leider nicht.<br \/>\n                                            <\/ audio ><\/p>\n","protected":false},"excerpt":{"rendered":"<p>Obermaterial: 70% Wolle, 30% Polyester<br \/>\nZwei Innensohlen enthalten<br \/>\nSohle: 100% Gummi<br \/>\nflexibel und dehnbar<br \/>\natmungsaktiv<\/p>\n","protected":false},"featured_media":477628,"comment_status":"open","ping_status":"closed","template":"","meta":[],"product_brand":[],"product_cat":[3121],"product_tag":[1462,2233,1570,1429,1600,1362,1368,1373,1374,1375,1376,1377,1378,1379,1380,1381,1449,1452,2461,1450],"class_list":{"0":"post-477629","1":"product","2":"type-product","3":"status-publish","4":"has-post-thumbnail","6":"product_cat-sale","7":"product_tag-farbe-dunkelgrau","8":"product_tag-farbe-dunkelrot","9":"product_tag-farbe-gruen","10":"product_tag-farbe-hellgrau","11":"product_tag-farbe-rot","12":"product_tag-groesse-36","13":"product_tag-groesse-37","14":"product_tag-groesse-38","15":"product_tag-groesse-39","16":"product_tag-groesse-40","17":"product_tag-groesse-41","18":"product_tag-groesse-42","19":"product_tag-groesse-43","20":"product_tag-groesse-44","21":"product_tag-groesse-45","22":"product_tag-groesse-46","23":"product_tag-groesse-47","24":"product_tag-groesse-48","25":"product_tag-marke-ballop","26":"product_tag-sale","28":"first","29":"instock","30":"taxable","31":"shipping-taxable","32":"purchasable","33":"product-type-variable"},"_links":{"self":[{"href":"https:\/\/schuhewiebarfuss.at\/shop\/wp-json\/wp\/v2\/product\/477629","targetHints":{"allow":["GET"]}}],"collection":[{"href":"https:\/\/schuhewiebarfuss.at\/shop\/wp-json\/wp\/v2\/product"}],"about":[{"href":"https:\/\/schuhewiebarfuss.at\/shop\/wp-json\/wp\/v2\/types\/product"}],"replies":[{"embeddable":true,"href":"https:\/\/schuhewiebarfuss.at\/shop\/wp-json\/wp\/v2\/comments?post=477629"}],"wp:featuredmedia":[{"embeddable":true,"href":"https:\/\/schuhewiebarfuss.at\/shop\/wp-json\/wp\/v2\/media\/477628"}],"wp:attachment":[{"href":"https:\/\/schuhewiebarfuss.at\/shop\/wp-json\/wp\/v2\/media?parent=477629"}],"wp:term":[{"taxonomy":"product_brand","embeddable":true,"href":"https:\/\/schuhewiebarfuss.at\/shop\/wp-json\/wp\/v2\/product_brand?post=477629"},{"taxonomy":"product_cat","embeddable":true,"href":"https:\/\/schuhewiebarfuss.at\/shop\/wp-json\/wp\/v2\/product_cat?post=477629"},{"taxonomy":"product_tag","embeddable":true,"href":"https:\/\/schuhewiebarfuss.at\/shop\/wp-json\/wp\/v2\/product_tag?post=477629"}],"curies":[{"name":"wp","href":"https:\/\/api.w.org\/{rel}","templated":true}]}}