{"id":477559,"date":"2024-04-09T23:00:46","date_gmt":"2024-04-09T21:00:46","guid":{"rendered":"https:\/\/schuhewiebarfuss.at\/shop\/produkt\/pace-grau-schwarz\/"},"modified":"2026-03-28T18:13:28","modified_gmt":"2026-03-28T17:13:28","slug":"pace-grau-schwarz","status":"publish","type":"product","link":"https:\/\/schuhewiebarfuss.at\/shop\/produkt\/pace-grau-schwarz\/","title":{"rendered":"Pace Grau\/Schwarz"},"content":{"rendered":"<p>Performance-Multiaktivit\u00e4ts-Sportschuh mit unserer 6-mm-OrthoLite\u00ae-Einlegesohle f\u00fcr ConnectComfort+-Sto\u00dfd\u00e4mpfung f\u00fcr h\u00e4rtere, gemischte Oberfl\u00e4chen und l\u00e4ngere Strecken. FlyKnit-Obermaterial aus recyceltem Kaffeesatz f\u00fcr erstaunliche Leistung, ob beim Laufen, Wandern, Sport, Fitnessstudio oder ganzt\u00e4gig in der Freizeit. Gro\u00dfartig auch f\u00fcr die Ressourcen unseres kostbaren Planeten. <\/p>\n<p>Alle unsere Schuhe sind voll flexibel, haben eine ger\u00e4umige Zehenbox und fallen nicht ab (gleiche H\u00f6he an Vorder- und Ferse), um eine nat\u00fcrliche Bewegung zu erm\u00f6glichen<br \/>\n    Obermaterial aus CoffeeFlyMesh (SCafe) aus recyceltem Kaffeesatz f\u00fcr strapazierf\u00e4hige, atmungsaktive, antimikrobielle und schnell trocknende Leistung<br \/>\n    Die herausnehmbare ConnectComfort OrthoLite\u00ae 6-mm-Einlegesohle unterst\u00fctzt die Sto\u00dfd\u00e4mpfung und gew\u00e4hrleistet gleichzeitig eine hervorragende Bodenhaftung. Erh\u00e4ltlich ist unsere RockPlate f\u00fcr zus\u00e4tzlichen Schutz vor scharfen Steinen<br \/>\n    Freet 5in1 asymmetrischer Vorfu\u00df f\u00fcr eine nat\u00fcrliche Fu\u00dfform, die eine nat\u00fcrliche Spreizung der Zehen erm\u00f6glicht<br \/>\n    Herk\u00f6mmliche schwarze\/anthrazit gefleckte Spitze<br \/>\n    MultiGrip-Performance-Au\u00dfensohle f\u00fcr eine bessere Qualit\u00e4t auf Trails und Stra\u00dfenbelag und Haltbarkeit<br \/>\n    Holzkohle<br \/>\n    Mit oder ohne Socken getragen<br \/>\n    Tragen Sie bei feuchteren, k\u00e4lteren Bedingungen unsere wasserdichte Socke (separat erh\u00e4ltlich)<br \/>\n    Vegan<br \/>\n    Stapelh\u00f6he: 10mm mit Innensohle; 4mm ohne Innensohle<\/p>\n<p><b>Audio-Beschreibung<\/b><br \/><audio controls src=\"https:\/\/schuhewiebarfuss.at\/shop\/wp-content\/uploads\/lk\/6079_audio.wav\"><br \/>\n                                            Ihr Browser unterst\u00fctzt diese Audio-Ausgabe leider nicht.<br \/>\n                                            <\/ audio ><\/p>\n","protected":false},"excerpt":{"rendered":"<p>Alle unsere Schuhe sind voll flexibel, haben eine ger\u00e4umige Zehenbox und fallen nicht ab (gleiche H\u00f6he an Vorder- und Ferse), um eine nat\u00fcrliche Bewegung zu erm\u00f6glichen<br \/>\n    Obermaterial aus CoffeeFlyMesh (SCafe) aus recyceltem Kaffeesatz f\u00fcr strapazierf\u00e4hige, atmungsaktive, antimikrobielle und schnell trocknende Leistung<br \/>\n    Die herausnehmbare ConnectComfort OrthoLite\u00ae 6-mm-Einlegesohle unterst\u00fctzt die Sto\u00dfd\u00e4mpfung und gew\u00e4hrleistet gleichzeitig eine hervorragende Bodenhaftung. Erh\u00e4ltlich ist unsere RockPlate f\u00fcr zus\u00e4tzlichen Schutz vor scharfen Steinen<br \/>\n    Freet 5in1 asymmetrischer Vorfu\u00df f\u00fcr eine nat\u00fcrliche Fu\u00dfform, die eine nat\u00fcrliche Spreizung der Zehen erm\u00f6glicht<br \/>\n    Herk\u00f6mmliche schwarze\/anthrazit gefleckte Spitze<br \/>\n    MultiGrip-Performance-Au\u00dfensohle f\u00fcr eine bessere Qualit\u00e4t auf Trails und Stra\u00dfenbelag und Haltbarkeit<br \/>\n    Holzkohle<br \/>\n    Mit oder ohne Socken getragen<br \/>\n    Tragen Sie bei feuchteren, k\u00e4lteren Bedingungen unsere wasserdichte Socke (separat erh\u00e4ltlich)<br \/>\n    Vegan<br \/>\n    Stapelh\u00f6he: 10mm mit Innensohle; 4mm ohne Innensohle<\/p>\n","protected":false},"featured_media":477558,"comment_status":"open","ping_status":"closed","template":"","meta":[],"product_brand":[],"product_cat":[3121],"product_tag":[1368,1373,1374,1375,1376,1377,1378,1379,1380,1381,1449,1452,2444,1450],"class_list":{"0":"post-477559","1":"product","2":"type-product","3":"status-publish","4":"has-post-thumbnail","6":"product_cat-sale","7":"product_tag-groesse-37","8":"product_tag-groesse-38","9":"product_tag-groesse-39","10":"product_tag-groesse-40","11":"product_tag-groesse-41","12":"product_tag-groesse-42","13":"product_tag-groesse-43","14":"product_tag-groesse-44","15":"product_tag-groesse-45","16":"product_tag-groesse-46","17":"product_tag-groesse-47","18":"product_tag-groesse-48","19":"product_tag-marke-freet","20":"product_tag-sale","22":"first","23":"instock","24":"sale","25":"taxable","26":"shipping-taxable","27":"purchasable","28":"product-type-variable"},"_links":{"self":[{"href":"https:\/\/schuhewiebarfuss.at\/shop\/wp-json\/wp\/v2\/product\/477559","targetHints":{"allow":["GET"]}}],"collection":[{"href":"https:\/\/schuhewiebarfuss.at\/shop\/wp-json\/wp\/v2\/product"}],"about":[{"href":"https:\/\/schuhewiebarfuss.at\/shop\/wp-json\/wp\/v2\/types\/product"}],"replies":[{"embeddable":true,"href":"https:\/\/schuhewiebarfuss.at\/shop\/wp-json\/wp\/v2\/comments?post=477559"}],"wp:featuredmedia":[{"embeddable":true,"href":"https:\/\/schuhewiebarfuss.at\/shop\/wp-json\/wp\/v2\/media\/477558"}],"wp:attachment":[{"href":"https:\/\/schuhewiebarfuss.at\/shop\/wp-json\/wp\/v2\/media?parent=477559"}],"wp:term":[{"taxonomy":"product_brand","embeddable":true,"href":"https:\/\/schuhewiebarfuss.at\/shop\/wp-json\/wp\/v2\/product_brand?post=477559"},{"taxonomy":"product_cat","embeddable":true,"href":"https:\/\/schuhewiebarfuss.at\/shop\/wp-json\/wp\/v2\/product_cat?post=477559"},{"taxonomy":"product_tag","embeddable":true,"href":"https:\/\/schuhewiebarfuss.at\/shop\/wp-json\/wp\/v2\/product_tag?post=477559"}],"curies":[{"name":"wp","href":"https:\/\/api.w.org\/{rel}","templated":true}]}}