{"id":477438,"date":"2024-04-09T22:21:20","date_gmt":"2024-04-09T20:21:20","guid":{"rendered":"https:\/\/schuhewiebarfuss.at\/shop\/produkt\/citee-schwarz\/"},"modified":"2026-02-28T18:09:36","modified_gmt":"2026-02-28T17:09:36","slug":"citee-schwarz","status":"publish","type":"product","link":"https:\/\/schuhewiebarfuss.at\/shop\/produkt\/citee-schwarz\/","title":{"rendered":"Citee Schwarz"},"content":{"rendered":"<p>Der Schuh f\u00fcr den Alltag &#8211; elegant genug f\u00fcr das B\u00fcro; ideal f\u00fcr den allt\u00e4glichen Gebrauch. Ausgestattet mit unserem leistungsstarken Obermaterial aus Mikrofaser, das atmungsaktiv, wasserabweisend, schnell trocknend und sehr pflegeleicht ist. Einfach abwischen!<\/p>\n<p><b>Audio-Beschreibung<\/b><br \/><audio controls src=\"https:\/\/schuhewiebarfuss.at\/shop\/wp-content\/uploads\/lk\/5210_audio.wav\"><br \/>\n                                            Ihr Browser unterst\u00fctzt diese Audio-Ausgabe leider nicht.<br \/>\n                                            <\/ audio ><\/p>\n","protected":false},"excerpt":{"rendered":"<p>Obermaterial:\u00a0Mikrofaser<br \/>\nHerausnehmbare, flexible 2,5 mm Einlegesohle zur Sto\u00dfd\u00e4mpfung<br \/>\nSohle: 6,5-7 mm mit Einlegesohle, 4 mm ohne Einlegesohle\u00a0<br \/>\nvegan<br \/>\nergonomische Zehenbox<\/p>\n","protected":false},"featured_media":477437,"comment_status":"open","ping_status":"closed","template":"","meta":[],"product_brand":[],"product_cat":[3121],"product_tag":[1368,1373,1374,1375,1376,1377,1378,1379,1380,1381,1449,1452,2444,1450],"class_list":{"0":"post-477438","1":"product","2":"type-product","3":"status-publish","4":"has-post-thumbnail","6":"product_cat-sale","7":"product_tag-groesse-37","8":"product_tag-groesse-38","9":"product_tag-groesse-39","10":"product_tag-groesse-40","11":"product_tag-groesse-41","12":"product_tag-groesse-42","13":"product_tag-groesse-43","14":"product_tag-groesse-44","15":"product_tag-groesse-45","16":"product_tag-groesse-46","17":"product_tag-groesse-47","18":"product_tag-groesse-48","19":"product_tag-marke-freet","20":"product_tag-sale","22":"first","23":"instock","24":"taxable","25":"shipping-taxable","26":"purchasable","27":"product-type-variable"},"_links":{"self":[{"href":"https:\/\/schuhewiebarfuss.at\/shop\/wp-json\/wp\/v2\/product\/477438","targetHints":{"allow":["GET"]}}],"collection":[{"href":"https:\/\/schuhewiebarfuss.at\/shop\/wp-json\/wp\/v2\/product"}],"about":[{"href":"https:\/\/schuhewiebarfuss.at\/shop\/wp-json\/wp\/v2\/types\/product"}],"replies":[{"embeddable":true,"href":"https:\/\/schuhewiebarfuss.at\/shop\/wp-json\/wp\/v2\/comments?post=477438"}],"wp:featuredmedia":[{"embeddable":true,"href":"https:\/\/schuhewiebarfuss.at\/shop\/wp-json\/wp\/v2\/media\/477437"}],"wp:attachment":[{"href":"https:\/\/schuhewiebarfuss.at\/shop\/wp-json\/wp\/v2\/media?parent=477438"}],"wp:term":[{"taxonomy":"product_brand","embeddable":true,"href":"https:\/\/schuhewiebarfuss.at\/shop\/wp-json\/wp\/v2\/product_brand?post=477438"},{"taxonomy":"product_cat","embeddable":true,"href":"https:\/\/schuhewiebarfuss.at\/shop\/wp-json\/wp\/v2\/product_cat?post=477438"},{"taxonomy":"product_tag","embeddable":true,"href":"https:\/\/schuhewiebarfuss.at\/shop\/wp-json\/wp\/v2\/product_tag?post=477438"}],"curies":[{"name":"wp","href":"https:\/\/api.w.org\/{rel}","templated":true}]}}