{"id":477425,"date":"2024-04-09T22:13:16","date_gmt":"2024-04-09T20:13:16","guid":{"rendered":"https:\/\/schuhewiebarfuss.at\/shop\/produkt\/namaka-schwarz\/"},"modified":"2026-03-01T16:16:26","modified_gmt":"2026-03-01T15:16:26","slug":"namaka-schwarz","status":"publish","type":"product","link":"https:\/\/schuhewiebarfuss.at\/shop\/produkt\/namaka-schwarz\/","title":{"rendered":"Namaka Schwarz"},"content":{"rendered":"<p>Der neue Namaka mit der ca. 5 mm Laufsohle und einem hoch atmungsaktivem Obermaterial besticht durch seine ausgereiften Funktionen.<\/p>\n<p>Der Namaka von Sole Runner bietet das gewohnt funktionelles Schn\u00fcrsystem, bei dem der Schuh mit einem Zug fest am Fu\u00df sitzt.<br \/>\nDas mit ca. 6mm neue Laufsohlenkonzept ist durch intensive Gespr\u00e4che Physiotherapeuten entstanden, die besonders Reha-Patienten oder auch L\u00e4ufern einen leichteren Einstieg in die Welt der Barfu\u00dfschuhe erm\u00f6glicht.<\/p>\n<p><b>Audio-Beschreibung<\/b><br \/><audio controls src=\"https:\/\/schuhewiebarfuss.at\/shop\/wp-content\/uploads\/lk\/5130_audio.wav\"><br \/>\n                                            Ihr Browser unterst\u00fctzt diese Audio-Ausgabe leider nicht.<br \/>\n                                            <\/ audio ><\/p>\n","protected":false},"excerpt":{"rendered":"<p>Obermaterial: Gallop Mesh Material, hydrophobiert (Wasserabweisend)<br \/>\nVerschluss: Schn\u00fcrsenkel<br \/>\nForm: Weit geschnitten (H-Weite)<br \/>\nLaufsohle: 6mm, Non Marking (nicht abf\u00e4rbend).<br \/>\nErlaubt einen m\u00f6glichst direkten Kontakt zum Boden. Fast wie Gehen auf der eigenen Fu\u00dfsohle.<\/p>\n","protected":false},"featured_media":477424,"comment_status":"open","ping_status":"closed","template":"","meta":[],"product_brand":[],"product_cat":[3121],"product_tag":[1362,1368,1373,1374,1375,1376,1377,1378,1379,1380,1381,1449,2449,1450],"class_list":{"0":"post-477425","1":"product","2":"type-product","3":"status-publish","4":"has-post-thumbnail","6":"product_cat-sale","7":"product_tag-groesse-36","8":"product_tag-groesse-37","9":"product_tag-groesse-38","10":"product_tag-groesse-39","11":"product_tag-groesse-40","12":"product_tag-groesse-41","13":"product_tag-groesse-42","14":"product_tag-groesse-43","15":"product_tag-groesse-44","16":"product_tag-groesse-45","17":"product_tag-groesse-46","18":"product_tag-groesse-47","19":"product_tag-marke-sole-runner","20":"product_tag-sale","22":"first","23":"instock","24":"taxable","25":"shipping-taxable","26":"purchasable","27":"product-type-variable"},"_links":{"self":[{"href":"https:\/\/schuhewiebarfuss.at\/shop\/wp-json\/wp\/v2\/product\/477425","targetHints":{"allow":["GET"]}}],"collection":[{"href":"https:\/\/schuhewiebarfuss.at\/shop\/wp-json\/wp\/v2\/product"}],"about":[{"href":"https:\/\/schuhewiebarfuss.at\/shop\/wp-json\/wp\/v2\/types\/product"}],"replies":[{"embeddable":true,"href":"https:\/\/schuhewiebarfuss.at\/shop\/wp-json\/wp\/v2\/comments?post=477425"}],"wp:featuredmedia":[{"embeddable":true,"href":"https:\/\/schuhewiebarfuss.at\/shop\/wp-json\/wp\/v2\/media\/477424"}],"wp:attachment":[{"href":"https:\/\/schuhewiebarfuss.at\/shop\/wp-json\/wp\/v2\/media?parent=477425"}],"wp:term":[{"taxonomy":"product_brand","embeddable":true,"href":"https:\/\/schuhewiebarfuss.at\/shop\/wp-json\/wp\/v2\/product_brand?post=477425"},{"taxonomy":"product_cat","embeddable":true,"href":"https:\/\/schuhewiebarfuss.at\/shop\/wp-json\/wp\/v2\/product_cat?post=477425"},{"taxonomy":"product_tag","embeddable":true,"href":"https:\/\/schuhewiebarfuss.at\/shop\/wp-json\/wp\/v2\/product_tag?post=477425"}],"curies":[{"name":"wp","href":"https:\/\/api.w.org\/{rel}","templated":true}]}}