{"id":477348,"date":"2024-04-09T21:42:02","date_gmt":"2024-04-09T19:42:02","guid":{"rendered":"https:\/\/schuhewiebarfuss.at\/shop\/produkt\/kari-glattleder-schwarz\/"},"modified":"2026-03-01T16:16:54","modified_gmt":"2026-03-01T15:16:54","slug":"kari-glattleder-schwarz","status":"publish","type":"product","link":"https:\/\/schuhewiebarfuss.at\/shop\/produkt\/kari-glattleder-schwarz\/","title":{"rendered":"Kari Glattleder Schwarz"},"content":{"rendered":"<p>Der Sole Runner Kari ist der neue Casual Schuh f\u00fcr die k\u00e4ltere Jahreszeit. Nach dem gro\u00dfen Erfolg der Modelle aus Ziegenvelours kommt jetzt das Modell aus weichem Glattleder. Mit seinem Innenfutter aus Fleece bietet dieser Barfu\u00dfschuhe ausreichend W\u00e4rme f\u00fcr die Zeit, in der es etwas k\u00e4lter ist.<br \/>\nWie alle Sole Runner Schuhe gew\u00e4hrleistet auch der Kari ein Gehen, fast wie auf der eigenen Fu\u00dfsohle.<br \/>\nDa ein Fu\u00df im Schuh beim Gehen immer noch etwas nach vorn rutscht, bitte zu der gemessenen Fu\u00dfl\u00e4nge noch ca. 3-5 mm addieren.<\/p>\n<p>Obermaterial: Glattleder, Wasser abweisend<br \/>\nVerschluss: Funktioneller Verschluss<br \/>\nForm: Weit. (H-Weite) Die Zehen haben optimale Bewegungsfreiheit<br \/>\nGr\u00f6\u00dfen: 36 &#8211; 48<br \/>\nGewicht: Gr. 41: ca. 250 gr.<br \/>\nLaufsohle: ca. 6mm Laufsohle Gummi, Non Marking (nicht abf\u00e4rbend). Bietet einen m\u00f6glichst direkten Kontakt zum Boden<br \/>\nPflege: Schuhcreme, Impr\u00e4gnierspray<\/p>\n<p><b>Audio-Beschreibung<\/b><br \/><audio controls src=\"https:\/\/schuhewiebarfuss.at\/shop\/wp-content\/uploads\/lk\/5135_audio.wav\"><br \/>\n                                            Ihr Browser unterst\u00fctzt diese Audio-Ausgabe leider nicht.<br \/>\n                                            <\/ audio ><\/p>\n","protected":false},"excerpt":{"rendered":"<p>Barfu\u00dfschuh Kari Black Glattleder Unisex<\/p>\n<p>Sole Runner Kari. Den erfolgreichen Casual Schuh gibt es nun auch aus weichem Glattleder. Mit dem Kari in schwarz und dem d\u00fcnnen Fleece-Innenfutter kann die k\u00e4ltere Jahreszeit kommen. <\/p>\n<p>Weite: H (Weit)<br \/>\nModell: Kari black Glattleder<br \/>\nHersteller: Sole Runner<br \/>\nInhalt: 1 Paar<\/p>\n","protected":false},"featured_media":477347,"comment_status":"open","ping_status":"closed","template":"","meta":[],"product_brand":[],"product_cat":[3121],"product_tag":[1362,1368,1373,1374,1375,1376,1377,1378,1379,1380,1381,1449,2449,1450],"class_list":{"0":"post-477348","1":"product","2":"type-product","3":"status-publish","4":"has-post-thumbnail","6":"product_cat-sale","7":"product_tag-groesse-36","8":"product_tag-groesse-37","9":"product_tag-groesse-38","10":"product_tag-groesse-39","11":"product_tag-groesse-40","12":"product_tag-groesse-41","13":"product_tag-groesse-42","14":"product_tag-groesse-43","15":"product_tag-groesse-44","16":"product_tag-groesse-45","17":"product_tag-groesse-46","18":"product_tag-groesse-47","19":"product_tag-marke-sole-runner","20":"product_tag-sale","22":"first","23":"instock","24":"taxable","25":"shipping-taxable","26":"purchasable","27":"product-type-variable"},"_links":{"self":[{"href":"https:\/\/schuhewiebarfuss.at\/shop\/wp-json\/wp\/v2\/product\/477348","targetHints":{"allow":["GET"]}}],"collection":[{"href":"https:\/\/schuhewiebarfuss.at\/shop\/wp-json\/wp\/v2\/product"}],"about":[{"href":"https:\/\/schuhewiebarfuss.at\/shop\/wp-json\/wp\/v2\/types\/product"}],"replies":[{"embeddable":true,"href":"https:\/\/schuhewiebarfuss.at\/shop\/wp-json\/wp\/v2\/comments?post=477348"}],"wp:featuredmedia":[{"embeddable":true,"href":"https:\/\/schuhewiebarfuss.at\/shop\/wp-json\/wp\/v2\/media\/477347"}],"wp:attachment":[{"href":"https:\/\/schuhewiebarfuss.at\/shop\/wp-json\/wp\/v2\/media?parent=477348"}],"wp:term":[{"taxonomy":"product_brand","embeddable":true,"href":"https:\/\/schuhewiebarfuss.at\/shop\/wp-json\/wp\/v2\/product_brand?post=477348"},{"taxonomy":"product_cat","embeddable":true,"href":"https:\/\/schuhewiebarfuss.at\/shop\/wp-json\/wp\/v2\/product_cat?post=477348"},{"taxonomy":"product_tag","embeddable":true,"href":"https:\/\/schuhewiebarfuss.at\/shop\/wp-json\/wp\/v2\/product_tag?post=477348"}],"curies":[{"name":"wp","href":"https:\/\/api.w.org\/{rel}","templated":true}]}}