{"id":477266,"date":"2024-04-09T21:15:42","date_gmt":"2024-04-09T19:15:42","guid":{"rendered":"https:\/\/schuhewiebarfuss.at\/shop\/produkt\/aegir-blau-weiss\/"},"modified":"2026-03-13T20:10:52","modified_gmt":"2026-03-13T19:10:52","slug":"aegir-blau-weiss","status":"publish","type":"product","link":"https:\/\/schuhewiebarfuss.at\/shop\/produkt\/aegir-blau-weiss\/","title":{"rendered":"Aegir Blau\/Wei\u00df"},"content":{"rendered":"<p>Der neue Sommersneaker von Sole Runner kommt mit einem maritimen Look.<br \/>\nAuch bei dem Aegir\u00a0kommt die 6 mm Sohlenoptik Optik  zum Einsatz. Damit l\u00e4sst er sich auch bequem in urbaner Umgebung tragen und\u00a0das Profil bietet einen guten Grip.<br \/>\nDer Aegir ist vorwiegend aus Canvas gefertigt, die Applikationen aus weichem Velours Leder.\u00a0<\/p>\n<p>Das Sole Runner Modell Aegir ist weit geschnitten.\u00a0<br \/>\nDer Schuh ist vorn breit geschnitten, so dass die Zehen optimale Bewegungsfreiheit haben.<\/p>\n<p>Die Laufsohle des Aegir ist  6 mm d\u00fcnn, erlaubt einen\u00a0fast direkten Kontakt zum Boden und erm\u00f6glicht ein gesch\u00fctztes barfu\u00df laufen fast wie auf der eigenen Fu\u00dfsohle.<\/p>\n<p><b>Audio-Beschreibung<\/b><br \/><audio controls src=\"https:\/\/schuhewiebarfuss.at\/shop\/wp-content\/uploads\/lk\/5945_audio.wav\"><br \/>\n                                            Ihr Browser unterst\u00fctzt diese Audio-Ausgabe leider nicht.<br \/>\n                                            <\/ audio ><\/p>\n","protected":false},"excerpt":{"rendered":"<p>Obermaterial: Canvas\/Leder<br \/>\nInnen: Stoff<br \/>\nLaufsohle: 6mm Gummi, Non Marking (nicht abf\u00e4rbend)<br \/>\nVerschlussart: Schn\u00fcrung<br \/>\nForm: Weit<\/p>\n","protected":false},"featured_media":477265,"comment_status":"open","ping_status":"closed","template":"","meta":[],"product_brand":[],"product_cat":[851],"product_tag":[1362,1368,1373,1374,1375,1376,1377,1378,1379,1380,1381,1449,2449],"class_list":{"0":"post-477266","1":"product","2":"type-product","3":"status-publish","4":"has-post-thumbnail","6":"product_cat-lifestyle-3","7":"product_tag-groesse-36","8":"product_tag-groesse-37","9":"product_tag-groesse-38","10":"product_tag-groesse-39","11":"product_tag-groesse-40","12":"product_tag-groesse-41","13":"product_tag-groesse-42","14":"product_tag-groesse-43","15":"product_tag-groesse-44","16":"product_tag-groesse-45","17":"product_tag-groesse-46","18":"product_tag-groesse-47","19":"product_tag-marke-sole-runner","21":"first","22":"instock","23":"taxable","24":"shipping-taxable","25":"purchasable","26":"product-type-variable"},"_links":{"self":[{"href":"https:\/\/schuhewiebarfuss.at\/shop\/wp-json\/wp\/v2\/product\/477266","targetHints":{"allow":["GET"]}}],"collection":[{"href":"https:\/\/schuhewiebarfuss.at\/shop\/wp-json\/wp\/v2\/product"}],"about":[{"href":"https:\/\/schuhewiebarfuss.at\/shop\/wp-json\/wp\/v2\/types\/product"}],"replies":[{"embeddable":true,"href":"https:\/\/schuhewiebarfuss.at\/shop\/wp-json\/wp\/v2\/comments?post=477266"}],"wp:featuredmedia":[{"embeddable":true,"href":"https:\/\/schuhewiebarfuss.at\/shop\/wp-json\/wp\/v2\/media\/477265"}],"wp:attachment":[{"href":"https:\/\/schuhewiebarfuss.at\/shop\/wp-json\/wp\/v2\/media?parent=477266"}],"wp:term":[{"taxonomy":"product_brand","embeddable":true,"href":"https:\/\/schuhewiebarfuss.at\/shop\/wp-json\/wp\/v2\/product_brand?post=477266"},{"taxonomy":"product_cat","embeddable":true,"href":"https:\/\/schuhewiebarfuss.at\/shop\/wp-json\/wp\/v2\/product_cat?post=477266"},{"taxonomy":"product_tag","embeddable":true,"href":"https:\/\/schuhewiebarfuss.at\/shop\/wp-json\/wp\/v2\/product_tag?post=477266"}],"curies":[{"name":"wp","href":"https:\/\/api.w.org\/{rel}","templated":true}]}}