{"id":477236,"date":"2024-04-09T21:02:27","date_gmt":"2024-04-09T19:02:27","guid":{"rendered":"https:\/\/schuhewiebarfuss.at\/shop\/produkt\/neso-chap-black\/"},"modified":"2026-03-01T12:56:04","modified_gmt":"2026-03-01T11:56:04","slug":"neso-chap-schwarz","status":"publish","type":"product","link":"https:\/\/schuhewiebarfuss.at\/shop\/produkt\/neso-chap-schwarz\/","title":{"rendered":"Neso Chap Schwarz"},"content":{"rendered":"<p>Die neue Zehensteg Sandale Neso Chap ist sehr minimalistisch. Der Fu\u00df steht auf atmungsaktivem, h\u00f6chst angenehm zu tragenden Veloursleder.<\/p>\n<p>Die Sandale ist hinten offen, die Laufsohle ist lediglich ca. 2,5mm d\u00fcnn.<br \/>\nDie Sandale ist federleicht und sitzt perfekt dem Fu\u00df an. Der Zehenzwischenraum ist durch ein weiches Lederst\u00fcck gesch\u00fctzt vom Band gesch\u00fctzt.<br \/>\nDie Sandale st\u00fctzt nicht und erm\u00f6glicht somit ein gesch\u00fctztes barfu\u00df laufen, fast wie auf der eigenen Fu\u00dfsohle.<\/p>\n<p>Obermaterial: Veloursleder, hydrophobiert (Wasser abweisend)<br \/>\nVerschluss: ohne<br \/>\nForm: Weit, f\u00fcr normale bis kr\u00e4ftige F\u00fc\u00dfe. Vorn weit geschnitten. Die Zehen haben optimale Bewegungsfreiheit<br \/>\nGr\u00f6\u00dfen: 36-48<br \/>\nGewicht:<br \/>\nLaufsohle: ca. 2,5 mm Gummi, Non Marking (nicht abf\u00e4rbend).<br \/>\nErlaubt einen m\u00f6glichst direkten Kontakt zum Boden. Fast wie Gehen auf der eigenen Fu\u00dfsohle.<\/p>\n<p><b>Audio-Beschreibung<\/b><br \/><audio controls src=\"https:\/\/schuhewiebarfuss.at\/shop\/wp-content\/uploads\/lk\/5119_audio.wav\"><br \/>\n                                            Ihr Browser unterst\u00fctzt diese Audio-Ausgabe leider nicht.<br \/>\n                                            <\/ audio ><\/p>\n","protected":false},"excerpt":{"rendered":"<p>Sandale Neso Chap<\/p>\n<p>Obermaterial: Veloursleder, hydrophobiert<br \/>\nVerschluss: ohne<br \/>\nForm: Weit, f\u00fcr normale bis kr\u00e4ftige F\u00fc\u00dfe, vorn weit geschnitten<br \/>\nGr\u00f6\u00dfen: 36-48<br \/>\nGewicht:<br \/>\nLaufsohle: ca. 2,5 mm Gummi, Non Marking<\/p>\n","protected":false},"featured_media":513165,"comment_status":"open","ping_status":"closed","template":"","meta":[],"product_brand":[],"product_cat":[3121],"product_tag":[1362,1368,1373,1374,1375,1376,1377,1378,1379,1380,1381,1449,2449,1450],"class_list":{"0":"post-477236","1":"product","2":"type-product","3":"status-publish","4":"has-post-thumbnail","6":"product_cat-sale","7":"product_tag-groesse-36","8":"product_tag-groesse-37","9":"product_tag-groesse-38","10":"product_tag-groesse-39","11":"product_tag-groesse-40","12":"product_tag-groesse-41","13":"product_tag-groesse-42","14":"product_tag-groesse-43","15":"product_tag-groesse-44","16":"product_tag-groesse-45","17":"product_tag-groesse-46","18":"product_tag-groesse-47","19":"product_tag-marke-sole-runner","20":"product_tag-sale","22":"first","23":"instock","24":"taxable","25":"shipping-taxable","26":"purchasable","27":"product-type-variable"},"_links":{"self":[{"href":"https:\/\/schuhewiebarfuss.at\/shop\/wp-json\/wp\/v2\/product\/477236","targetHints":{"allow":["GET"]}}],"collection":[{"href":"https:\/\/schuhewiebarfuss.at\/shop\/wp-json\/wp\/v2\/product"}],"about":[{"href":"https:\/\/schuhewiebarfuss.at\/shop\/wp-json\/wp\/v2\/types\/product"}],"replies":[{"embeddable":true,"href":"https:\/\/schuhewiebarfuss.at\/shop\/wp-json\/wp\/v2\/comments?post=477236"}],"wp:featuredmedia":[{"embeddable":true,"href":"https:\/\/schuhewiebarfuss.at\/shop\/wp-json\/wp\/v2\/media\/513165"}],"wp:attachment":[{"href":"https:\/\/schuhewiebarfuss.at\/shop\/wp-json\/wp\/v2\/media?parent=477236"}],"wp:term":[{"taxonomy":"product_brand","embeddable":true,"href":"https:\/\/schuhewiebarfuss.at\/shop\/wp-json\/wp\/v2\/product_brand?post=477236"},{"taxonomy":"product_cat","embeddable":true,"href":"https:\/\/schuhewiebarfuss.at\/shop\/wp-json\/wp\/v2\/product_cat?post=477236"},{"taxonomy":"product_tag","embeddable":true,"href":"https:\/\/schuhewiebarfuss.at\/shop\/wp-json\/wp\/v2\/product_tag?post=477236"}],"curies":[{"name":"wp","href":"https:\/\/api.w.org\/{rel}","templated":true}]}}