{"id":477201,"date":"2024-04-09T20:54:44","date_gmt":"2024-04-09T18:54:44","guid":{"rendered":"https:\/\/schuhewiebarfuss.at\/shop\/produkt\/tracker-decon-fg2-herren\/"},"modified":"2026-03-01T17:43:24","modified_gmt":"2026-03-01T16:43:24","slug":"tracker-decon-fg2-herren","status":"publish","type":"product","link":"https:\/\/schuhewiebarfuss.at\/shop\/produkt\/tracker-decon-fg2-herren\/","title":{"rendered":"Tracker Decon FG2 Herren"},"content":{"rendered":"<p>Obermaterial: Wild Hide \/ Nubuk Leder f\u00fcr bestes Fu\u00dfklima<br \/>\nKnit-Schaft und Spann aus atmungsaktiver Woolmark Merinowolle<br \/>\nPro 5: Durchstichfeste Sohlentechnologie<br \/>\nSohle: Neue \u00fcberarbeitete Firmground Sohle mit noch mehr Gripp<br \/>\nThermoinnensohle<\/p>\n<p><b>Audio-Beschreibung<\/b><br \/><audio controls src=\"https:\/\/schuhewiebarfuss.at\/shop\/wp-content\/uploads\/lk\/6207_audio.wav\"><br \/>\n                                            Ihr Browser unterst\u00fctzt diese Audio-Ausgabe leider nicht.<br \/>\n                                            <\/ audio ><\/p>\n","protected":false},"excerpt":{"rendered":"<p>Der Tracker Decon ist ein reduzierter Outdoor-Schuh, der entwickelt wurde, um in der Wildnis hinter dem Stadtbild zu erkunden und mit ihm zu verschmelzen. Er ist ein Remix der klassischen Barfu\u00df-Wander-DNA des Trackers mit sensorischer Erkundung im Hinterkopf, bei der das Gef\u00fchl alles ist und Konvention nichts. Die v\u00f6llig neue Au\u00dfensohle verbessert den Grip in jedem Gel\u00e4nde. Die nat\u00fcrlichen Materialien erh\u00f6hen Flexibilit\u00e4t, Passform und Leistung. Die ethische Konstruktion setzt einen neue Standarts. Erwecke die Wildheit deiner Sohle wieder.<\/p>\n","protected":false},"featured_media":477200,"comment_status":"open","ping_status":"closed","template":"","meta":[],"product_brand":[],"product_cat":[3121],"product_tag":[1544,1408,1375,1376,1377,1378,1379,1380,1381,1449,2451,1450],"class_list":{"0":"post-477201","1":"product","2":"type-product","3":"status-publish","4":"has-post-thumbnail","6":"product_cat-sale","7":"product_tag-farbe-braun","8":"product_tag-farbe-schwarz","9":"product_tag-groesse-40","10":"product_tag-groesse-41","11":"product_tag-groesse-42","12":"product_tag-groesse-43","13":"product_tag-groesse-44","14":"product_tag-groesse-45","15":"product_tag-groesse-46","16":"product_tag-groesse-47","17":"product_tag-marke-vivobarefoot","18":"product_tag-sale","20":"first","21":"instock","22":"taxable","23":"shipping-taxable","24":"purchasable","25":"product-type-variable"},"_links":{"self":[{"href":"https:\/\/schuhewiebarfuss.at\/shop\/wp-json\/wp\/v2\/product\/477201","targetHints":{"allow":["GET"]}}],"collection":[{"href":"https:\/\/schuhewiebarfuss.at\/shop\/wp-json\/wp\/v2\/product"}],"about":[{"href":"https:\/\/schuhewiebarfuss.at\/shop\/wp-json\/wp\/v2\/types\/product"}],"replies":[{"embeddable":true,"href":"https:\/\/schuhewiebarfuss.at\/shop\/wp-json\/wp\/v2\/comments?post=477201"}],"wp:featuredmedia":[{"embeddable":true,"href":"https:\/\/schuhewiebarfuss.at\/shop\/wp-json\/wp\/v2\/media\/477200"}],"wp:attachment":[{"href":"https:\/\/schuhewiebarfuss.at\/shop\/wp-json\/wp\/v2\/media?parent=477201"}],"wp:term":[{"taxonomy":"product_brand","embeddable":true,"href":"https:\/\/schuhewiebarfuss.at\/shop\/wp-json\/wp\/v2\/product_brand?post=477201"},{"taxonomy":"product_cat","embeddable":true,"href":"https:\/\/schuhewiebarfuss.at\/shop\/wp-json\/wp\/v2\/product_cat?post=477201"},{"taxonomy":"product_tag","embeddable":true,"href":"https:\/\/schuhewiebarfuss.at\/shop\/wp-json\/wp\/v2\/product_tag?post=477201"}],"curies":[{"name":"wp","href":"https:\/\/api.w.org\/{rel}","templated":true}]}}