{"id":477078,"date":"2024-04-09T20:25:32","date_gmt":"2024-04-09T18:25:32","guid":{"rendered":"https:\/\/schuhewiebarfuss.at\/shop\/produkt\/mesa-trail-herren\/"},"modified":"2026-04-15T01:38:18","modified_gmt":"2026-04-14T23:38:18","slug":"mesa-trail-herren","status":"publish","type":"product","link":"https:\/\/schuhewiebarfuss.at\/shop\/produkt\/mesa-trail-herren\/","title":{"rendered":"Mesa Trail Herren"},"content":{"rendered":"<p>Die Xero Shoes Mesa Trail Schuhe sind leichte Barfu\u00dflaufschuhe mit griffiger Profilsohle f\u00fcr den Off-Road Einsatz. Sie geben dir durch ihre d\u00fcnne, flexible Sohle in Verbindung mit flacher Fu\u00dfposition direkten Bodenkontakt. Der minimalistische Trailrunningschuh erm\u00f6glicht dir eine neutrale K\u00f6rperhaltung und unterst\u00fctzt die nat\u00fcrliche Schrittbewegung sowie Fu\u00dfsensorik optimal.<\/p>\n<p>F\u00fcr minimalistischen Schutz vor Verletzungen durch spitze Steine und andere, unangenehme Unebenheiten sorgt die mit ihrem 3,5 mm Stollen durchaus kr\u00e4ftig profilierte Laufsohle in Verbindung mit der d\u00e4mpfenden Einlegesohle. Die F\u00fc\u00dfe k\u00f6nnen den Untergrund aber trotzdem sehr sensibel wahrnehmen &#8211; eine wichtige Voraussetzung f\u00fcr die schnelle und pr\u00e4zise Bewegungskoordination. Maximale Sensitivit\u00e4t erreichst du durch Herausnehmen der Einlegesohle. Zudem f\u00f6rdert der Mesa Trail die optimale Kr\u00e4ftigung deiner Fu\u00df- und Beinmuskulatur.<\/p>\n<p><b>Audio-Beschreibung<\/b><br \/><audio controls src=\"https:\/\/schuhewiebarfuss.at\/shop\/wp-content\/uploads\/lk\/5977_audio.wav\"><br \/>\n                                            Ihr Browser unterst\u00fctzt diese Audio-Ausgabe leider nicht.<br \/>\n                                            <\/ audio ><\/p>\n","protected":false},"excerpt":{"rendered":"<p>Obermaterial: Synthetische Textilien, Mesh<br \/>\nInnenmaterial: Textilien<br \/>\nInnensohle: Herausnehmbar<br \/>\nSohle: 5,5 mm starke FeelTrue\u00ae-Gummisohle, Profiltiefe: 3,5 mm<br \/>\nVerschlussart: Schn\u00fcrschuh<\/p>\n","protected":false},"featured_media":477077,"comment_status":"open","ping_status":"closed","template":"","meta":[],"product_brand":[],"product_cat":[839],"product_tag":[1479,1544,2561,1427,1371,1480,1600,1408,1375,1376,2317,1377,1378,2392,1379,2324,1380,1381,1449,2446],"class_list":{"0":"post-477078","1":"product","2":"type-product","3":"status-publish","4":"has-post-thumbnail","6":"product_cat-wanderschuhe-2","7":"product_tag-farbe-blau","8":"product_tag-farbe-braun","9":"product_tag-farbe-dunkelgruen","10":"product_tag-farbe-gelb","11":"product_tag-farbe-grau","12":"product_tag-farbe-orange","13":"product_tag-farbe-rot","14":"product_tag-farbe-schwarz","15":"product_tag-groesse-40","16":"product_tag-groesse-41","17":"product_tag-groesse-41-5","18":"product_tag-groesse-42","19":"product_tag-groesse-43","20":"product_tag-groesse-43-5","21":"product_tag-groesse-44","22":"product_tag-groesse-44-5","23":"product_tag-groesse-45","24":"product_tag-groesse-46","25":"product_tag-groesse-47","26":"product_tag-marke-xero","28":"first","29":"instock","30":"taxable","31":"shipping-taxable","32":"purchasable","33":"product-type-variable"},"_links":{"self":[{"href":"https:\/\/schuhewiebarfuss.at\/shop\/wp-json\/wp\/v2\/product\/477078","targetHints":{"allow":["GET"]}}],"collection":[{"href":"https:\/\/schuhewiebarfuss.at\/shop\/wp-json\/wp\/v2\/product"}],"about":[{"href":"https:\/\/schuhewiebarfuss.at\/shop\/wp-json\/wp\/v2\/types\/product"}],"replies":[{"embeddable":true,"href":"https:\/\/schuhewiebarfuss.at\/shop\/wp-json\/wp\/v2\/comments?post=477078"}],"wp:featuredmedia":[{"embeddable":true,"href":"https:\/\/schuhewiebarfuss.at\/shop\/wp-json\/wp\/v2\/media\/477077"}],"wp:attachment":[{"href":"https:\/\/schuhewiebarfuss.at\/shop\/wp-json\/wp\/v2\/media?parent=477078"}],"wp:term":[{"taxonomy":"product_brand","embeddable":true,"href":"https:\/\/schuhewiebarfuss.at\/shop\/wp-json\/wp\/v2\/product_brand?post=477078"},{"taxonomy":"product_cat","embeddable":true,"href":"https:\/\/schuhewiebarfuss.at\/shop\/wp-json\/wp\/v2\/product_cat?post=477078"},{"taxonomy":"product_tag","embeddable":true,"href":"https:\/\/schuhewiebarfuss.at\/shop\/wp-json\/wp\/v2\/product_tag?post=477078"}],"curies":[{"name":"wp","href":"https:\/\/api.w.org\/{rel}","templated":true}]}}