{"id":477066,"date":"2024-04-09T20:21:00","date_gmt":"2024-04-09T18:21:00","guid":{"rendered":"https:\/\/schuhewiebarfuss.at\/shop\/produkt\/terraflex-herren\/"},"modified":"2026-02-28T19:15:28","modified_gmt":"2026-02-28T18:15:28","slug":"terraflex-herren","status":"publish","type":"product","link":"https:\/\/schuhewiebarfuss.at\/shop\/produkt\/terraflex-herren\/","title":{"rendered":"TerraFlex Herren"},"content":{"rendered":"<p>Der Terraflex ist der Bruder des Bestsellers Prio; er l\u00e4sst dich deinen F\u00fc\u00dfen die Freiheit sich nat\u00fcrlich bewegen zu k\u00f6nnen und den Boden darunter sp\u00fcren zu k\u00f6nnen.<\/p>\n<p>Im Gegensatz zum Prio hat der Terraflex allerdings ein starkes Profil, damit du immer Herr\/Frau der Lage bist ohne ins Rutschen zu kommen. Zur 5mm FeelTrue-Sohle kommen noch 4mm starke Stollen hinzu sowie 3mm BareFoam\u2122 an der Innensohle, f\u00fcr extra Komfort und eine Extraportion Schutz. Dazu tr\u00e4gt auch der Zehenschutz an der Front bei, der insbesondere bei steilen Bergab-Touren ein wahrer Segen ist. Au\u00dfen besteht der Schuh aus einem sehr atmungsf\u00e4higen Mesh-Material.<\/p>\n<p><b>Audio-Beschreibung<\/b><br \/><audio controls src=\"https:\/\/schuhewiebarfuss.at\/shop\/wp-content\/uploads\/lk\/5985_audio.wav\"><br \/>\n                                            Ihr Browser unterst\u00fctzt diese Audio-Ausgabe leider nicht.<br \/>\n                                            <\/ audio ><\/p>\n","protected":false},"excerpt":{"rendered":"<p>Obermaterial: Textil\/Mesh<br \/>\nInnenmaterial:Textil<br \/>\nInnensohle: Herausnehmbar<br \/>\nSohle: 5mm FeelTrue-Sohle, 4mm starke Stollen<br \/>\nVerschlussart: Schn\u00fcrung <\/p>\n","protected":false},"featured_media":477065,"comment_status":"open","ping_status":"closed","template":"","meta":[],"product_brand":[],"product_cat":[3121],"product_tag":[1479,3078,1408,1375,1376,1377,2412,1378,1379,1380,1381,1449,2446,1450],"class_list":{"0":"post-477066","1":"product","2":"type-product","3":"status-publish","4":"has-post-thumbnail","6":"product_cat-sale","7":"product_tag-farbe-blau","8":"product_tag-farbe-forest","9":"product_tag-farbe-schwarz","10":"product_tag-groesse-40","11":"product_tag-groesse-41","12":"product_tag-groesse-42","13":"product_tag-groesse-42-5","14":"product_tag-groesse-43","15":"product_tag-groesse-44","16":"product_tag-groesse-45","17":"product_tag-groesse-46","18":"product_tag-groesse-47","19":"product_tag-marke-xero","20":"product_tag-sale","22":"first","23":"instock","24":"taxable","25":"shipping-taxable","26":"purchasable","27":"product-type-variable"},"_links":{"self":[{"href":"https:\/\/schuhewiebarfuss.at\/shop\/wp-json\/wp\/v2\/product\/477066","targetHints":{"allow":["GET"]}}],"collection":[{"href":"https:\/\/schuhewiebarfuss.at\/shop\/wp-json\/wp\/v2\/product"}],"about":[{"href":"https:\/\/schuhewiebarfuss.at\/shop\/wp-json\/wp\/v2\/types\/product"}],"replies":[{"embeddable":true,"href":"https:\/\/schuhewiebarfuss.at\/shop\/wp-json\/wp\/v2\/comments?post=477066"}],"wp:featuredmedia":[{"embeddable":true,"href":"https:\/\/schuhewiebarfuss.at\/shop\/wp-json\/wp\/v2\/media\/477065"}],"wp:attachment":[{"href":"https:\/\/schuhewiebarfuss.at\/shop\/wp-json\/wp\/v2\/media?parent=477066"}],"wp:term":[{"taxonomy":"product_brand","embeddable":true,"href":"https:\/\/schuhewiebarfuss.at\/shop\/wp-json\/wp\/v2\/product_brand?post=477066"},{"taxonomy":"product_cat","embeddable":true,"href":"https:\/\/schuhewiebarfuss.at\/shop\/wp-json\/wp\/v2\/product_cat?post=477066"},{"taxonomy":"product_tag","embeddable":true,"href":"https:\/\/schuhewiebarfuss.at\/shop\/wp-json\/wp\/v2\/product_tag?post=477066"}],"curies":[{"name":"wp","href":"https:\/\/api.w.org\/{rel}","templated":true}]}}