{"id":476547,"date":"2024-04-09T19:14:48","date_gmt":"2024-04-09T17:14:48","guid":{"rendered":"https:\/\/schuhewiebarfuss.at\/shop\/produkt\/larissa\/"},"modified":"2026-03-01T06:45:33","modified_gmt":"2026-03-01T05:45:33","slug":"larissa","status":"publish","type":"product","link":"https:\/\/schuhewiebarfuss.at\/shop\/produkt\/larissa\/","title":{"rendered":"Larissa"},"content":{"rendered":"<p>Dieser Damenstiefel kommt mit einem Oberleder aus wasserabweisenden Velours. Der Rei\u00dfverschluss auf der Innenseite des Schuhs erm\u00f6glicht einen leichtes anziehen. Die Zehen haben ausreichend Zehenfreiheit. Die rutschfeste Gummisohle auf Kautschuk Basis bietet festen Halt.<br \/>\nWie alle Sole Runner Schuhe gew\u00e4hrleistet auch der Larissa ein Gehen, fast wie auf der eigenen Fu\u00dfsohle.<br \/>\nDa ein Fu\u00df im Schuh beim Gehen immer noch etwas nach vorn rutscht, bitte zu der gemessenen Fu\u00dfl\u00e4nge noch ca. 3-5 mm addieren.<\/p>\n<p>Obermaterial: Veloursleder, Wasserabweisend<br \/>\nInnenfutter: w\u00e4rmendes Fleecefutter<br \/>\nVerschluss: Funktioneller Verschluss: Rei\u00dfverschluss<br \/>\nForm: Weit, vorn weit geschnitten. Die Zehen haben optimale Bewegungsfreiheit<br \/>\nGr\u00f6\u00dfen: 36 &#8211; 42<br \/>\nGewicht: Gr. 41: ca. 220 gr.<br \/>\nSchafth\u00f6he: ca. 19 cm in Gr. 39<br \/>\nSchaftweite: ca. 29 cm in Gr. 39 oben am Schaftrand<br \/>\nLaufsohle: ca. 6mm Laufsohle Gummi, Non Marking (nicht abf\u00e4rbend). Bietet einen m\u00f6glichst direkten Kontakt zum Boden.<br \/>\nPflege: Impr\u00e4gnierspray, Raulederb\u00fcrste<\/p>\n<p><b>Audio-Beschreibung<\/b><br \/><audio controls src=\"https:\/\/schuhewiebarfuss.at\/shop\/wp-content\/uploads\/lk\/6133_audio.wav\"><br \/>\n                                            Ihr Browser unterst\u00fctzt diese Audio-Ausgabe leider nicht.<br \/>\n                                            <\/ audio ><\/p>\n","protected":false},"excerpt":{"rendered":"<p>Barfu\u00dfschuh Larissa <\/p>\n<p>Einer unserer Klassiker &#8211; Der Winterstiefel Larissa aus Veloursleder und mit Rei\u00dfverschluss. Das warme Fleecefutter w\u00e4rmt in der kalten Jahreszeit. <\/p>\n<p>Weite: H (Weit)<br \/>\nModell: Larissa Black<br \/>\nHersteller: Sole Runner<br \/>\nInhalt: 1 Paar<\/p>\n","protected":false},"featured_media":476546,"comment_status":"open","ping_status":"closed","template":"","meta":[],"product_brand":[],"product_cat":[3121],"product_tag":[1544,1408,1362,1368,1373,1374,1375,1376,1377,2449,1450],"class_list":{"0":"post-476547","1":"product","2":"type-product","3":"status-publish","4":"has-post-thumbnail","6":"product_cat-sale","7":"product_tag-farbe-braun","8":"product_tag-farbe-schwarz","9":"product_tag-groesse-36","10":"product_tag-groesse-37","11":"product_tag-groesse-38","12":"product_tag-groesse-39","13":"product_tag-groesse-40","14":"product_tag-groesse-41","15":"product_tag-groesse-42","16":"product_tag-marke-sole-runner","17":"product_tag-sale","19":"first","20":"instock","21":"taxable","22":"shipping-taxable","23":"purchasable","24":"product-type-variable"},"_links":{"self":[{"href":"https:\/\/schuhewiebarfuss.at\/shop\/wp-json\/wp\/v2\/product\/476547","targetHints":{"allow":["GET"]}}],"collection":[{"href":"https:\/\/schuhewiebarfuss.at\/shop\/wp-json\/wp\/v2\/product"}],"about":[{"href":"https:\/\/schuhewiebarfuss.at\/shop\/wp-json\/wp\/v2\/types\/product"}],"replies":[{"embeddable":true,"href":"https:\/\/schuhewiebarfuss.at\/shop\/wp-json\/wp\/v2\/comments?post=476547"}],"wp:featuredmedia":[{"embeddable":true,"href":"https:\/\/schuhewiebarfuss.at\/shop\/wp-json\/wp\/v2\/media\/476546"}],"wp:attachment":[{"href":"https:\/\/schuhewiebarfuss.at\/shop\/wp-json\/wp\/v2\/media?parent=476547"}],"wp:term":[{"taxonomy":"product_brand","embeddable":true,"href":"https:\/\/schuhewiebarfuss.at\/shop\/wp-json\/wp\/v2\/product_brand?post=476547"},{"taxonomy":"product_cat","embeddable":true,"href":"https:\/\/schuhewiebarfuss.at\/shop\/wp-json\/wp\/v2\/product_cat?post=476547"},{"taxonomy":"product_tag","embeddable":true,"href":"https:\/\/schuhewiebarfuss.at\/shop\/wp-json\/wp\/v2\/product_tag?post=476547"}],"curies":[{"name":"wp","href":"https:\/\/api.w.org\/{rel}","templated":true}]}}