{"id":476530,"date":"2024-04-09T19:13:06","date_gmt":"2024-04-09T17:13:06","guid":{"rendered":"https:\/\/schuhewiebarfuss.at\/shop\/produkt\/gobi-hi-4-0-damen\/"},"modified":"2026-03-01T07:13:57","modified_gmt":"2026-03-01T06:13:57","slug":"gobi-hi-4-0-damen","status":"publish","type":"product","link":"https:\/\/schuhewiebarfuss.at\/shop\/produkt\/gobi-hi-4-0-damen\/","title":{"rendered":"Gobi Hi 4.0 Damen"},"content":{"rendered":"<p>Unser popul\u00e4rster Winterstiefel GOBI HI erscheint in einer neuen, verfeinerten 4.0 Version.<br \/>\nDas Obermaterial aus Pittards Leder sch\u00fctzt vor jeder Witterung. Das Innenmaterial aus Kunstfellfutter und die herausnehmbare BLOOM Thermal Einlegesohle sorgen an kalten Tagen f\u00fcr ein angenehmes Fu\u00dfklima. Mit den klassischen Schn\u00fcrsenkeln kann der Schuh perfekt an den Fu\u00df angepasst werden.<\/p>\n<p>Das konkave Design unserer, dank hexagonaler Struktur flexiblen, 5mm V Mulit HEX-FLEX Sohle bietet besten Halt auf nasskalten, matschigen Oberfl\u00e4chen.<\/p>\n<p>Der Gobi HI 4.0 kann zu allem getragen werden \u2013 perfekt f\u00fcr Ma\u00dfgeschneiderte Hosen, R\u00f6cke oder Kleider.<\/p>\n<p><b>Audio-Beschreibung<\/b><br \/><audio controls src=\"https:\/\/schuhewiebarfuss.at\/shop\/wp-content\/uploads\/lk\/6152_audio.wav\"><br \/>\n                                            Ihr Browser unterst\u00fctzt diese Audio-Ausgabe leider nicht.<br \/>\n                                            <\/ audio ><\/p>\n","protected":false},"excerpt":{"rendered":"<p>Obermaterial: Pittards Leder von freilebenden Rindern aus Afrika<br \/>\nInnenmaterial: W\u00e4rmendes Innenfutter<br \/>\nSohle: patentierte 5mm PRO 5 V-Multi Hex-Flex-Sohle<br \/>\nHerausnehmbare 3mm Thermal Sohle<br \/>\nSchn\u00fcrschuh<br \/>\nGewicht: 264g (Gr. 37)<br \/>\nWinterfest<\/p>\n","protected":false},"featured_media":476529,"comment_status":"open","ping_status":"closed","template":"","meta":[],"product_brand":[],"product_cat":[3121],"product_tag":[1371,1408,1362,1368,1373,1374,1375,1376,1377,2451,1450],"class_list":{"0":"post-476530","1":"product","2":"type-product","3":"status-publish","4":"has-post-thumbnail","6":"product_cat-sale","7":"product_tag-farbe-grau","8":"product_tag-farbe-schwarz","9":"product_tag-groesse-36","10":"product_tag-groesse-37","11":"product_tag-groesse-38","12":"product_tag-groesse-39","13":"product_tag-groesse-40","14":"product_tag-groesse-41","15":"product_tag-groesse-42","16":"product_tag-marke-vivobarefoot","17":"product_tag-sale","19":"first","20":"instock","21":"taxable","22":"shipping-taxable","23":"purchasable","24":"product-type-variable"},"_links":{"self":[{"href":"https:\/\/schuhewiebarfuss.at\/shop\/wp-json\/wp\/v2\/product\/476530","targetHints":{"allow":["GET"]}}],"collection":[{"href":"https:\/\/schuhewiebarfuss.at\/shop\/wp-json\/wp\/v2\/product"}],"about":[{"href":"https:\/\/schuhewiebarfuss.at\/shop\/wp-json\/wp\/v2\/types\/product"}],"replies":[{"embeddable":true,"href":"https:\/\/schuhewiebarfuss.at\/shop\/wp-json\/wp\/v2\/comments?post=476530"}],"wp:featuredmedia":[{"embeddable":true,"href":"https:\/\/schuhewiebarfuss.at\/shop\/wp-json\/wp\/v2\/media\/476529"}],"wp:attachment":[{"href":"https:\/\/schuhewiebarfuss.at\/shop\/wp-json\/wp\/v2\/media?parent=476530"}],"wp:term":[{"taxonomy":"product_brand","embeddable":true,"href":"https:\/\/schuhewiebarfuss.at\/shop\/wp-json\/wp\/v2\/product_brand?post=476530"},{"taxonomy":"product_cat","embeddable":true,"href":"https:\/\/schuhewiebarfuss.at\/shop\/wp-json\/wp\/v2\/product_cat?post=476530"},{"taxonomy":"product_tag","embeddable":true,"href":"https:\/\/schuhewiebarfuss.at\/shop\/wp-json\/wp\/v2\/product_tag?post=476530"}],"curies":[{"name":"wp","href":"https:\/\/api.w.org\/{rel}","templated":true}]}}