{"id":476510,"date":"2024-04-09T19:11:31","date_gmt":"2024-04-09T17:11:31","guid":{"rendered":"https:\/\/schuhewiebarfuss.at\/shop\/produkt\/tracker-hi-fg-damen\/"},"modified":"2026-03-01T08:00:47","modified_gmt":"2026-03-01T07:00:47","slug":"tracker-hi-fg-damen","status":"publish","type":"product","link":"https:\/\/schuhewiebarfuss.at\/shop\/produkt\/tracker-hi-fg-damen\/","title":{"rendered":"Tracker Hi FG Damen"},"content":{"rendered":"<p>Der Tracker Hi FG von Vivobarefoot ist ein extragro\u00dfer Barfu\u00df-Wanderschuh aus Leder, der bereit ist, das h\u00e4rteste Gel\u00e4nde und das k\u00e4lteste Wetter zu bew\u00e4ltigen. Diese Kampfstiefel wurden entwickelt, um Sie bei jedem Schritt zu sch\u00fctzen und bequem zu halten. Sie k\u00f6nnen das ganze Jahr \u00fcber getragen werden, sodass Sie keine Kompromisse bei Front, Wetter oder Stil eingehen m\u00fcssen.<\/p>\n<p>Tracker HI FG ist ein reaktionsschneller Winterstiefel, mit dem Sie sich frei bewegen und mehr f\u00fchlen k\u00f6nnen, egal wie rau oder kalt es wird. <\/p>\n<p>Produktdetails: &#8211; Winterfest &#8211; Thermo-Innensohle <\/p>\n<p>*Bitte beachten Sie, dass dieser Artikel nicht wasserdicht ist*<\/p>\n<p><b>Audio-Beschreibung<\/b><br \/><audio controls src=\"https:\/\/schuhewiebarfuss.at\/shop\/wp-content\/uploads\/lk\/6209_audio.wav\"><br \/>\n                                            Ihr Browser unterst\u00fctzt diese Audio-Ausgabe leider nicht.<br \/>\n                                            <\/ audio ><\/p>\n","protected":false},"excerpt":{"rendered":"<p>Hochwertiges, strapazierf\u00e4higes und wasserabweisendes Obermaterial aus Nubukleder und Synthetik.<br \/>\nWeiches und atmungsaktives Leder mit recyceltem RPET-Mesh-Futter f\u00fcr mehr Komfort.<br \/>\nHerausnehmbare 3,5 mm textilgef\u00fctterte Thermo-Einlegesohle zur D\u00e4mpfung.<br \/>\nUltrad\u00fcnn, flexibel und faltbar.<br \/>\nStrapazierf\u00e4hige Gummisohle mit multidirektionalen Stollen f\u00fcr zus\u00e4tzliche Traktion.<\/p>\n","protected":false},"featured_media":476509,"comment_status":"open","ping_status":"closed","template":"","meta":[],"product_brand":[],"product_cat":[3121],"product_tag":[1462,1408,1362,1368,1373,1374,1375,1376,1377,2451,1450],"class_list":{"0":"post-476510","1":"product","2":"type-product","3":"status-publish","4":"has-post-thumbnail","6":"product_cat-sale","7":"product_tag-farbe-dunkelgrau","8":"product_tag-farbe-schwarz","9":"product_tag-groesse-36","10":"product_tag-groesse-37","11":"product_tag-groesse-38","12":"product_tag-groesse-39","13":"product_tag-groesse-40","14":"product_tag-groesse-41","15":"product_tag-groesse-42","16":"product_tag-marke-vivobarefoot","17":"product_tag-sale","19":"first","20":"instock","21":"sale","22":"taxable","23":"shipping-taxable","24":"purchasable","25":"product-type-variable"},"_links":{"self":[{"href":"https:\/\/schuhewiebarfuss.at\/shop\/wp-json\/wp\/v2\/product\/476510","targetHints":{"allow":["GET"]}}],"collection":[{"href":"https:\/\/schuhewiebarfuss.at\/shop\/wp-json\/wp\/v2\/product"}],"about":[{"href":"https:\/\/schuhewiebarfuss.at\/shop\/wp-json\/wp\/v2\/types\/product"}],"replies":[{"embeddable":true,"href":"https:\/\/schuhewiebarfuss.at\/shop\/wp-json\/wp\/v2\/comments?post=476510"}],"wp:featuredmedia":[{"embeddable":true,"href":"https:\/\/schuhewiebarfuss.at\/shop\/wp-json\/wp\/v2\/media\/476509"}],"wp:attachment":[{"href":"https:\/\/schuhewiebarfuss.at\/shop\/wp-json\/wp\/v2\/media?parent=476510"}],"wp:term":[{"taxonomy":"product_brand","embeddable":true,"href":"https:\/\/schuhewiebarfuss.at\/shop\/wp-json\/wp\/v2\/product_brand?post=476510"},{"taxonomy":"product_cat","embeddable":true,"href":"https:\/\/schuhewiebarfuss.at\/shop\/wp-json\/wp\/v2\/product_cat?post=476510"},{"taxonomy":"product_tag","embeddable":true,"href":"https:\/\/schuhewiebarfuss.at\/shop\/wp-json\/wp\/v2\/product_tag?post=476510"}],"curies":[{"name":"wp","href":"https:\/\/api.w.org\/{rel}","templated":true}]}}