{"id":476495,"date":"2024-04-09T19:10:41","date_gmt":"2024-04-09T17:10:41","guid":{"rendered":"https:\/\/schuhewiebarfuss.at\/shop\/produkt\/mika-damen\/"},"modified":"2026-02-28T18:11:44","modified_gmt":"2026-02-28T17:11:44","slug":"mika-damen","status":"publish","type":"product","link":"https:\/\/schuhewiebarfuss.at\/shop\/produkt\/mika-damen\/","title":{"rendered":"Mika Damen"},"content":{"rendered":"<p>Mika ist der wasserabweisende, gutaussehende und warme Winterstiefel aus veganem Canvas<\/p>\n<p>Mika ist der erste  hohe Stiefel des Barfu\u00dfsportsandalen Innovators Xero, er passt zu Hose wie Rock und hat eine 6mm Sohle inkl. herausnehmbaren 2mm Einlegesohle, die Barfu\u00dfeinsteiger begeistern und Barfu\u00dfschuhfreunde \u00fcberraschen wird. Nach kurzem Eintragen ist die Sohle n\u00e4mlich sehr weich und flexibel; es ist die gleiche Sohle wie beim Wanderschuhmodell Daylitehiker mit Profil mit gutem Grip. Das Canvas Obermaterial aus Baumwolle ist robust und vorbehandelt, Futter ist aus kuscheligen Flanell. Mikas halten auch leichten Regen oder etwas Schnee stand und den Fu\u00df trocken und warm. Wie bei allen hydrophobierten Schuhen sollte darauf geachtet werden regelm\u00e4\u00dfig mit Impr\u00e4gniermittel  nachzubehandeln damit er wasserabweisend bleibt. Die Zehenbox ist angenehm breit und mit einer w\u00e4rmereflektierenden Innensohle best\u00fcckt. Seitlich l\u00e4sst sich der Winterstiefel durch den Huarache-Sandalen-inspirierten Riemen an Spann und Ferse gut anpassen, um sicheren Sitz und Bewegungsfreiheit zu garantieren.<\/p>\n<p><b>Audio-Beschreibung<\/b><br \/><audio controls src=\"https:\/\/schuhewiebarfuss.at\/shop\/wp-content\/uploads\/lk\/5417_audio.wav\"><br \/>\n                                            Ihr Browser unterst\u00fctzt diese Audio-Ausgabe leider nicht.<br \/>\n                                            <\/ audio ><\/p>\n","protected":false},"excerpt":{"rendered":"<p>Obermaterial: Textilien, 100% Vegan, Wasserabweisend<br \/>\nInnenmaterial: Textilien, gef\u00fcttert<br \/>\nInnensohle: Herausnehmbar, Thermo<br \/>\nSohle: 5,5mm patentierte FeelTrue Sohle mit 5 000 Meilen Garantie<br \/>\nVerschlussart: Schn\u00fcrung <\/p>\n","protected":false},"featured_media":476494,"comment_status":"open","ping_status":"closed","template":"","meta":[],"product_brand":[],"product_cat":[3121],"product_tag":[1544,1408,2457,2312,1362,1368,1373,1374,1375,1376,2317,1377,2446,1450],"class_list":{"0":"post-476495","1":"product","2":"type-product","3":"status-publish","4":"has-post-thumbnail","6":"product_cat-sale","7":"product_tag-farbe-braun","8":"product_tag-farbe-schwarz","9":"product_tag-farbe-violett","10":"product_tag-groesse-35-5","11":"product_tag-groesse-36","12":"product_tag-groesse-37","13":"product_tag-groesse-38","14":"product_tag-groesse-39","15":"product_tag-groesse-40","16":"product_tag-groesse-41","17":"product_tag-groesse-41-5","18":"product_tag-groesse-42","19":"product_tag-marke-xero","20":"product_tag-sale","22":"first","23":"instock","24":"sale","25":"taxable","26":"shipping-taxable","27":"purchasable","28":"product-type-variable"},"_links":{"self":[{"href":"https:\/\/schuhewiebarfuss.at\/shop\/wp-json\/wp\/v2\/product\/476495","targetHints":{"allow":["GET"]}}],"collection":[{"href":"https:\/\/schuhewiebarfuss.at\/shop\/wp-json\/wp\/v2\/product"}],"about":[{"href":"https:\/\/schuhewiebarfuss.at\/shop\/wp-json\/wp\/v2\/types\/product"}],"replies":[{"embeddable":true,"href":"https:\/\/schuhewiebarfuss.at\/shop\/wp-json\/wp\/v2\/comments?post=476495"}],"wp:featuredmedia":[{"embeddable":true,"href":"https:\/\/schuhewiebarfuss.at\/shop\/wp-json\/wp\/v2\/media\/476494"}],"wp:attachment":[{"href":"https:\/\/schuhewiebarfuss.at\/shop\/wp-json\/wp\/v2\/media?parent=476495"}],"wp:term":[{"taxonomy":"product_brand","embeddable":true,"href":"https:\/\/schuhewiebarfuss.at\/shop\/wp-json\/wp\/v2\/product_brand?post=476495"},{"taxonomy":"product_cat","embeddable":true,"href":"https:\/\/schuhewiebarfuss.at\/shop\/wp-json\/wp\/v2\/product_cat?post=476495"},{"taxonomy":"product_tag","embeddable":true,"href":"https:\/\/schuhewiebarfuss.at\/shop\/wp-json\/wp\/v2\/product_tag?post=476495"}],"curies":[{"name":"wp","href":"https:\/\/api.w.org\/{rel}","templated":true}]}}