{"id":476448,"date":"2024-04-09T19:05:12","date_gmt":"2024-04-09T17:05:12","guid":{"rendered":"https:\/\/schuhewiebarfuss.at\/shop\/produkt\/xcursion-damen\/"},"modified":"2026-03-01T16:39:46","modified_gmt":"2026-03-01T15:39:46","slug":"xcursion-damen","status":"publish","type":"product","link":"https:\/\/schuhewiebarfuss.at\/shop\/produkt\/xcursion-damen\/","title":{"rendered":"Xcursion Damen"},"content":{"rendered":"<p>Xero Xcursion ist der meistverkaufter Hiking- und Wanderschuh &#8211; der Marke Xero Shoes. <\/p>\n<p>Nat\u00fcrlicher Komfort in einem vollst\u00e4ndig wasserdichten Wanderschuh: Die breite Zehenbox l\u00e4sst Ihre F\u00fc\u00dfe entspannen und die Zehen spreizen. So leicht, dass Sie vergessen, dass Sie sie tragen.<\/p>\n<p>Nat\u00fcrliche Passform \u2013  f\u00fcr eine gute K\u00f6rperhaltung und bodentief f\u00fcr Balance und Beweglichkeit.<\/p>\n<p>Nat\u00fcrliche Bewegung \u2013 die flexible FeelTrue-Gummisohle l\u00e4sst Ihre F\u00fc\u00dfe sich biegen, bewegen und biegen, wie Ihre F\u00fc\u00dfe sich bewegen sollen. <\/p>\n<p><b>Audio-Beschreibung<\/b><br \/><audio controls src=\"https:\/\/schuhewiebarfuss.at\/shop\/wp-content\/uploads\/lk\/5990_audio.wav\"><br \/>\n                                            Ihr Browser unterst\u00fctzt diese Audio-Ausgabe leider nicht.<br \/>\n                                            <\/ audio ><\/p>\n","protected":false},"excerpt":{"rendered":"<p>Obermaterial: atmungsaktives Synthetik-Mesh, recyceltes Polyester<br \/>\nHerausnehmbare Innensohle aus Synthetik<br \/>\nSohle: 6 mm Gummi mit 3 mm Profil<br \/>\nVerschlussart: Schn\u00fcrung<br \/>\nWasserdicht <\/p>\n","protected":false},"featured_media":476447,"comment_status":"open","ping_status":"closed","template":"","meta":[],"product_brand":[],"product_cat":[3121],"product_tag":[1570,1408,2314,1368,2315,1373,1525,1374,2316,1375,1526,1376,2317,2446,1450],"class_list":{"0":"post-476448","1":"product","2":"type-product","3":"status-publish","4":"has-post-thumbnail","6":"product_cat-sale","7":"product_tag-farbe-gruen","8":"product_tag-farbe-schwarz","9":"product_tag-groesse-36-5","10":"product_tag-groesse-37","11":"product_tag-groesse-37-5","12":"product_tag-groesse-38","13":"product_tag-groesse-38-5","14":"product_tag-groesse-39","15":"product_tag-groesse-39-5","16":"product_tag-groesse-40","17":"product_tag-groesse-40-5","18":"product_tag-groesse-41","19":"product_tag-groesse-41-5","20":"product_tag-marke-xero","21":"product_tag-sale","23":"first","24":"instock","25":"sale","26":"taxable","27":"shipping-taxable","28":"purchasable","29":"product-type-variable"},"_links":{"self":[{"href":"https:\/\/schuhewiebarfuss.at\/shop\/wp-json\/wp\/v2\/product\/476448","targetHints":{"allow":["GET"]}}],"collection":[{"href":"https:\/\/schuhewiebarfuss.at\/shop\/wp-json\/wp\/v2\/product"}],"about":[{"href":"https:\/\/schuhewiebarfuss.at\/shop\/wp-json\/wp\/v2\/types\/product"}],"replies":[{"embeddable":true,"href":"https:\/\/schuhewiebarfuss.at\/shop\/wp-json\/wp\/v2\/comments?post=476448"}],"wp:featuredmedia":[{"embeddable":true,"href":"https:\/\/schuhewiebarfuss.at\/shop\/wp-json\/wp\/v2\/media\/476447"}],"wp:attachment":[{"href":"https:\/\/schuhewiebarfuss.at\/shop\/wp-json\/wp\/v2\/media?parent=476448"}],"wp:term":[{"taxonomy":"product_brand","embeddable":true,"href":"https:\/\/schuhewiebarfuss.at\/shop\/wp-json\/wp\/v2\/product_brand?post=476448"},{"taxonomy":"product_cat","embeddable":true,"href":"https:\/\/schuhewiebarfuss.at\/shop\/wp-json\/wp\/v2\/product_cat?post=476448"},{"taxonomy":"product_tag","embeddable":true,"href":"https:\/\/schuhewiebarfuss.at\/shop\/wp-json\/wp\/v2\/product_tag?post=476448"}],"curies":[{"name":"wp","href":"https:\/\/api.w.org\/{rel}","templated":true}]}}