{"id":476427,"date":"2024-04-09T19:03:15","date_gmt":"2024-04-09T17:03:15","guid":{"rendered":"https:\/\/schuhewiebarfuss.at\/shop\/produkt\/magna-trail-fg-damen-schwarz\/"},"modified":"2026-02-28T18:01:11","modified_gmt":"2026-02-28T17:01:11","slug":"magna-trail-fg-damen-schwarz","status":"publish","type":"product","link":"https:\/\/schuhewiebarfuss.at\/shop\/produkt\/magna-trail-fg-damen-schwarz\/","title":{"rendered":"Magna Trail FG Damen Schwarz"},"content":{"rendered":"<p>Der neue MAGNA TRAIL ist von der \u201eBetonw\u00fcste\u201c bis zum anspruchsvollen Wanderpfad der ideale Begleiter. Aufgrund unserer High-Performance PRO5 FG Sohle bietet dieser Minimalschuh besten Halt auf allen Untergr\u00fcnden.<br \/>\nDas Obermaterial aus robusten Nylonfasern bietet Langlebigkeit bei gleichzeitig geringem Gewicht. Die ohne st\u00f6rende N\u00e4hte konstruierte Neopren-Socke ist weich, flexibel und sch\u00fctzt vor dem Eindringen kleiner Gegenst\u00e4nde in das Schuhinnere.<\/p>\n<p>Mitgeliefert wird unsere 3mm Thermal Einlegesohle, die bei kalten Temperaturen hilft, eine angenehme Fu\u00dftemperatur zu erhalten.<\/p>\n<p><b>Audio-Beschreibung<\/b><br \/><audio controls src=\"https:\/\/schuhewiebarfuss.at\/shop\/wp-content\/uploads\/lk\/5052_audio.wav\"><br \/>\n                                            Ihr Browser unterst\u00fctzt diese Audio-Ausgabe leider nicht.<br \/>\n                                            <\/ audio ><\/p>\n","protected":false},"excerpt":{"rendered":"<p>Obermaterial: robuste Nylon-Fasern<br \/>\nSohle: Patentierte PRO5 Firm-Ground-Sohle, durchsto\u00df- und rutschfest<br \/>\nInnensohle: Herausnehmbare 3mm Thermal Einlegesohle<br \/>\nSchn\u00fcrschuh<br \/>\n100% Vegan<br \/>\nWinterfest<\/p>\n","protected":false},"featured_media":476426,"comment_status":"open","ping_status":"closed","template":"","meta":[],"product_brand":[],"product_cat":[3121],"product_tag":[1362,1368,1373,1374,1375,1376,1377,2451,1450],"class_list":{"0":"post-476427","1":"product","2":"type-product","3":"status-publish","4":"has-post-thumbnail","6":"product_cat-sale","7":"product_tag-groesse-36","8":"product_tag-groesse-37","9":"product_tag-groesse-38","10":"product_tag-groesse-39","11":"product_tag-groesse-40","12":"product_tag-groesse-41","13":"product_tag-groesse-42","14":"product_tag-marke-vivobarefoot","15":"product_tag-sale","17":"first","18":"instock","19":"sale","20":"taxable","21":"shipping-taxable","22":"purchasable","23":"product-type-variable"},"_links":{"self":[{"href":"https:\/\/schuhewiebarfuss.at\/shop\/wp-json\/wp\/v2\/product\/476427","targetHints":{"allow":["GET"]}}],"collection":[{"href":"https:\/\/schuhewiebarfuss.at\/shop\/wp-json\/wp\/v2\/product"}],"about":[{"href":"https:\/\/schuhewiebarfuss.at\/shop\/wp-json\/wp\/v2\/types\/product"}],"replies":[{"embeddable":true,"href":"https:\/\/schuhewiebarfuss.at\/shop\/wp-json\/wp\/v2\/comments?post=476427"}],"wp:featuredmedia":[{"embeddable":true,"href":"https:\/\/schuhewiebarfuss.at\/shop\/wp-json\/wp\/v2\/media\/476426"}],"wp:attachment":[{"href":"https:\/\/schuhewiebarfuss.at\/shop\/wp-json\/wp\/v2\/media?parent=476427"}],"wp:term":[{"taxonomy":"product_brand","embeddable":true,"href":"https:\/\/schuhewiebarfuss.at\/shop\/wp-json\/wp\/v2\/product_brand?post=476427"},{"taxonomy":"product_cat","embeddable":true,"href":"https:\/\/schuhewiebarfuss.at\/shop\/wp-json\/wp\/v2\/product_cat?post=476427"},{"taxonomy":"product_tag","embeddable":true,"href":"https:\/\/schuhewiebarfuss.at\/shop\/wp-json\/wp\/v2\/product_tag?post=476427"}],"curies":[{"name":"wp","href":"https:\/\/api.w.org\/{rel}","templated":true}]}}