{"id":476407,"date":"2024-04-09T19:00:57","date_gmt":"2024-04-09T17:00:57","guid":{"rendered":"https:\/\/schuhewiebarfuss.at\/shop\/produkt\/primus-trail-all-weather-fg-damen\/"},"modified":"2026-03-01T07:56:57","modified_gmt":"2026-03-01T06:56:57","slug":"primus-trail-all-weather-fg-damen","status":"publish","type":"product","link":"https:\/\/schuhewiebarfuss.at\/shop\/produkt\/primus-trail-all-weather-fg-damen\/","title":{"rendered":"Primus Trail All Weather FG Damen"},"content":{"rendered":"<p>Verbinden Sie sich das ganze Jahr \u00fcber wieder mit der Natur.<\/p>\n<p>Genie\u00dfe kalte, nasse Trails mit dem neuen Primus Trail Winter FG, der jetzt wasserfest ist, damit die F\u00fc\u00dfe bei allen Abenteuern trocken bleiben.<\/p>\n<p>Die Au\u00dfensohle von Firm Ground und die Stollen mit niedrigem Profil sind f\u00fcr griffige Traktion auf Trails und felsigem, rutschigem Gel\u00e4nde ausgelegt. Dieser vegane Schuh ist auf Langlebigkeit und Flexibilit\u00e4t ausgelegt und wird aus recycelten PET-Plastikflaschen f\u00fcr leichte, atmungsaktive Bewegung hergestellt.<\/p>\n<p>&#8211; Einer der leistungsst\u00e4rksten Schuhe von Vivobarefoot, der Primus Trail All Weather FG, ist jetzt aktualisiert und wasserabweisend f\u00fcr nasse und schlammige Tage auf dem Trail.<br \/>\n&#8211; Flexible, ultrad\u00fcnne Sohlen bieten maximales sensorisches Feedback mit Firm Ground (FG) Sole und flachen, griffigen Stollen.<br \/>\n&#8211; Vegan und aus strapazierf\u00e4higem, wasserfestem, recyceltem PET aus Plastikflaschen hergestellt, verf\u00fcgt er auch \u00fcber unsere biobasierte BLOOM-Schaumstoff-Einlegesohle.<\/p>\n<p><b>Audio-Beschreibung<\/b><br \/><audio controls src=\"https:\/\/schuhewiebarfuss.at\/shop\/wp-content\/uploads\/lk\/6193_audio.wav\"><br \/>\n                                            Ihr Browser unterst\u00fctzt diese Audio-Ausgabe leider nicht.<br \/>\n                                            <\/ audio ><\/p>\n","protected":false},"excerpt":{"rendered":"<p>Obermaterial: Atmungsaktives, wasserabweisendes Mesh aus recycelten PET Flaschen<br \/>\nInnensohle: Herausnehmbare, 3mm Ortholite Einlegesohle aus recycelten Materialien.<br \/>\nAu\u00dfensohle: patentierte, durchsto\u00dffeste, PRO5 Firm-Ground-Sohle. 3mm d\u00fcnn mit 3mm Stollen f\u00fcr besten Halt.<br \/>\nSchn\u00fcrung: Schnellverschluss System mit HI-VIZ Schn\u00fcrsenkeln f\u00fcr beste Sichtbarkeit bei Dunkelheit.<br \/>\n100% Vegan<br \/>\nWinterfest<\/p>\n","protected":false},"featured_media":476406,"comment_status":"open","ping_status":"closed","template":"","meta":[],"product_brand":[],"product_cat":[3121],"product_tag":[1557,1408,1362,1368,1373,1374,1375,1376,1377,2451,1450],"class_list":{"0":"post-476407","1":"product","2":"type-product","3":"status-publish","4":"has-post-thumbnail","6":"product_cat-sale","7":"product_tag-farbe-hellgruen","8":"product_tag-farbe-schwarz","9":"product_tag-groesse-36","10":"product_tag-groesse-37","11":"product_tag-groesse-38","12":"product_tag-groesse-39","13":"product_tag-groesse-40","14":"product_tag-groesse-41","15":"product_tag-groesse-42","16":"product_tag-marke-vivobarefoot","17":"product_tag-sale","19":"first","20":"instock","21":"sale","22":"taxable","23":"shipping-taxable","24":"purchasable","25":"product-type-variable"},"_links":{"self":[{"href":"https:\/\/schuhewiebarfuss.at\/shop\/wp-json\/wp\/v2\/product\/476407","targetHints":{"allow":["GET"]}}],"collection":[{"href":"https:\/\/schuhewiebarfuss.at\/shop\/wp-json\/wp\/v2\/product"}],"about":[{"href":"https:\/\/schuhewiebarfuss.at\/shop\/wp-json\/wp\/v2\/types\/product"}],"replies":[{"embeddable":true,"href":"https:\/\/schuhewiebarfuss.at\/shop\/wp-json\/wp\/v2\/comments?post=476407"}],"wp:featuredmedia":[{"embeddable":true,"href":"https:\/\/schuhewiebarfuss.at\/shop\/wp-json\/wp\/v2\/media\/476406"}],"wp:attachment":[{"href":"https:\/\/schuhewiebarfuss.at\/shop\/wp-json\/wp\/v2\/media?parent=476407"}],"wp:term":[{"taxonomy":"product_brand","embeddable":true,"href":"https:\/\/schuhewiebarfuss.at\/shop\/wp-json\/wp\/v2\/product_brand?post=476407"},{"taxonomy":"product_cat","embeddable":true,"href":"https:\/\/schuhewiebarfuss.at\/shop\/wp-json\/wp\/v2\/product_cat?post=476407"},{"taxonomy":"product_tag","embeddable":true,"href":"https:\/\/schuhewiebarfuss.at\/shop\/wp-json\/wp\/v2\/product_tag?post=476407"}],"curies":[{"name":"wp","href":"https:\/\/api.w.org\/{rel}","templated":true}]}}