{"id":476378,"date":"2024-04-09T18:59:14","date_gmt":"2024-04-09T16:59:14","guid":{"rendered":"https:\/\/schuhewiebarfuss.at\/shop\/produkt\/stealth-2-damen\/"},"modified":"2026-03-01T17:35:15","modified_gmt":"2026-03-01T16:35:15","slug":"stealth-2-damen","status":"publish","type":"product","link":"https:\/\/schuhewiebarfuss.at\/shop\/produkt\/stealth-2-damen\/","title":{"rendered":"Stealth 2 Damen"},"content":{"rendered":"<p>Bahn frei f\u00fcr den Bestseller Laufschuh Stealth! <\/p>\n<p>Laufen, so schnell du kannst und so weit du kannst. Mit dem Stealth k\u00f6nnen deine F\u00fc\u00dfe dabei atmen und absolute Flexibilit\u00e4t genie\u00dfen. Alle, die den Stealth bereits kennen, wissen, dass seine geniale Passform diesen Sportschuh unschlagbar macht. Dieser bequeme Barfu\u00dfschuh eignet sich auch ideal f\u00fcr die Freizeit oder f\u00fcr den Alltag. <\/p>\n<p>Die patentierte Barfu\u00dfsohle ist nur 3mm d\u00fcnn und ist gleicherma\u00dfen f\u00fcr gepflasterte Stra\u00dfen wie f\u00fcr Waldwege geeignet. Vorne im Zehenbereich befindet sich eine weiche Laminierung, die als zus\u00e4tzlicher Sto\u00dfschutz dient und im dunklen reflektiert. Der Fersenbereich ist weich gepolstert f\u00fcr besonders hohen Komfort. <\/p>\n<p>Erlebe das einzigartige Barfu\u00dfgef\u00fchl beim Laufen und bei allem, was du gerne machst. F\u00fchl&#8216; dich barfu\u00df!<\/p>\n<p><b>Audio-Beschreibung<\/b><br \/><audio controls src=\"https:\/\/schuhewiebarfuss.at\/shop\/wp-content\/uploads\/lk\/6227_audio.wav\"><br \/>\n                                            Ihr Browser unterst\u00fctzt diese Audio-Ausgabe leider nicht.<br \/>\n                                            <\/ audio ><\/p>\n","protected":false},"excerpt":{"rendered":"<p>\u2022Obermaterial: Air Meshatmungsaktives Obermaterial<br \/>\n\u2022Futter aus Dri-Lex<br \/>\n\u2022Pro5: neue, durchstichfeste Sohlentechnologie<br \/>\n\u2022herausnehmbare Innensohle<br \/>\n\u2022100% vegan<br \/>\n\u2022patentierte 3mm d\u00fcnne Performance-Sohle<\/p>\n","protected":false},"featured_media":476377,"comment_status":"open","ping_status":"closed","template":"","meta":[],"product_brand":[],"product_cat":[3121],"product_tag":[2635,2636,1600,1408,1651,1404,1362,1368,1373,1374,1375,1376,1377,2451,1450],"class_list":{"0":"post-476378","1":"product","2":"type-product","3":"status-publish","4":"has-post-thumbnail","6":"product_cat-sale","7":"product_tag-farbe-coral","8":"product_tag-farbe-cordovan","9":"product_tag-farbe-rot","10":"product_tag-farbe-schwarz","11":"product_tag-farbe-weiss","12":"product_tag-groesse-35","13":"product_tag-groesse-36","14":"product_tag-groesse-37","15":"product_tag-groesse-38","16":"product_tag-groesse-39","17":"product_tag-groesse-40","18":"product_tag-groesse-41","19":"product_tag-groesse-42","20":"product_tag-marke-vivobarefoot","21":"product_tag-sale","23":"first","24":"instock","25":"sale","26":"taxable","27":"shipping-taxable","28":"purchasable","29":"product-type-variable"},"_links":{"self":[{"href":"https:\/\/schuhewiebarfuss.at\/shop\/wp-json\/wp\/v2\/product\/476378","targetHints":{"allow":["GET"]}}],"collection":[{"href":"https:\/\/schuhewiebarfuss.at\/shop\/wp-json\/wp\/v2\/product"}],"about":[{"href":"https:\/\/schuhewiebarfuss.at\/shop\/wp-json\/wp\/v2\/types\/product"}],"replies":[{"embeddable":true,"href":"https:\/\/schuhewiebarfuss.at\/shop\/wp-json\/wp\/v2\/comments?post=476378"}],"wp:featuredmedia":[{"embeddable":true,"href":"https:\/\/schuhewiebarfuss.at\/shop\/wp-json\/wp\/v2\/media\/476377"}],"wp:attachment":[{"href":"https:\/\/schuhewiebarfuss.at\/shop\/wp-json\/wp\/v2\/media?parent=476378"}],"wp:term":[{"taxonomy":"product_brand","embeddable":true,"href":"https:\/\/schuhewiebarfuss.at\/shop\/wp-json\/wp\/v2\/product_brand?post=476378"},{"taxonomy":"product_cat","embeddable":true,"href":"https:\/\/schuhewiebarfuss.at\/shop\/wp-json\/wp\/v2\/product_cat?post=476378"},{"taxonomy":"product_tag","embeddable":true,"href":"https:\/\/schuhewiebarfuss.at\/shop\/wp-json\/wp\/v2\/product_tag?post=476378"}],"curies":[{"name":"wp","href":"https:\/\/api.w.org\/{rel}","templated":true}]}}