{"id":476359,"date":"2024-04-09T18:55:10","date_gmt":"2024-04-09T16:55:10","guid":{"rendered":"https:\/\/schuhewiebarfuss.at\/shop\/produkt\/geo-racer-damen\/"},"modified":"2026-03-01T18:47:40","modified_gmt":"2026-03-01T17:47:40","slug":"geo-racer-damen","status":"publish","type":"product","link":"https:\/\/schuhewiebarfuss.at\/shop\/produkt\/geo-racer-damen\/","title":{"rendered":"Geo Racer Damen"},"content":{"rendered":"<p>Der GEO RACER ist unser neuer, veganer Sneaker f\u00fcr alle Situationen. Dieser Schuh bietet beste Flexibilit\u00e4t und leichtes Gewicht bei gleichzeitig kleinem \u00f6kologischen Fu\u00dfabdruck.<\/p>\n<p>Das atmungsaktive Obermaterial dieses veganen Schuhs besteht aus recyceltem Polyester-Mesh. Unsere patentierte, durchsto\u00dffeste 3mm-Sohle erlaubt beste Propriozeption und besten Halt auf allen B\u00f6den. Die beiliegende, herausnehmbare 3mm PERFORMANCE Einlegesohle unterst\u00fctzt Barfu\u00dfschuh-Einsteiger, oder an k\u00e4lteren Tagen bei k\u00fchlen Bodentemperaturen.<\/p>\n<p>Mit dem GEO RACER kann der Tag im B\u00fcro, beim Sport oder dem Pub-Besuch wie Barfu\u00df erlebt werden!<\/p>\n<p><b>Audio-Beschreibung<\/b><br \/><audio controls src=\"https:\/\/schuhewiebarfuss.at\/shop\/wp-content\/uploads\/lk\/6150_audio.wav\"><br \/>\n                                            Ihr Browser unterst\u00fctzt diese Audio-Ausgabe leider nicht.<br \/>\n                                            <\/ audio ><\/p>\n","protected":false},"excerpt":{"rendered":"<p>Obermaterial: Atmungsaktives- Mesh Gewebe aus recycelten PET Flaschen<br \/>\nPatentierte, durchsto\u00dffeste 3mm PRO5-Sohle<br \/>\nEntfernbare 3mm Performance Insole<br \/>\nSchn\u00fcrschuh<br \/>\n100% Vegan<\/p>\n","protected":false},"featured_media":476358,"comment_status":"open","ping_status":"closed","template":"","meta":[],"product_brand":[],"product_cat":[3121],"product_tag":[1480,1408,1362,1368,1373,1374,1375,1376,1377,2451,1450],"class_list":{"0":"post-476359","1":"product","2":"type-product","3":"status-publish","4":"has-post-thumbnail","6":"product_cat-sale","7":"product_tag-farbe-orange","8":"product_tag-farbe-schwarz","9":"product_tag-groesse-36","10":"product_tag-groesse-37","11":"product_tag-groesse-38","12":"product_tag-groesse-39","13":"product_tag-groesse-40","14":"product_tag-groesse-41","15":"product_tag-groesse-42","16":"product_tag-marke-vivobarefoot","17":"product_tag-sale","19":"first","20":"outofstock","21":"taxable","22":"shipping-taxable","23":"product-type-variable"},"_links":{"self":[{"href":"https:\/\/schuhewiebarfuss.at\/shop\/wp-json\/wp\/v2\/product\/476359","targetHints":{"allow":["GET"]}}],"collection":[{"href":"https:\/\/schuhewiebarfuss.at\/shop\/wp-json\/wp\/v2\/product"}],"about":[{"href":"https:\/\/schuhewiebarfuss.at\/shop\/wp-json\/wp\/v2\/types\/product"}],"replies":[{"embeddable":true,"href":"https:\/\/schuhewiebarfuss.at\/shop\/wp-json\/wp\/v2\/comments?post=476359"}],"wp:featuredmedia":[{"embeddable":true,"href":"https:\/\/schuhewiebarfuss.at\/shop\/wp-json\/wp\/v2\/media\/476358"}],"wp:attachment":[{"href":"https:\/\/schuhewiebarfuss.at\/shop\/wp-json\/wp\/v2\/media?parent=476359"}],"wp:term":[{"taxonomy":"product_brand","embeddable":true,"href":"https:\/\/schuhewiebarfuss.at\/shop\/wp-json\/wp\/v2\/product_brand?post=476359"},{"taxonomy":"product_cat","embeddable":true,"href":"https:\/\/schuhewiebarfuss.at\/shop\/wp-json\/wp\/v2\/product_cat?post=476359"},{"taxonomy":"product_tag","embeddable":true,"href":"https:\/\/schuhewiebarfuss.at\/shop\/wp-json\/wp\/v2\/product_tag?post=476359"}],"curies":[{"name":"wp","href":"https:\/\/api.w.org\/{rel}","templated":true}]}}