{"id":476231,"date":"2024-04-09T18:45:32","date_gmt":"2024-04-09T16:45:32","guid":{"rendered":"https:\/\/schuhewiebarfuss.at\/shop\/produkt\/vapor-glove-5-damen\/"},"modified":"2026-03-20T19:28:08","modified_gmt":"2026-03-20T18:28:08","slug":"vapor-glove-5-damen","status":"publish","type":"product","link":"https:\/\/schuhewiebarfuss.at\/shop\/produkt\/vapor-glove-5-damen\/","title":{"rendered":"Vapor Glove 5 Damen"},"content":{"rendered":"<p>Merrell VAPOR GLOVE 5 sind extrem leichte Schuhe mit minimalistischem Design und maximaler Ausstattung. Dank des Gehalts an nat\u00fcrlich vorkommenden freundlichen Mikroben kann die M-select FRESH-Technologie durch Schwei\u00df und Bakterien verursachte Ger\u00fcche f\u00fcr lange Zeit erfolgreich beseitigen. Es ist frei von Chemikalien und belastet die nat\u00fcrliche Umwelt nicht.<\/p>\n<p><b>Audio-Beschreibung<\/b><br \/><audio controls src=\"https:\/\/schuhewiebarfuss.at\/shop\/wp-content\/uploads\/lk\/6062_audio.wav\"><br \/>\n                                            Ihr Browser unterst\u00fctzt diese Audio-Ausgabe leider nicht.<br \/>\n                                            <\/ audio ><\/p>\n","protected":false},"excerpt":{"rendered":"<p>Obermaterial: Mesh TPU<br \/>\nInnenmaterial: Mesh<br \/>\nInnensohle: EVA-Schaum-Einlegesohle mit 100 % recycelter Deckschicht<br \/>\nSohle: Vibram\u00ae EcoStep besteht zu 30 % aus recyceltem Gummi<br \/>\nVerschlussart: Schn\u00fcrung <\/p>\n","protected":false},"featured_media":476230,"comment_status":"open","ping_status":"closed","template":"","meta":[],"product_brand":[],"product_cat":[3121],"product_tag":[1371,1570,1408,1651,1362,1368,1373,1525,1374,1375,1526,1376,1377,2468,1450],"class_list":{"0":"post-476231","1":"product","2":"type-product","3":"status-publish","4":"has-post-thumbnail","6":"product_cat-sale","7":"product_tag-farbe-grau","8":"product_tag-farbe-gruen","9":"product_tag-farbe-schwarz","10":"product_tag-farbe-weiss","11":"product_tag-groesse-36","12":"product_tag-groesse-37","13":"product_tag-groesse-38","14":"product_tag-groesse-38-5","15":"product_tag-groesse-39","16":"product_tag-groesse-40","17":"product_tag-groesse-40-5","18":"product_tag-groesse-41","19":"product_tag-groesse-42","20":"product_tag-marke-merrell","21":"product_tag-sale","23":"first","24":"instock","25":"sale","26":"taxable","27":"shipping-taxable","28":"purchasable","29":"product-type-variable"},"_links":{"self":[{"href":"https:\/\/schuhewiebarfuss.at\/shop\/wp-json\/wp\/v2\/product\/476231","targetHints":{"allow":["GET"]}}],"collection":[{"href":"https:\/\/schuhewiebarfuss.at\/shop\/wp-json\/wp\/v2\/product"}],"about":[{"href":"https:\/\/schuhewiebarfuss.at\/shop\/wp-json\/wp\/v2\/types\/product"}],"replies":[{"embeddable":true,"href":"https:\/\/schuhewiebarfuss.at\/shop\/wp-json\/wp\/v2\/comments?post=476231"}],"wp:featuredmedia":[{"embeddable":true,"href":"https:\/\/schuhewiebarfuss.at\/shop\/wp-json\/wp\/v2\/media\/476230"}],"wp:attachment":[{"href":"https:\/\/schuhewiebarfuss.at\/shop\/wp-json\/wp\/v2\/media?parent=476231"}],"wp:term":[{"taxonomy":"product_brand","embeddable":true,"href":"https:\/\/schuhewiebarfuss.at\/shop\/wp-json\/wp\/v2\/product_brand?post=476231"},{"taxonomy":"product_cat","embeddable":true,"href":"https:\/\/schuhewiebarfuss.at\/shop\/wp-json\/wp\/v2\/product_cat?post=476231"},{"taxonomy":"product_tag","embeddable":true,"href":"https:\/\/schuhewiebarfuss.at\/shop\/wp-json\/wp\/v2\/product_tag?post=476231"}],"curies":[{"name":"wp","href":"https:\/\/api.w.org\/{rel}","templated":true}]}}