{"id":476116,"date":"2024-04-09T18:01:45","date_gmt":"2024-04-09T16:01:45","guid":{"rendered":"https:\/\/schuhewiebarfuss.at\/shop\/produkt\/slyde-damen-leder-schwarz\/"},"modified":"2026-02-28T18:27:43","modified_gmt":"2026-02-28T17:27:43","slug":"slyde-damen-leder-schwarz","status":"publish","type":"product","link":"https:\/\/schuhewiebarfuss.at\/shop\/produkt\/slyde-damen-leder-schwarz\/","title":{"rendered":"Slyde Damen Leder Schwarz"},"content":{"rendered":"<p>Wir stellen vor: Unser neuer Lederslipper Slyde. Die Vorderseite besteht aus luxuri\u00f6sem, perforiertem Leder, die R\u00fcckseite aus super-stretchigem Neopren. So schl\u00fcpfst du ruckzuck rein und wieder raus. Der Slyde wird aus hochwertigem Wild Hide Leder des britischen Traditionsunternehmens Pittards gefertigt. Dieses stammt aus Afrika und wird von Hand bearbeitet. Die 3mm d\u00fcnne, abriebfeste Casual-Sohle erm\u00f6glicht dir einzigartiges Barfu\u00dfgef\u00fchl bei gleichzeitigem Schutz.<\/p>\n<p>Das hochwertige Leder des britischen Traditionsunternehmens Pittards hat eine besondere Struktur und stammt aus Afrika. Das Leder wird mit pflanzlichen Mitteln gegerbt und m\u00f6glichst in seiner nat\u00fcrlichen Form und Textur erhalten. Au\u00dferdem zeichnet es sich durch seine robuste Struktur aus. Da es sich hierbei um nat\u00fcrliches Leder von wilden Tieren handelt, ist jedes Paar ein Unikat. Somit kann es sein, das einzelne Schuhe Narben, Kratzer oder kleine Flecken aufweisen.<\/p>\n<p><b>Audio-Beschreibung<\/b><br \/><audio controls src=\"https:\/\/schuhewiebarfuss.at\/shop\/wp-content\/uploads\/lk\/5779_audio.wav\"><br \/>\n                                            Ihr Browser unterst\u00fctzt diese Audio-Ausgabe leider nicht.<br \/>\n                                            <\/ audio ><\/p>\n","protected":false},"excerpt":{"rendered":"<p>\u2022Obermaterial: Pittards Wild Hide Leder, Neopren<br \/>\n\u2022Patentierte 3mm d\u00fcnne Casual-Barfu\u00dfsohle<br \/>\n\u2022Pro5: neue, durchstichfeste Sohlentechnologie<br \/>\n\u2022Atmungsaktiv dank Leder<br \/>\n\u2022Achtung: Dieser Schuh f\u00e4llt ca. eine halbe Nummer gr\u00f6\u00dfer aus<br \/>\n\u2022Gewicht pro Schuh: 300 g (Gr\u00f6\u00dfe 37)<\/p>\n","protected":false},"featured_media":476115,"comment_status":"open","ping_status":"closed","template":"","meta":[],"product_brand":[],"product_cat":[3121],"product_tag":[1362,1373,1376,1377,2451,1450],"class_list":{"0":"post-476116","1":"product","2":"type-product","3":"status-publish","4":"has-post-thumbnail","6":"product_cat-sale","7":"product_tag-groesse-36","8":"product_tag-groesse-38","9":"product_tag-groesse-41","10":"product_tag-groesse-42","11":"product_tag-marke-vivobarefoot","12":"product_tag-sale","14":"first","15":"instock","16":"sale","17":"taxable","18":"shipping-taxable","19":"purchasable","20":"product-type-variable"},"_links":{"self":[{"href":"https:\/\/schuhewiebarfuss.at\/shop\/wp-json\/wp\/v2\/product\/476116","targetHints":{"allow":["GET"]}}],"collection":[{"href":"https:\/\/schuhewiebarfuss.at\/shop\/wp-json\/wp\/v2\/product"}],"about":[{"href":"https:\/\/schuhewiebarfuss.at\/shop\/wp-json\/wp\/v2\/types\/product"}],"replies":[{"embeddable":true,"href":"https:\/\/schuhewiebarfuss.at\/shop\/wp-json\/wp\/v2\/comments?post=476116"}],"wp:featuredmedia":[{"embeddable":true,"href":"https:\/\/schuhewiebarfuss.at\/shop\/wp-json\/wp\/v2\/media\/476115"}],"wp:attachment":[{"href":"https:\/\/schuhewiebarfuss.at\/shop\/wp-json\/wp\/v2\/media?parent=476116"}],"wp:term":[{"taxonomy":"product_brand","embeddable":true,"href":"https:\/\/schuhewiebarfuss.at\/shop\/wp-json\/wp\/v2\/product_brand?post=476116"},{"taxonomy":"product_cat","embeddable":true,"href":"https:\/\/schuhewiebarfuss.at\/shop\/wp-json\/wp\/v2\/product_cat?post=476116"},{"taxonomy":"product_tag","embeddable":true,"href":"https:\/\/schuhewiebarfuss.at\/shop\/wp-json\/wp\/v2\/product_tag?post=476116"}],"curies":[{"name":"wp","href":"https:\/\/api.w.org\/{rel}","templated":true}]}}