{"id":476107,"date":"2024-04-09T17:57:22","date_gmt":"2024-04-09T15:57:22","guid":{"rendered":"https:\/\/schuhewiebarfuss.at\/shop\/produkt\/opanka-pump-damen-schwarz\/"},"modified":"2026-02-28T18:37:43","modified_gmt":"2026-02-28T17:37:43","slug":"opanka-pump-damen-schwarz","status":"publish","type":"product","link":"https:\/\/schuhewiebarfuss.at\/shop\/produkt\/opanka-pump-damen-schwarz\/","title":{"rendered":"Opanka Pump Damen Schwarz"},"content":{"rendered":"<p>Diese handgeschnittenen und handgen\u00e4hten Barfu\u00df-Ballerinas aus Glattleder eignen sich f\u00fcr Beruf und Freizeit und lassen Sie das Gef\u00fchl des Barfu\u00dflaufens jeden Tag aufs Neue erleben. Sie werden in England von VIVOBAREFOOT-Chefdesigner Asher Clarke entworfen. Handgefertigt in Portugal aus hochwertigem Leder. Mit einem Schwerpunkt auf der Erhaltung aller Vorteile des Barfu\u00dfgehens.<\/p>\n<p><b>Audio-Beschreibung<\/b><br \/><audio controls src=\"https:\/\/schuhewiebarfuss.at\/shop\/wp-content\/uploads\/lk\/5718_audio.wav\"><br \/>\n                                            Ihr Browser unterst\u00fctzt diese Audio-Ausgabe leider nicht.<br \/>\n                                            <\/ audio ><\/p>\n","protected":false},"excerpt":{"rendered":"<p>Sohlenmaterial: Leder und Gummi<br \/>\nObermaterial: Leder<\/p>\n","protected":false},"featured_media":476106,"comment_status":"open","ping_status":"closed","template":"","meta":[],"product_brand":[],"product_cat":[3121],"product_tag":[1408,1374,1377,2451,1450],"class_list":{"0":"post-476107","1":"product","2":"type-product","3":"status-publish","4":"has-post-thumbnail","6":"product_cat-sale","7":"product_tag-farbe-schwarz","8":"product_tag-groesse-39","9":"product_tag-groesse-42","10":"product_tag-marke-vivobarefoot","11":"product_tag-sale","13":"first","14":"instock","15":"sale","16":"taxable","17":"shipping-taxable","18":"purchasable","19":"product-type-variable"},"_links":{"self":[{"href":"https:\/\/schuhewiebarfuss.at\/shop\/wp-json\/wp\/v2\/product\/476107","targetHints":{"allow":["GET"]}}],"collection":[{"href":"https:\/\/schuhewiebarfuss.at\/shop\/wp-json\/wp\/v2\/product"}],"about":[{"href":"https:\/\/schuhewiebarfuss.at\/shop\/wp-json\/wp\/v2\/types\/product"}],"replies":[{"embeddable":true,"href":"https:\/\/schuhewiebarfuss.at\/shop\/wp-json\/wp\/v2\/comments?post=476107"}],"wp:featuredmedia":[{"embeddable":true,"href":"https:\/\/schuhewiebarfuss.at\/shop\/wp-json\/wp\/v2\/media\/476106"}],"wp:attachment":[{"href":"https:\/\/schuhewiebarfuss.at\/shop\/wp-json\/wp\/v2\/media?parent=476107"}],"wp:term":[{"taxonomy":"product_brand","embeddable":true,"href":"https:\/\/schuhewiebarfuss.at\/shop\/wp-json\/wp\/v2\/product_brand?post=476107"},{"taxonomy":"product_cat","embeddable":true,"href":"https:\/\/schuhewiebarfuss.at\/shop\/wp-json\/wp\/v2\/product_cat?post=476107"},{"taxonomy":"product_tag","embeddable":true,"href":"https:\/\/schuhewiebarfuss.at\/shop\/wp-json\/wp\/v2\/product_tag?post=476107"}],"curies":[{"name":"wp","href":"https:\/\/api.w.org\/{rel}","templated":true}]}}