{"id":476075,"date":"2024-04-09T17:52:57","date_gmt":"2024-04-09T15:52:57","guid":{"rendered":"https:\/\/schuhewiebarfuss.at\/shop\/produkt\/prio-all-day-sr-damen-schwarz\/"},"modified":"2026-02-28T19:59:28","modified_gmt":"2026-02-28T18:59:28","slug":"prio-all-day-sr-damen-schwarz","status":"publish","type":"product","link":"https:\/\/schuhewiebarfuss.at\/shop\/produkt\/prio-all-day-sr-damen-schwarz\/","title":{"rendered":"Prio All-Day SR Damen Schwarz"},"content":{"rendered":"<p>Mit klassischem Xero Shoes Design und einer rutschfesten Gummisohle trifft beim Prio All-Day SR endlich Trittsicherheit auf nat\u00fcrlichen Komfort.<\/p>\n<p>Mit dem bodennahen Design und der breiten Zehenbox des Prio All Day SR f\u00fchlen sich Ihre F\u00fc\u00dfe am Ende der Schicht so frei an wie am Anfang. Das von Huarache inspirierte Spannsystem bietet Ihnen den sicheren Sitz, den Sie von Xero Shoes erwarten, w\u00e4hrend die rutschfeste Sohle mit unserem in zwei Richtungen verlaufenden Chevron-Muster Traktion bietet, auf die Sie sich bei Ihrer Arbeit verlassen k\u00f6nnen.<\/p>\n<p>Der Prio All Day SR ist in komplett schwarzem, vollnarbigem Leder erh\u00e4ltlich, um die Standards der Dienstleistungsindustrie zu erf\u00fcllen. Er ist Ihr perfekter rutschfester Dienstschuh, passt aber auch zu Jeans, Khakis, Shorts und Leggings. Sie m\u00fcssen die Schuhe nicht wechseln, wenn Sie unterwegs sind Gehen Sie mit Ihren Lieblingskollegen zu Ihrem Treffpunkt nach der Arbeit.<\/p>\n<p><b>Audio-Beschreibung<\/b><br \/><audio controls src=\"https:\/\/schuhewiebarfuss.at\/shop\/wp-content\/uploads\/lk\/5909_audio.wav\"><br \/>\n                                            Ihr Browser unterst\u00fctzt diese Audio-Ausgabe leider nicht.<br \/>\n                                            <\/ audio ><\/p>\n","protected":false},"excerpt":{"rendered":"<p>Obermaterial: Leder<br \/>\nSonstiges: herausnehmbare Innensohle<br \/>\nSohle: 5,5 mm FeelTrue\u00ae Sohle, abriebfest<br \/>\nEigenschaften: flacher bis normaler Spann, normal breite bis breitere F\u00fc\u00dfe<br \/>\nVerschlussart: Schn\u00fcrung <\/p>\n","protected":false},"featured_media":476074,"comment_status":"open","ping_status":"closed","template":"","meta":[],"product_brand":[],"product_cat":[830],"product_tag":[1362,1368,1373,1374,1375,1376,1377,2744,2446],"class_list":{"0":"post-476075","1":"product","2":"type-product","3":"status-publish","4":"has-post-thumbnail","6":"product_cat-lifestyle-4","7":"product_tag-groesse-36","8":"product_tag-groesse-37","9":"product_tag-groesse-38","10":"product_tag-groesse-39","11":"product_tag-groesse-40","12":"product_tag-groesse-41","13":"product_tag-groesse-42","14":"product_tag-groesse-425","15":"product_tag-marke-xero","17":"first","18":"instock","19":"taxable","20":"shipping-taxable","21":"purchasable","22":"product-type-variable"},"_links":{"self":[{"href":"https:\/\/schuhewiebarfuss.at\/shop\/wp-json\/wp\/v2\/product\/476075","targetHints":{"allow":["GET"]}}],"collection":[{"href":"https:\/\/schuhewiebarfuss.at\/shop\/wp-json\/wp\/v2\/product"}],"about":[{"href":"https:\/\/schuhewiebarfuss.at\/shop\/wp-json\/wp\/v2\/types\/product"}],"replies":[{"embeddable":true,"href":"https:\/\/schuhewiebarfuss.at\/shop\/wp-json\/wp\/v2\/comments?post=476075"}],"wp:featuredmedia":[{"embeddable":true,"href":"https:\/\/schuhewiebarfuss.at\/shop\/wp-json\/wp\/v2\/media\/476074"}],"wp:attachment":[{"href":"https:\/\/schuhewiebarfuss.at\/shop\/wp-json\/wp\/v2\/media?parent=476075"}],"wp:term":[{"taxonomy":"product_brand","embeddable":true,"href":"https:\/\/schuhewiebarfuss.at\/shop\/wp-json\/wp\/v2\/product_brand?post=476075"},{"taxonomy":"product_cat","embeddable":true,"href":"https:\/\/schuhewiebarfuss.at\/shop\/wp-json\/wp\/v2\/product_cat?post=476075"},{"taxonomy":"product_tag","embeddable":true,"href":"https:\/\/schuhewiebarfuss.at\/shop\/wp-json\/wp\/v2\/product_tag?post=476075"}],"curies":[{"name":"wp","href":"https:\/\/api.w.org\/{rel}","templated":true}]}}