{"id":476037,"date":"2024-04-09T17:46:52","date_gmt":"2024-04-09T15:46:52","guid":{"rendered":"https:\/\/schuhewiebarfuss.at\/shop\/produkt\/aptos-damen\/"},"modified":"2026-03-11T19:49:49","modified_gmt":"2026-03-11T18:49:49","slug":"aptos-damen","status":"publish","type":"product","link":"https:\/\/schuhewiebarfuss.at\/shop\/produkt\/aptos-damen\/","title":{"rendered":"Aptos Damen"},"content":{"rendered":"<p>Dieser vegane Slipper bringt dich modisch und leichten Fu\u00dfes durch den Sommer. Die 5,5 mm d\u00fcnne Sohle garantiert Schutz und Polsterung und erm\u00f6glicht gleichzeitig ein Gef\u00fchl des Barfu\u00dflaufens. In nur wenigen Augenblicken bist du in diesen Alltagsschuh hineingeschl\u00fcpft und, dank der elastischen Einz\u00fcge, passt er sich wunderbar auch etwas schmaleren F\u00fc\u00dfen an. Das Modell ist normalbreit und auch f\u00fcr F\u00fc\u00dfe mit hohem Spann geeignet.<\/p>\n<p><b>Audio-Beschreibung<\/b><br \/><audio controls src=\"https:\/\/schuhewiebarfuss.at\/shop\/wp-content\/uploads\/lk\/5963_audio.wav\"><br \/>\n                                            Ihr Browser unterst\u00fctzt diese Audio-Ausgabe leider nicht.<br \/>\n                                            <\/ audio ><\/p>\n","protected":false},"excerpt":{"rendered":"<p>Obermaterial: Hanf-Canvas, vegan<br \/>\nInnenfutter: Mikrofaser<br \/>\nAu\u00dfensohle: 5,5 mm FeelTrue &#8211; Gummi Sohle<br \/>\nherausnehmbare 2mm &#8211; Sohle<br \/>\nTyp Verschlusssystem: Schl\u00fcpfschuh <\/p>\n","protected":false},"featured_media":476036,"comment_status":"open","ping_status":"closed","template":"","meta":[],"product_brand":[],"product_cat":[3121],"product_tag":[2308,1408,1362,1368,1373,1374,1375,1376,2317,1377,2446,1450],"class_list":{"0":"post-476037","1":"product","2":"type-product","3":"status-publish","4":"has-post-thumbnail","6":"product_cat-sale","7":"product_tag-farbe-rosa","8":"product_tag-farbe-schwarz","9":"product_tag-groesse-36","10":"product_tag-groesse-37","11":"product_tag-groesse-38","12":"product_tag-groesse-39","13":"product_tag-groesse-40","14":"product_tag-groesse-41","15":"product_tag-groesse-41-5","16":"product_tag-groesse-42","17":"product_tag-marke-xero","18":"product_tag-sale","20":"first","21":"instock","22":"taxable","23":"shipping-taxable","24":"purchasable","25":"product-type-variable"},"_links":{"self":[{"href":"https:\/\/schuhewiebarfuss.at\/shop\/wp-json\/wp\/v2\/product\/476037","targetHints":{"allow":["GET"]}}],"collection":[{"href":"https:\/\/schuhewiebarfuss.at\/shop\/wp-json\/wp\/v2\/product"}],"about":[{"href":"https:\/\/schuhewiebarfuss.at\/shop\/wp-json\/wp\/v2\/types\/product"}],"replies":[{"embeddable":true,"href":"https:\/\/schuhewiebarfuss.at\/shop\/wp-json\/wp\/v2\/comments?post=476037"}],"wp:featuredmedia":[{"embeddable":true,"href":"https:\/\/schuhewiebarfuss.at\/shop\/wp-json\/wp\/v2\/media\/476036"}],"wp:attachment":[{"href":"https:\/\/schuhewiebarfuss.at\/shop\/wp-json\/wp\/v2\/media?parent=476037"}],"wp:term":[{"taxonomy":"product_brand","embeddable":true,"href":"https:\/\/schuhewiebarfuss.at\/shop\/wp-json\/wp\/v2\/product_brand?post=476037"},{"taxonomy":"product_cat","embeddable":true,"href":"https:\/\/schuhewiebarfuss.at\/shop\/wp-json\/wp\/v2\/product_cat?post=476037"},{"taxonomy":"product_tag","embeddable":true,"href":"https:\/\/schuhewiebarfuss.at\/shop\/wp-json\/wp\/v2\/product_tag?post=476037"}],"curies":[{"name":"wp","href":"https:\/\/api.w.org\/{rel}","templated":true}]}}