{"id":476003,"date":"2024-04-09T17:42:48","date_gmt":"2024-04-09T15:42:48","guid":{"rendered":"https:\/\/schuhewiebarfuss.at\/shop\/produkt\/easystyle\/"},"modified":"2026-03-10T20:30:50","modified_gmt":"2026-03-10T19:30:50","slug":"easystyle","status":"publish","type":"product","link":"https:\/\/schuhewiebarfuss.at\/shop\/produkt\/easystyle\/","title":{"rendered":"easyStyle"},"content":{"rendered":"<p>Das erfolgreiche Modell aus der Kinderkollektion wandert zu den Erwachsenen: und das auch zurecht, da wir bei \u201eeasySTYLE\u201c nur das Beste eingesetzt haben. Das hochwertige feine Nubukleder als Obermaterial wird mit den Eins\u00e4tzen in \u201eFischgr\u00e4t\u201c-Muster\u201c noch besser in Szene gesetzt, was dem Schuh das gewisse Etwas verleiht. Dazu gibt es eine neue rutschfeste, aber dennoch d\u00fcnne und flexible Sohle, die selbstverst\u00e4ndlich ein perfektes gesundes Barfu\u00dfgef\u00fchl verleiht.<\/p>\n<p><b>Audio-Beschreibung<\/b><br \/><audio controls src=\"https:\/\/schuhewiebarfuss.at\/shop\/wp-content\/uploads\/lk\/6076_audio.wav\"><br \/>\n                                            Ihr Browser unterst\u00fctzt diese Audio-Ausgabe leider nicht.<br \/>\n                                            <\/ audio ><\/p>\n","protected":false},"excerpt":{"rendered":"<p>Obermaterial: Nubukleder \/ Textil<br \/>\nInnenmaterial: Tencel<br \/>\nSohle: TPU<br \/>\nVerschlussart: Gummizug<\/p>\n","protected":false},"featured_media":476002,"comment_status":"open","ping_status":"closed","template":"","meta":[],"product_brand":[],"product_cat":[3121],"product_tag":[2026,1570,1429,1557,1362,1368,1373,1374,1375,1376,1377,2447,1450],"class_list":{"0":"post-476003","1":"product","2":"type-product","3":"status-publish","4":"has-post-thumbnail","6":"product_cat-sale","7":"product_tag-farbe-beige","8":"product_tag-farbe-gruen","9":"product_tag-farbe-hellgrau","10":"product_tag-farbe-hellgruen","11":"product_tag-groesse-36","12":"product_tag-groesse-37","13":"product_tag-groesse-38","14":"product_tag-groesse-39","15":"product_tag-groesse-40","16":"product_tag-groesse-41","17":"product_tag-groesse-42","18":"product_tag-marke-blifestyle","19":"product_tag-sale","21":"first","22":"instock","23":"sale","24":"taxable","25":"shipping-taxable","26":"purchasable","27":"product-type-variable"},"_links":{"self":[{"href":"https:\/\/schuhewiebarfuss.at\/shop\/wp-json\/wp\/v2\/product\/476003","targetHints":{"allow":["GET"]}}],"collection":[{"href":"https:\/\/schuhewiebarfuss.at\/shop\/wp-json\/wp\/v2\/product"}],"about":[{"href":"https:\/\/schuhewiebarfuss.at\/shop\/wp-json\/wp\/v2\/types\/product"}],"replies":[{"embeddable":true,"href":"https:\/\/schuhewiebarfuss.at\/shop\/wp-json\/wp\/v2\/comments?post=476003"}],"wp:featuredmedia":[{"embeddable":true,"href":"https:\/\/schuhewiebarfuss.at\/shop\/wp-json\/wp\/v2\/media\/476002"}],"wp:attachment":[{"href":"https:\/\/schuhewiebarfuss.at\/shop\/wp-json\/wp\/v2\/media?parent=476003"}],"wp:term":[{"taxonomy":"product_brand","embeddable":true,"href":"https:\/\/schuhewiebarfuss.at\/shop\/wp-json\/wp\/v2\/product_brand?post=476003"},{"taxonomy":"product_cat","embeddable":true,"href":"https:\/\/schuhewiebarfuss.at\/shop\/wp-json\/wp\/v2\/product_cat?post=476003"},{"taxonomy":"product_tag","embeddable":true,"href":"https:\/\/schuhewiebarfuss.at\/shop\/wp-json\/wp\/v2\/product_tag?post=476003"}],"curies":[{"name":"wp","href":"https:\/\/api.w.org\/{rel}","templated":true}]}}