{"id":475939,"date":"2024-04-09T17:33:58","date_gmt":"2024-04-09T15:33:58","guid":{"rendered":"https:\/\/schuhewiebarfuss.at\/shop\/produkt\/rhea-damen-schwarz\/"},"modified":"2026-03-01T19:39:41","modified_gmt":"2026-03-01T18:39:41","slug":"rhea-damen-schwarz","status":"publish","type":"product","link":"https:\/\/schuhewiebarfuss.at\/shop\/produkt\/rhea-damen-schwarz\/","title":{"rendered":"Rhea Damen Schwarz"},"content":{"rendered":"<p>Das Sole Runner Konzept wird bei der neuen Damensandale Rhea konsequent fortgef\u00fchrt.<br \/>\nBei diesem neuen Modell handelt es sich um eine Damensandale aus einem extrem handschuhweichen Oberleder, das Innenfutter ist aus weichem Schafleder, so dass sich diese Sandale angenehm an den Fu\u00df schmiegt.<\/p>\n<p>Der Kn\u00f6chelriemen und der Riemen \u00fcber dem Spann werden durch einen Verschluss geschlossen die sich an einem kleinen Gummizug befindet.<br \/>\nSo h\u00e4lt die Sandale sicher am Fu\u00df und dan des Gummizuges braucht der Verschluss nicht immer wieder bet\u00e4tigt werden.<\/p>\n<p>Im Bereich der Ferse findet sich ein kleiner Schaumstoff Pad, so dass man auf harten B\u00f6den oder wenn in den Fersengang zur\u00fcck gefallen wird, nicht gleich die Ferse schmerzt.<br \/>\nDer Profi benutzt die Ferse nur zur Stabilisierung des Schrittes und ben\u00f6tigt diesen Pad gar nicht.<\/p>\n<p>Zur Pflege dieses feinen Leders empfehlen wir handels\u00fcbliches Impr\u00e4gnierspray,<br \/>\nDa ein Fu\u00df im Schuh beim Gehen immer noch etwas nach vorn rutscht, bitte zu der gemessenen Fu\u00dfl\u00e4nge noch ca. 3-5 mm addieren.<\/p>\n<p>Obermaterial: feinstes Leder, wasserabweisend<br \/>\nInnenmaterial: Leder<br \/>\nVerschluss: Schlie\u00dfe<br \/>\nForm: normal (Weite F)<br \/>\nGr\u00f6\u00dfen: 36-42<br \/>\nGewicht:  Gr\u00f6sse 39 226g\/Paar<br \/>\nLaufsohle: ca. 3mm Gummi, Non Marking (nicht abf\u00e4rbend).<br \/>\nErlaubt einen m\u00f6glichst direkten Kontakt zum Boden. Fast wie Gehen auf der eigenen Fu\u00dfsohle.<\/p>\n<p><b>Audio-Beschreibung<\/b><br \/><audio controls src=\"https:\/\/schuhewiebarfuss.at\/shop\/wp-content\/uploads\/lk\/9497_audio.wav\"><br \/>\n                                            Ihr Browser unterst\u00fctzt diese Audio-Ausgabe leider nicht.<br \/>\n                                            <\/ audio ><\/p>\n","protected":false},"excerpt":{"rendered":"<p>Rhea, die neue Sommersandale f\u00fcr Frauen von Sole Runner. Feinstes Leder, super leicht und die Sandale sitzt am Fu\u00df wie eine zweite Haut.<\/p>\n<p>Obermaterial: feinstes Leder, wasserabweisend<br \/>\nInnenmaterial: Leder<br \/>\nVerschluss: Schlie\u00dfe<br \/>\nForm: normal (Weite F)<br \/>\nGr\u00f6\u00dfen: 36-42<br \/>\nGewicht:  Gr\u00f6sse 39 226g\/Paar<br \/>\nLaufsohle: ca. 3mm Gummi, Non Marking<\/p>\n","protected":false},"featured_media":513301,"comment_status":"open","ping_status":"closed","template":"","meta":[],"product_brand":[],"product_cat":[3121],"product_tag":[1362,1368,1373,1374,1375,1376,1377,2449,1450],"class_list":{"0":"post-475939","1":"product","2":"type-product","3":"status-publish","4":"has-post-thumbnail","6":"product_cat-sale","7":"product_tag-groesse-36","8":"product_tag-groesse-37","9":"product_tag-groesse-38","10":"product_tag-groesse-39","11":"product_tag-groesse-40","12":"product_tag-groesse-41","13":"product_tag-groesse-42","14":"product_tag-marke-sole-runner","15":"product_tag-sale","17":"first","18":"instock","19":"taxable","20":"shipping-taxable","21":"purchasable","22":"product-type-variable"},"_links":{"self":[{"href":"https:\/\/schuhewiebarfuss.at\/shop\/wp-json\/wp\/v2\/product\/475939","targetHints":{"allow":["GET"]}}],"collection":[{"href":"https:\/\/schuhewiebarfuss.at\/shop\/wp-json\/wp\/v2\/product"}],"about":[{"href":"https:\/\/schuhewiebarfuss.at\/shop\/wp-json\/wp\/v2\/types\/product"}],"replies":[{"embeddable":true,"href":"https:\/\/schuhewiebarfuss.at\/shop\/wp-json\/wp\/v2\/comments?post=475939"}],"wp:featuredmedia":[{"embeddable":true,"href":"https:\/\/schuhewiebarfuss.at\/shop\/wp-json\/wp\/v2\/media\/513301"}],"wp:attachment":[{"href":"https:\/\/schuhewiebarfuss.at\/shop\/wp-json\/wp\/v2\/media?parent=475939"}],"wp:term":[{"taxonomy":"product_brand","embeddable":true,"href":"https:\/\/schuhewiebarfuss.at\/shop\/wp-json\/wp\/v2\/product_brand?post=475939"},{"taxonomy":"product_cat","embeddable":true,"href":"https:\/\/schuhewiebarfuss.at\/shop\/wp-json\/wp\/v2\/product_cat?post=475939"},{"taxonomy":"product_tag","embeddable":true,"href":"https:\/\/schuhewiebarfuss.at\/shop\/wp-json\/wp\/v2\/product_tag?post=475939"}],"curies":[{"name":"wp","href":"https:\/\/api.w.org\/{rel}","templated":true}]}}