{"id":475798,"date":"2024-04-08T19:42:49","date_gmt":"2024-04-08T17:42:49","guid":{"rendered":"https:\/\/schuhewiebarfuss.at\/shop\/produkt\/vivid\/"},"modified":"2026-04-15T18:47:03","modified_gmt":"2026-04-15T16:47:03","slug":"vivid","status":"publish","type":"product","link":"https:\/\/schuhewiebarfuss.at\/shop\/produkt\/vivid\/","title":{"rendered":"Vivid"},"content":{"rendered":"<p>Der Vivid Barefoot Sneaker ist aus weichem, belastbarem Material hergestellt und wird damit zum idealen Begleiter, wenn Deine Kids die Welt entdecken! Die Sohle aus Gummi ist besonders flexibel und rutschfest. An der Ferse und den Zehen ist die Sohle etwas nach oben gezogen, wodurch der Kinderfu\u00df besonders gut gesch\u00fctzt wird. Die gro\u00dfe Zehenbox sorgt f\u00fcr viel Freiheit des Fu\u00dfes und macht es den Kids m\u00f6glich, ungehindert und stolperfrei durchs Leben zu spazieren. Fixiert wird der Schuh mit einem Klettverschluss, der den Kids ein Gef\u00fchl der Selbstst\u00e4ndigkeit verleiht, wenn sie die Schuhe selbst an- und ausziehen.<\/p>\n<p><b>Audio-Beschreibung<\/b><br \/><audio controls src=\"https:\/\/schuhewiebarfuss.at\/shop\/wp-content\/uploads\/lk\/6047_audio.wav\"><br \/>\n                                            Ihr Browser unterst\u00fctzt diese Audio-Ausgabe leider nicht.<br \/>\n                                            <\/ audio ><\/p>\n","protected":false},"excerpt":{"rendered":"<p>Obermaterial: 75 % Oxford Cloth, 25 % PU<br \/>\nAu\u00dfensohle: Rubber<br \/>\nInneneinlage aus weichem Memory-Schaum<br \/>\nd\u00fcnne profilierte Barefoot-Sohle f\u00fcr unbeschwerten und sicheren Gang<br \/>\npraktischer Klettverschluss<br \/>\ngepolsterte Fersenkappe<\/p>\n","protected":false},"featured_media":475797,"comment_status":"open","ping_status":"closed","template":"","meta":[],"product_brand":[],"product_cat":[3121],"product_tag":[1427,2308,1600,1408,1651,1394,1395,1396,1397,1398,1399,1400,1401,2461,1450],"class_list":{"0":"post-475798","1":"product","2":"type-product","3":"status-publish","4":"has-post-thumbnail","6":"product_cat-sale","7":"product_tag-farbe-gelb","8":"product_tag-farbe-rosa","9":"product_tag-farbe-rot","10":"product_tag-farbe-schwarz","11":"product_tag-farbe-weiss","12":"product_tag-groesse-25","13":"product_tag-groesse-26","14":"product_tag-groesse-27","15":"product_tag-groesse-28","16":"product_tag-groesse-29","17":"product_tag-groesse-30","18":"product_tag-groesse-31","19":"product_tag-groesse-32","20":"product_tag-marke-ballop","21":"product_tag-sale","23":"first","24":"instock","25":"taxable","26":"shipping-taxable","27":"purchasable","28":"product-type-variable"},"_links":{"self":[{"href":"https:\/\/schuhewiebarfuss.at\/shop\/wp-json\/wp\/v2\/product\/475798","targetHints":{"allow":["GET"]}}],"collection":[{"href":"https:\/\/schuhewiebarfuss.at\/shop\/wp-json\/wp\/v2\/product"}],"about":[{"href":"https:\/\/schuhewiebarfuss.at\/shop\/wp-json\/wp\/v2\/types\/product"}],"replies":[{"embeddable":true,"href":"https:\/\/schuhewiebarfuss.at\/shop\/wp-json\/wp\/v2\/comments?post=475798"}],"wp:featuredmedia":[{"embeddable":true,"href":"https:\/\/schuhewiebarfuss.at\/shop\/wp-json\/wp\/v2\/media\/475797"}],"wp:attachment":[{"href":"https:\/\/schuhewiebarfuss.at\/shop\/wp-json\/wp\/v2\/media?parent=475798"}],"wp:term":[{"taxonomy":"product_brand","embeddable":true,"href":"https:\/\/schuhewiebarfuss.at\/shop\/wp-json\/wp\/v2\/product_brand?post=475798"},{"taxonomy":"product_cat","embeddable":true,"href":"https:\/\/schuhewiebarfuss.at\/shop\/wp-json\/wp\/v2\/product_cat?post=475798"},{"taxonomy":"product_tag","embeddable":true,"href":"https:\/\/schuhewiebarfuss.at\/shop\/wp-json\/wp\/v2\/product_tag?post=475798"}],"curies":[{"name":"wp","href":"https:\/\/api.w.org\/{rel}","templated":true}]}}