{"id":475697,"date":"2024-04-08T19:10:11","date_gmt":"2024-04-08T17:10:11","guid":{"rendered":"https:\/\/schuhewiebarfuss.at\/shop\/produkt\/froddo-elastic-mesh\/"},"modified":"2026-04-10T21:29:11","modified_gmt":"2026-04-10T19:29:11","slug":"froddo-elastic-mesh","status":"publish","type":"product","link":"https:\/\/schuhewiebarfuss.at\/shop\/produkt\/froddo-elastic-mesh\/","title":{"rendered":"Froddo Elastic Mesh"},"content":{"rendered":"<p>Diese ELASTIC Froddo Barfu\u00df-Sneaker sind absolut perfekt! Ihre Kinder werden sich freuen, sie zum Gehen, Laufen, Springen oder Klettern zu tragen, sie werden sie nicht mehr ausziehen wollen!<\/p>\n<p>Dank der verwendeten Materialien aus Glatt- und geb\u00fcrstetes Leder kombiniert mit synthetischem Mesh am Obermaterial des Schuhs und feinem chromfreiem Leder am Innenfutter sind sie ultraleicht, luftig und bequem. Ihre Naturkautschuk-Au\u00dfensohle im minimalistischen Design ist 4 mm d\u00fcnn und hochflexibel. Dazu verf\u00fcgt dieser Schuh \u00fcber eine herausnehmbare, antibakterielle und chromfreie Leder-Innensohle. Zus\u00e4tzlich zum Klettverschluss machen Elastikb\u00e4ndern das Anziehen leicht und geben guten Halt. Ihre Naturkautschuk-Au\u00dfensohle, im minimalistischen Design, ist 4 mm d\u00fcnn und hochflexibel. <\/p>\n<p>Der breitere Zehenbereich dieser besonders flexiblen Schuhe sorgt f\u00fcr Stabilit\u00e4t des Fu\u00dfes beim Gehen, unterst\u00fctzt die nat\u00fcrliche und gesunde Entwicklung der Kinderf\u00fc\u00dfe und imitiert das Barfu\u00dflaufen. Der ergonomische Schnitt ist optimal f\u00fcr eine gesunde Fu\u00dfentwicklung. Die Sohle ist schon im Neuzustand sehr flexibel und wird durch die Bewegung noch weicher.<\/p>\n<p>Die Marke Froddo verf\u00fcgt \u00fcber mehr als 70 Jahre Erfahrung in der Herstellung von Schuhen in eigenen Produktionsst\u00e4tten in Kroatien. F\u00fcr die Produktion werden nat\u00fcrliche, zertifizierte Materialien europ\u00e4ischer Lieferanten (ohne Chrom VI) verwendet. <\/p>\n<p>F\u00fcr breitere F\u00fc\u00dfe und normalen Spann.<\/p>\n<p>Materialdetails:<\/p>\n<p>Obermaterial: Glattes und geb\u00fcrstetes Leder (wasserabeweisend) und synthetisches Textil (Mesh mit Membran)<br \/>\nInnenfutter: chromfrei gegerbtes Leder<br \/>\nSohle: Naturkautschuk (Gummi)<br \/>\nInnensohle: herausnehmbare und antibakterielle Innensohle aus Leder<br \/>\nAbsatz: Nullabsatz, keine H\u00f6hendifferenz zwischen Ferse und Vorderfu\u00df<br \/>\nVerschluss: Klettverschluss und Elastiksenkel<br \/>\nBesonderheiten: breite Zehenbox, f\u00fcr normaler bis breiter Fu\u00df, normaler Spann, leicht, flexibel, wasserabweisend<br \/>\nMaterialhinweis: Frei von sch\u00e4dlichen Materialien (gepr\u00fcft!)<br \/>\nHergestellt in Kroatien<\/p>\n<p>Schuhpflege: <\/p>\n<p>Mit einem feuchten Tuch oder einer weichen B\u00fcrste abwischen. F\u00fcr eine h\u00f6here Widerstandsf\u00e4higkeit gegen Schmutz und Feuchtigkeit empfehlen wir die regelm\u00e4\u00dfige Anwendung einer Impr\u00e4gnierung. Die Schuhe nicht in der N\u00e4he von W\u00e4rmequellen einweichen, waschen oder trocknen.<\/p>\n<p>Innensohle &#8211; L\u00e4nge\/Breite (mm):<\/p>\n<p>Gr\u00f6\u00dfe: 23 &#8211; L\u00e4nge: 143 mm &#8211; Breite: 61 mm<br \/>\nGr\u00f6\u00dfe: 24 &#8211; L\u00e4nge: 153 mm &#8211; Breite: 63 mm<br \/>\nGr\u00f6\u00dfe: 25 &#8211; L\u00e4nge: 159 mm &#8211; Breite: 65 mm<br \/>\nGr\u00f6\u00dfe: 26 &#8211; L\u00e4nge: 165 mm &#8211; Breite: 67 mm<br \/>\nGr\u00f6\u00dfe: 27 &#8211; L\u00e4nge: 173 mm &#8211; Breite: 69 mm<br \/>\nGr\u00f6\u00dfe: 28 &#8211; L\u00e4nge: 181 mm &#8211; Breite: 71 mm<br \/>\nGr\u00f6\u00dfe: 29 &#8211; L\u00e4nge: 189 mm &#8211; Breite: 73 mm<br \/>\nGr\u00f6\u00dfe: 30 &#8211; L\u00e4nge: 195 mm &#8211; Breite: 75 mm<br \/>\nGr\u00f6\u00dfe: 31 &#8211; L\u00e4nge: 202 mm &#8211; Breite: 77 mm<br \/>\nGr\u00f6\u00dfe: 32 &#8211; L\u00e4nge: 208 mm &#8211; Breite: 79 mm<br \/>\nGr\u00f6\u00dfe: 33 &#8211; L\u00e4nge: 214 mm &#8211; Breite: 81 mm<br \/>\nGr\u00f6\u00dfe: 34 &#8211; L\u00e4nge: 223 mm &#8211; Breite: 83 mm<br \/>\nGr\u00f6\u00dfe: 35 &#8211; L\u00e4nge: 229 mm &#8211; Breite: 85 mm<\/p>\n<p><b>Audio-Beschreibung<\/b><br \/><audio controls src=\"https:\/\/schuhewiebarfuss.at\/shop\/wp-content\/uploads\/lk\/6068_audio.wav\"><br \/>\n                                            Ihr Browser unterst\u00fctzt diese Audio-Ausgabe leider nicht.<br \/>\n                                            <\/ audio ><\/p>\n","protected":false},"excerpt":{"rendered":"<p>Froddo ELASTIC MESH Sneaker<\/p>\n<p>Obermaterial: Glattes und geb\u00fcrstetes Leder, Mesh mit Membran<br \/>\nInnenfutter: Leder<br \/>\nSohle: Naturkautschuk<br \/>\nInnensohle: Leder, herausnehmbar<br \/>\nAbsatz: Nullabsatz<br \/>\nVerschluss: Klettverschluss und Elastiksenkel<br \/>\nBesonderheiten: breite Zehenbox, normaler\/breiter Fu\u00df, normaler Spann, wasserabweisend<br \/>\nMaterialhinweis: frei von Schadstoffen<br \/>\nHergestellt in Kroatien<\/p>\n","protected":false},"featured_media":580407,"comment_status":"open","ping_status":"closed","template":"","meta":[],"product_brand":[],"product_cat":[3121],"product_tag":[1479,1426,1371,1570,2563,1481,1385,1390,1391,1392,1393,1394,1395,1396,1397,1398,1399,1400,1401,1402,1403,1404,2450,1450],"class_list":{"0":"post-475697","1":"product","2":"type-product","3":"status-publish","4":"has-post-thumbnail","6":"product_cat-sale","7":"product_tag-farbe-blau","8":"product_tag-farbe-dunkelblau","9":"product_tag-farbe-grau","10":"product_tag-farbe-gruen","11":"product_tag-farbe-hellblau","12":"product_tag-farbe-pink","13":"product_tag-groesse-20","14":"product_tag-groesse-21","15":"product_tag-groesse-22","16":"product_tag-groesse-23","17":"product_tag-groesse-24","18":"product_tag-groesse-25","19":"product_tag-groesse-26","20":"product_tag-groesse-27","21":"product_tag-groesse-28","22":"product_tag-groesse-29","23":"product_tag-groesse-30","24":"product_tag-groesse-31","25":"product_tag-groesse-32","26":"product_tag-groesse-33","27":"product_tag-groesse-34","28":"product_tag-groesse-35","29":"product_tag-marke-froddo-ivancia-d-d","30":"product_tag-sale","32":"first","33":"instock","34":"sale","35":"taxable","36":"shipping-taxable","37":"purchasable","38":"product-type-variable"},"_links":{"self":[{"href":"https:\/\/schuhewiebarfuss.at\/shop\/wp-json\/wp\/v2\/product\/475697","targetHints":{"allow":["GET"]}}],"collection":[{"href":"https:\/\/schuhewiebarfuss.at\/shop\/wp-json\/wp\/v2\/product"}],"about":[{"href":"https:\/\/schuhewiebarfuss.at\/shop\/wp-json\/wp\/v2\/types\/product"}],"replies":[{"embeddable":true,"href":"https:\/\/schuhewiebarfuss.at\/shop\/wp-json\/wp\/v2\/comments?post=475697"}],"wp:featuredmedia":[{"embeddable":true,"href":"https:\/\/schuhewiebarfuss.at\/shop\/wp-json\/wp\/v2\/media\/580407"}],"wp:attachment":[{"href":"https:\/\/schuhewiebarfuss.at\/shop\/wp-json\/wp\/v2\/media?parent=475697"}],"wp:term":[{"taxonomy":"product_brand","embeddable":true,"href":"https:\/\/schuhewiebarfuss.at\/shop\/wp-json\/wp\/v2\/product_brand?post=475697"},{"taxonomy":"product_cat","embeddable":true,"href":"https:\/\/schuhewiebarfuss.at\/shop\/wp-json\/wp\/v2\/product_cat?post=475697"},{"taxonomy":"product_tag","embeddable":true,"href":"https:\/\/schuhewiebarfuss.at\/shop\/wp-json\/wp\/v2\/product_tag?post=475697"}],"curies":[{"name":"wp","href":"https:\/\/api.w.org\/{rel}","templated":true}]}}