{"id":475490,"date":"2024-04-08T18:55:50","date_gmt":"2024-04-08T16:55:50","guid":{"rendered":"https:\/\/schuhewiebarfuss.at\/shop\/produkt\/seastar\/"},"modified":"2026-04-16T23:26:51","modified_gmt":"2026-04-16T21:26:51","slug":"seastar","status":"publish","type":"product","link":"https:\/\/schuhewiebarfuss.at\/shop\/produkt\/seastar\/","title":{"rendered":"SeaStar"},"content":{"rendered":"<p>Luftige Sandalen vegan, perfekt zum rennen, klettern, planschen und spielen mit der einzigartigen und sehr flexiblen Filii Barfu\u00df-Sohle.<\/p>\n<p>Hier kommt der Lieblingsschuh eurer Kids f\u00fcr den Sommer. Sie d\u00fcrfen gerne mal nass werden (bitte nach dem Tragen in Chlor- und Salzwasser mit klarem Wasser absp\u00fclen), bieten Schutz f\u00fcr die Zehen und sind dabei herrlich leicht und luftig.<\/p>\n<p>Die helle ecru-Farbe des Schuhs macht ihn einerseits elegant und gut kombinierbar zu Jeans, R\u00f6cken, Shorts oder Kleidern!<\/p>\n<p>Die Minimalsohle unterst\u00fctzt den Muskelaufbau und f\u00f6rdert den Gleichgewichtssinn, mit gleichzeitig griffigem Profil f\u00fcr Trittsicherheit auf jedem Untergrund. Ein leicht hochgezogener Zehenbereich bietet zus\u00e4tzlichen Schutz und Bewegungsfreiheit f\u00fcr die Zehen. Die 3,5mm d\u00fcnne Filii-Barefoot-Kautschuksohle, bereits nagelneu sehr gut biegsam und nach kurzem Eintragen richtig weich, ist auch f\u00fcr Allergiker geeignet, da sie kein Latex beinhaltet. Das Obermaterial ist aus Mikrofaser ist leicht wasser- und schmutzabweisend.<\/p>\n<p>Dank des elastischen Toggle \u2013 Verschluss \u2013 Systems sind die Sandalen ratz fatz angezogen und sitzen sicher ohne einzuengen.<\/p>\n<p><b>Audio-Beschreibung<\/b><br \/><audio controls src=\"https:\/\/schuhewiebarfuss.at\/shop\/wp-content\/uploads\/lk\/6054_audio.wav\"><br \/>\n                                            Ihr Browser unterst\u00fctzt diese Audio-Ausgabe leider nicht.<br \/>\n                                            <\/ audio ><\/p>\n","protected":false},"excerpt":{"rendered":"<p>VEGAN<br \/>\nVerschluss: Gummischuhband mit Zipper<br \/>\nObermaterial Mikrofaser<br \/>\nF\u00fctterung Mikrofaser \u201eOn Steam\u201c kann ein vielfaches des eigenen Gewichts an Feuchtigkeit aufnehmen f\u00fcr angenehmen Tragekomfort<br \/>\nMinimalsohle Naturkautschuk (Gummi) \u2013 Latexfrei!<\/p>\n","protected":false},"featured_media":475489,"comment_status":"open","ping_status":"closed","template":"","meta":[],"product_brand":[],"product_cat":[3121],"product_tag":[1479,3079,1600,1483,1385,1390,1391,1392,1393,1394,1395,1396,1397,1398,1399,1400,1401,1402,1403,1404,2463,1450],"class_list":{"0":"post-475490","1":"product","2":"type-product","3":"status-publish","4":"has-post-thumbnail","6":"product_cat-sale","7":"product_tag-farbe-blau","8":"product_tag-farbe-ecru","9":"product_tag-farbe-rot","10":"product_tag-groesse-19","11":"product_tag-groesse-20","12":"product_tag-groesse-21","13":"product_tag-groesse-22","14":"product_tag-groesse-23","15":"product_tag-groesse-24","16":"product_tag-groesse-25","17":"product_tag-groesse-26","18":"product_tag-groesse-27","19":"product_tag-groesse-28","20":"product_tag-groesse-29","21":"product_tag-groesse-30","22":"product_tag-groesse-31","23":"product_tag-groesse-32","24":"product_tag-groesse-33","25":"product_tag-groesse-34","26":"product_tag-groesse-35","27":"product_tag-marke-filii","28":"product_tag-sale","30":"first","31":"instock","32":"taxable","33":"shipping-taxable","34":"purchasable","35":"product-type-variable"},"_links":{"self":[{"href":"https:\/\/schuhewiebarfuss.at\/shop\/wp-json\/wp\/v2\/product\/475490","targetHints":{"allow":["GET"]}}],"collection":[{"href":"https:\/\/schuhewiebarfuss.at\/shop\/wp-json\/wp\/v2\/product"}],"about":[{"href":"https:\/\/schuhewiebarfuss.at\/shop\/wp-json\/wp\/v2\/types\/product"}],"replies":[{"embeddable":true,"href":"https:\/\/schuhewiebarfuss.at\/shop\/wp-json\/wp\/v2\/comments?post=475490"}],"wp:featuredmedia":[{"embeddable":true,"href":"https:\/\/schuhewiebarfuss.at\/shop\/wp-json\/wp\/v2\/media\/475489"}],"wp:attachment":[{"href":"https:\/\/schuhewiebarfuss.at\/shop\/wp-json\/wp\/v2\/media?parent=475490"}],"wp:term":[{"taxonomy":"product_brand","embeddable":true,"href":"https:\/\/schuhewiebarfuss.at\/shop\/wp-json\/wp\/v2\/product_brand?post=475490"},{"taxonomy":"product_cat","embeddable":true,"href":"https:\/\/schuhewiebarfuss.at\/shop\/wp-json\/wp\/v2\/product_cat?post=475490"},{"taxonomy":"product_tag","embeddable":true,"href":"https:\/\/schuhewiebarfuss.at\/shop\/wp-json\/wp\/v2\/product_tag?post=475490"}],"curies":[{"name":"wp","href":"https:\/\/api.w.org\/{rel}","templated":true}]}}