{"id":475362,"date":"2024-04-08T18:36:52","date_gmt":"2024-04-08T16:36:52","guid":{"rendered":"https:\/\/schuhewiebarfuss.at\/shop\/produkt\/ibex-dunkelbraun\/"},"modified":"2026-03-16T18:26:25","modified_gmt":"2026-03-16T17:26:25","slug":"ibex-dunkelbraun","status":"publish","type":"product","link":"https:\/\/schuhewiebarfuss.at\/shop\/produkt\/ibex-dunkelbraun\/","title":{"rendered":"Ibex Dunkelbraun"},"content":{"rendered":"<p>Der Ibex ist ein wetterfester Ganzjahres-Lederstiefel, der sich sowohl f\u00fcr anspruchsvollere Wanderungen, einschlie\u00dflich schwieriger Pfade, als auch f\u00fcr den Freizeitgebrauch eignet. Ibex ist 12 mm h\u00f6her am Bein als Mudee und hat unsere neue HillGrip-Au\u00dfensohle mit einem tieferen Profil f\u00fcr Grip im Schlamm und auf steilerem Gel\u00e4nde.<\/p>\n<p>Der Ibex besteht aus unserem hochwertigen Vollnarbenleder. Die H\u00f6he des Stiefels ist 12 mm gr\u00f6\u00dfer als beim Mudee. Die Au\u00dfensohle ist griffiger als die des Mudee, um auch auf steileren und schwierigeren Trails eine gute Leistung zu erbringen, und eignet sich auch hervorragend f\u00fcr einfache Trails.<\/p>\n<p><b>Audio-Beschreibung<\/b><br \/><audio controls src=\"https:\/\/schuhewiebarfuss.at\/shop\/wp-content\/uploads\/lk\/5229_audio.wav\"><br \/>\n                                            Ihr Browser unterst\u00fctzt diese Audio-Ausgabe leider nicht.<br \/>\n                                            <\/ audio ><\/p>\n","protected":false},"excerpt":{"rendered":"<p>-Alle unsere Schuhe sind voll flexibel, haben eine ger\u00e4umige Zehenbox und sind Zero Drop (gleiche H\u00f6he an Vorder- und Ferse), um eine nat\u00fcrliche Bewegung zu erm\u00f6glichen<br \/>\n-Atmungsaktives, strapazierf\u00e4higes, wasserabweisendes Obermaterial aus unserem hochwertigen Vollnarben-Spaltleder. Diese handverlesenen H\u00e4ute sind f\u00fcr ihre Leistung und Duarability f\u00fcr Performance-Wanderschuhe ausgew\u00e4hlt. Dieses Leder muss vor dem Gebrauch und regelm\u00e4\u00dfig, z. B. jede Woche, mit einem hochwertigen Pflege- und Impr\u00e4gniermittel (z. B. NikWax) behandelt werden.<br \/>\n-Wasserabweisendes und atmungsaktives Futter<br \/>\n-Das Freet 5in1 asymetrischer Vorderfu\u00df-Design f\u00fcr eine nat\u00fcrliche Fu\u00dfform, die es den Zehen erlaubt, sich nat\u00fcrlich auszubreiten<br \/>\n-Die herausnehmbare 2,5 mm Flexile-Einlegesohle ConnectComfort unterst\u00fctzt die Sto\u00dfd\u00e4mpfung und sorgt f\u00fcr eine hervorragende Bodenhaftung. Es gibt eine 5\/6mm OrthoLite Einlegesohle und RockPlate zu kaufen, wenn Sie mehr Sto\u00dfd\u00e4mpfung und\/oder weiteren Schutz vor scharfen Felsen w\u00fcnschen.<br \/>\n-Konventionelle Schn\u00fcrsenkel<br \/>\n-Die HillGrip Performance-Au\u00dfensohle ist ideal f\u00fcr den Trail, egal ob es sich um leichtes Gel\u00e4nde oder steilere, nasse und schwierige Trails handelt. Wenn sie nur auf Asphalt\/Beton getragen wird, kann diese Au\u00dfensohle schneller verschlei\u00dfen als unsere MultiGrip, bietet aber mehr Grip auf dem Trail als MultiGrip<br \/>\n-Braun<\/p>\n","protected":false},"featured_media":475361,"comment_status":"open","ping_status":"closed","template":"","meta":[],"product_brand":[],"product_cat":[854],"product_tag":[1368,1373,1374,1375,1376,1377,1378,1379,1380,1381,1449,1452,2444,1360],"class_list":{"0":"post-475362","1":"product","2":"type-product","3":"status-publish","4":"has-post-thumbnail","6":"product_cat-wanderschuhe-3","7":"product_tag-groesse-37","8":"product_tag-groesse-38","9":"product_tag-groesse-39","10":"product_tag-groesse-40","11":"product_tag-groesse-41","12":"product_tag-groesse-42","13":"product_tag-groesse-43","14":"product_tag-groesse-44","15":"product_tag-groesse-45","16":"product_tag-groesse-46","17":"product_tag-groesse-47","18":"product_tag-groesse-48","19":"product_tag-marke-freet","20":"product_tag-standard","22":"first","23":"instock","24":"taxable","25":"shipping-taxable","26":"purchasable","27":"product-type-variable"},"_links":{"self":[{"href":"https:\/\/schuhewiebarfuss.at\/shop\/wp-json\/wp\/v2\/product\/475362","targetHints":{"allow":["GET"]}}],"collection":[{"href":"https:\/\/schuhewiebarfuss.at\/shop\/wp-json\/wp\/v2\/product"}],"about":[{"href":"https:\/\/schuhewiebarfuss.at\/shop\/wp-json\/wp\/v2\/types\/product"}],"replies":[{"embeddable":true,"href":"https:\/\/schuhewiebarfuss.at\/shop\/wp-json\/wp\/v2\/comments?post=475362"}],"wp:featuredmedia":[{"embeddable":true,"href":"https:\/\/schuhewiebarfuss.at\/shop\/wp-json\/wp\/v2\/media\/475361"}],"wp:attachment":[{"href":"https:\/\/schuhewiebarfuss.at\/shop\/wp-json\/wp\/v2\/media?parent=475362"}],"wp:term":[{"taxonomy":"product_brand","embeddable":true,"href":"https:\/\/schuhewiebarfuss.at\/shop\/wp-json\/wp\/v2\/product_brand?post=475362"},{"taxonomy":"product_cat","embeddable":true,"href":"https:\/\/schuhewiebarfuss.at\/shop\/wp-json\/wp\/v2\/product_cat?post=475362"},{"taxonomy":"product_tag","embeddable":true,"href":"https:\/\/schuhewiebarfuss.at\/shop\/wp-json\/wp\/v2\/product_tag?post=475362"}],"curies":[{"name":"wp","href":"https:\/\/api.w.org\/{rel}","templated":true}]}}